{"id":15889,"date":"2025-05-15T06:22:54","date_gmt":"2025-05-15T06:22:54","guid":{"rendered":"https:\/\/smkbio.com\/?page_id=15889"},"modified":"2025-05-15T06:22:54","modified_gmt":"2025-05-15T06:22:54","slug":"transportation-policy","status":"publish","type":"page","link":"https:\/\/smkbio.com\/fr\/transportation-policy\/","title":{"rendered":"Politique des transports"},"content":{"rendered":"<p>Politique des transports<\/p>\n\n\n\n<p>Bienvenue dans les magasins ! Pour que vous puissiez recevoir vos marchandises rapidement et en toute s\u00e9curit\u00e9, nous avons formul\u00e9 les politiques de livraison suivantes :<\/p>\n\n\n\n<p>D\u00e9lai de traitement<br>D\u00e9lai de traitement des commandes : Toutes les commandes seront trait\u00e9es et exp\u00e9di\u00e9es dans un d\u00e9lai de 3 \u00e0 30 jours ouvrables (en cas de rupture de stock, il y aura un certain cycle de production). Veuillez noter que les d\u00e9lais de traitement peuvent \u00eatre retard\u00e9s les week-ends et les jours f\u00e9ri\u00e9s.<br>Confirmation de la commande : Vous recevrez un courriel de confirmation contenant les informations de suivi apr\u00e8s le traitement de la commande.<\/p>\n\n\n\n<p>D\u00e9lai de livraison<br>Livraison nationale : Nous fournissons des services de livraison \u00e0 l'\u00e9chelle nationale afin de garantir que vous receviez les produits souhait\u00e9s o\u00f9 que vous soyez.<br>Livraison internationale : Nous proposons \u00e9galement des services de livraison internationale. Les co\u00fbts et d\u00e9lais sp\u00e9cifiques peuvent varier en fonction du pays de destination.<\/p>\n\n\n\n<p>Mode et d\u00e9lai de livraison<br>Livraison standard : La livraison est pr\u00e9vue dans un d\u00e9lai de 3 \u00e0 60 jours ouvrables (il peut y avoir un certain cycle de production en cas de rupture de stock), et le co\u00fbt est calcul\u00e9 en fonction du montant de la commande et de l'adresse de livraison.<br>Livraison urgente : Si vous souhaitez acc\u00e9l\u00e9rer la livraison, vous pouvez choisir le service acc\u00e9l\u00e9r\u00e9, qui devrait \u00eatre livr\u00e9 dans un d\u00e9lai de 1 \u00e0 3 jours ouvrables. La livraison urgente entra\u00eene des frais suppl\u00e9mentaires, qui seront affich\u00e9s au moment du paiement.<br>Livraison gratuite : Pour les commandes \u00e9ligibles (g\u00e9n\u00e9ralement celles qui atteignent un certain montant), nous offrons des services de livraison standard gratuits.<\/p>\n\n\n\n<p>Frais de livraison<br>Les frais de livraison seront calcul\u00e9s automatiquement en fonction du montant total de votre commande et de l'adresse de livraison, et seront affich\u00e9s au moment du paiement.<br>Pour les commandes internationales, il peut y avoir des droits de douane et des taxes \u00e0 l'importation, qui sont \u00e0 la charge du destinataire.<\/p>\n\n\n\n<p>Suivi des commandes<br>Une fois votre commande exp\u00e9di\u00e9e, vous recevrez un courriel de confirmation contenant un num\u00e9ro de suivi. Vous pouvez utiliser ce num\u00e9ro pour suivre l'\u00e9tat de votre commande sur notre site web ou sur le site web du prestataire de services de livraison.<\/p>\n\n\n\n<p>Probl\u00e8mes de livraison<br>Retard ou perte : Si votre commande n'arrive pas dans les d\u00e9lais pr\u00e9vus, veuillez nous contacter d\u00e8s que possible. Nous vous aiderons \u00e0 contacter l'entreprise de livraison afin de r\u00e9soudre le probl\u00e8me.<br>Erreur d'adresse :<\/p>\n\n\n\n<p>Annulation et modification de la commande<br>Si vous avez besoin de modifier ou d'annuler votre commande, veuillez nous contacter d\u00e8s que possible avant que la commande ne soit exp\u00e9di\u00e9e. Une fois la commande exp\u00e9di\u00e9e, nous ne pouvons ni l'annuler ni la modifier, mais vous pouvez la renvoyer conform\u00e9ment \u00e0 notre politique de retour.<br>Nous nous engageons \u00e0 vous offrir la meilleure exp\u00e9rience d'achat possible. Si vous avez des questions ou si vous avez besoin d'aide, n'h\u00e9sitez pas \u00e0 contacter notre service client\u00e8le \u00e0 tout moment. Nous vous remercions de votre confiance et de votre soutien !<\/p>","protected":false},"excerpt":{"rendered":"<p>Politique de transport Bienvenue dans nos magasins ! Pour que vous puissiez recevoir vos marchandises rapidement et en toute s\u00e9curit\u00e9, nous avons formul\u00e9 la politique de transport suivante<\/p>","protected":false},"author":1,"featured_media":0,"parent":0,"menu_order":0,"comment_status":"closed","ping_status":"closed","template":"","meta":{"footnotes":""},"class_list":["post-15889","page","type-page","status-publish","hentry"],"_links":{"self":[{"href":"https:\/\/smkbio.com\/fr\/wp-json\/wp\/v2\/pages\/15889","targetHints":{"allow":["GET"]}}],"collection":[{"href":"https:\/\/smkbio.com\/fr\/wp-json\/wp\/v2\/pages"}],"about":[{"href":"https:\/\/smkbio.com\/fr\/wp-json\/wp\/v2\/types\/page"}],"author":[{"embeddable":true,"href":"https:\/\/smkbio.com\/fr\/wp-json\/wp\/v2\/users\/1"}],"replies":[{"embeddable":true,"href":"https:\/\/smkbio.com\/fr\/wp-json\/wp\/v2\/comments?post=15889"}],"version-history":[{"count":1,"href":"https:\/\/smkbio.com\/fr\/wp-json\/wp\/v2\/pages\/15889\/revisions"}],"predecessor-version":[{"id":15899,"href":"https:\/\/smkbio.com\/fr\/wp-json\/wp\/v2\/pages\/15889\/revisions\/15899"}],"wp:attachment":[{"href":"https:\/\/smkbio.com\/fr\/wp-json\/wp\/v2\/media?parent=15889"}],"curies":[{"name":"wp","href":"https:\/\/api.w.org\/{rel}","templated":true}]}}