{"id":15890,"date":"2025-05-15T06:22:54","date_gmt":"2025-05-15T06:22:54","guid":{"rendered":"https:\/\/smkbio.com\/?page_id=15890"},"modified":"2025-05-15T06:22:54","modified_gmt":"2025-05-15T06:22:54","slug":"return-and-refund-policy","status":"publish","type":"page","link":"https:\/\/smkbio.com\/fr\/return-and-refund-policy\/","title":{"rendered":"Politique de retour et de remboursement"},"content":{"rendered":"<p>Politique de retour et de remboursement<br>Nous vous remercions d'avoir fait vos achats dans notre magasin. Afin de garantir votre satisfaction \u00e0 l'\u00e9gard des produits achet\u00e9s, nous avons formul\u00e9 les politiques de retour et de remboursement suivantes. Si vous n'\u00eates pas satisfait du produit re\u00e7u, veuillez vous r\u00e9f\u00e9rer aux r\u00e8gles suivantes pour le retour ou la demande de remboursement.<\/p>\n\n\n\n<ol class=\"wp-block-list\">\n<li>Conditions de retour<br>Le produit doit \u00eatre retourn\u00e9 dans les 30 jours suivant sa r\u00e9ception.<br>Le produit doit \u00eatre neuf, ne pas avoir \u00e9t\u00e9 utilis\u00e9 et inclure tous les emballages, \u00e9tiquettes et accessoires d'origine.<br>Les retours ne sont pas accept\u00e9s dans les cas suivants :<br>Les biens qui ont \u00e9t\u00e9 utilis\u00e9s, endommag\u00e9s ou dont l'emballage d'origine est manquant.<br>Produits personnalis\u00e9s ou produits dans le cadre d'activit\u00e9s promotionnelles sp\u00e9cifiques (sauf indication contraire).<\/li>\n\n\n\n<li>Proc\u00e9dure de retour<br>Contacter le service client\u00e8le : Avant de retourner l'article, veuillez nous contacter par courrier \u00e9lectronique ou par t\u00e9l\u00e9phone, en indiquant le num\u00e9ro de commande et le motif du retour. Nous vous fournirons une adresse de retour et des conseils suppl\u00e9mentaires.<br>Pr\u00e9paration du retour : Veillez \u00e0 ce que le produit soit r\u00e9emball\u00e9 en toute s\u00e9curit\u00e9 et joignez l'original de la confirmation de commande ou de la preuve d'achat.<br>Frais de retour : Si le produit est retourn\u00e9 en raison de probl\u00e8mes de qualit\u00e9 ou d'erreurs d'exp\u00e9dition, nous prenons en charge les frais de retour. Si le retour est d\u00fb \u00e0 des raisons personnelles (telles qu'une insatisfaction ou un changement d'avis), les frais de retour sont \u00e0 la charge du client.<\/li>\n\n\n\n<li>Politique de remboursement<br>Une fois que nous aurons re\u00e7u et inspect\u00e9 votre article retourn\u00e9, vous recevrez un e-mail de confirmation vous informant si vous remplissez les crit\u00e8res de remboursement.<br>D\u00e9lai de remboursement : Si les conditions sont remplies, le remboursement sera effectu\u00e9 selon le mode de paiement original dans un d\u00e9lai de 5 \u00e0 10 jours ouvrables. L'heure d'arriv\u00e9e sp\u00e9cifique peut varier en fonction de la m\u00e9thode de paiement ou de la banque.<br>D\u00e9duction du remboursement : Si le produit ne remplit pas les conditions de retour (dommages ou perte partielle), nous avons le droit de d\u00e9duire les frais correspondants ou de refuser le remboursement.<\/li>\n\n\n\n<li>Politique d'\u00e9change<br>Si le produit re\u00e7u est d\u00e9fectueux ou incorrect, vous pouvez le retourner ou l'\u00e9changer. Veuillez contacter notre service client\u00e8le, indiquer le num\u00e9ro de commande et la description du probl\u00e8me, et nous organiserons un remplacement dans les plus brefs d\u00e9lais.<br>Si l'article \u00e0 remplacer est en rupture de stock, nous vous rembourserons ou vous recommanderons un autre produit pour le remplacer.<\/li>\n\n\n\n<li>Commandes non re\u00e7ues<br>Si vous ne recevez pas les marchandises dans le d\u00e9lai de livraison pr\u00e9vu, veuillez nous contacter d\u00e8s que possible. Nous collaborerons avec les fournisseurs de services de livraison pour vous aider \u00e0 r\u00e9soudre le probl\u00e8me. Pour les commandes perdues confirm\u00e9es, nous fournirons un remboursement complet ou un service de r\u00e9exp\u00e9dition.<\/li>\n\n\n\n<li>Circonstances exceptionnelles<br>Pour certains produits personnalis\u00e9s, articles \u00e0 prix r\u00e9duit ou produits faisant l'objet de promotions limit\u00e9es dans le temps, il peut y avoir des conditions sp\u00e9ciales de retour ou de remboursement. Pour plus de d\u00e9tails, veuillez consulter les instructions figurant sur la page du produit ou contacter notre service client\u00e8le.<\/li>\n<\/ol>","protected":false},"excerpt":{"rendered":"<p>Politique de retour et de remboursementNous vous remercions d'avoir fait vos achats dans notre magasin. Pour assurer votre satisfaction avec les produits achet\u00e9s, nous avons<\/p>","protected":false},"author":1,"featured_media":0,"parent":0,"menu_order":0,"comment_status":"closed","ping_status":"closed","template":"","meta":{"footnotes":""},"class_list":["post-15890","page","type-page","status-publish","hentry"],"_links":{"self":[{"href":"https:\/\/smkbio.com\/fr\/wp-json\/wp\/v2\/pages\/15890","targetHints":{"allow":["GET"]}}],"collection":[{"href":"https:\/\/smkbio.com\/fr\/wp-json\/wp\/v2\/pages"}],"about":[{"href":"https:\/\/smkbio.com\/fr\/wp-json\/wp\/v2\/types\/page"}],"author":[{"embeddable":true,"href":"https:\/\/smkbio.com\/fr\/wp-json\/wp\/v2\/users\/1"}],"replies":[{"embeddable":true,"href":"https:\/\/smkbio.com\/fr\/wp-json\/wp\/v2\/comments?post=15890"}],"version-history":[{"count":1,"href":"https:\/\/smkbio.com\/fr\/wp-json\/wp\/v2\/pages\/15890\/revisions"}],"predecessor-version":[{"id":15900,"href":"https:\/\/smkbio.com\/fr\/wp-json\/wp\/v2\/pages\/15890\/revisions\/15900"}],"wp:attachment":[{"href":"https:\/\/smkbio.com\/fr\/wp-json\/wp\/v2\/media?parent=15890"}],"curies":[{"name":"wp","href":"https:\/\/api.w.org\/{rel}","templated":true}]}}