{"id":15891,"date":"2025-05-15T06:22:54","date_gmt":"2025-05-15T06:22:54","guid":{"rendered":"https:\/\/smkbio.com\/?page_id=15891"},"modified":"2025-05-15T06:22:54","modified_gmt":"2025-05-15T06:22:54","slug":"privacy-policy","status":"publish","type":"page","link":"https:\/\/smkbio.com\/fr\/privacy-policy\/","title":{"rendered":"Politique de confidentialit\u00e9"},"content":{"rendered":"<p>Politique de confidentialit\u00e9<br>I. Introduction<br>La pr\u00e9sente politique de confidentialit\u00e9 vise \u00e0 vous expliquer comment nous recueillons, utilisons, divulguons, prot\u00e9geons et g\u00e9rons vos informations personnelles lorsque vous interagissez avec notre usine de pi\u00e8ces d\u00e9tach\u00e9es, y compris, mais sans s'y limiter, dans le cadre d'activit\u00e9s telles que la visite de notre site web, l'utilisation de nos services personnalis\u00e9s et la communication avec notre service \u00e0 la client\u00e8le. Nous sommes pleinement conscients de l'importance de la protection de vos informations personnelles et nous nous engageons \u00e0 prot\u00e9ger votre vie priv\u00e9e. Nous nous conformerons strictement aux lois et r\u00e9glementations applicables en mati\u00e8re de protection de la vie priv\u00e9e afin de garantir que vos informations personnelles sont correctement prot\u00e9g\u00e9es.<\/p>\n\n\n\n<p>II. Collecte d'informations<br>Informations personnelles : Lorsque vous passez une commande de pi\u00e8ces personnalis\u00e9es, nous pouvons recueillir votre nom, vos coordonn\u00e9es (num\u00e9ro de t\u00e9l\u00e9phone, adresse \u00e9lectronique), votre adresse de livraison, ainsi que vos exigences et pr\u00e9f\u00e9rences sp\u00e9cifiques concernant les pi\u00e8ces personnalis\u00e9es. Cela nous permet de traiter votre commande, de communiquer avec vous sur l'\u00e9tat d'avancement de la commande, de fournir des services apr\u00e8s-vente et de veiller \u00e0 ce que les pi\u00e8ces personnalis\u00e9es vous soient livr\u00e9es avec pr\u00e9cision.<br>Informations non personnelles : Nous pouvons \u00e9galement collecter certaines informations non personnelles identifiables, telles que le type d'appareil, le type de navigateur, le syst\u00e8me d'exploitation, l'adresse IP, ainsi que votre comportement de navigation et vos habitudes d'utilisation de notre site web. Ces informations nous aident \u00e0 optimiser les performances du site web, \u00e0 am\u00e9liorer l'exp\u00e9rience des utilisateurs et \u00e0 r\u00e9aliser des analyses de march\u00e9 et des statistiques, mais elles ne seront pas directement associ\u00e9es \u00e0 votre identit\u00e9 personnelle.<\/p>\n\n\n\n<p>III. Utilisation de l'information<br>Traitement et ex\u00e9cution des commandes : Nous utilisons les informations personnelles que vous nous fournissez pour traiter et ex\u00e9cuter vos commandes de pi\u00e8ces personnalis\u00e9es, y compris, mais sans s'y limiter, pour organiser la production, l'approvisionnement en mati\u00e8res premi\u00e8res, le contr\u00f4le de la qualit\u00e9 et l'organisation des exp\u00e9ditions, afin de garantir que les pi\u00e8ces personnalis\u00e9es que vous avez command\u00e9es vous sont livr\u00e9es dans les d\u00e9lais et avec une bonne qualit\u00e9.<br>Communication et service \u00e0 la client\u00e8le : Nous pouvons utiliser vos coordonn\u00e9es pour communiquer avec vous sur l'\u00e9tat de votre commande, r\u00e9pondre \u00e0 vos questions, r\u00e9soudre les probl\u00e8mes que vous rencontrez au cours du processus de personnalisation et vous fournir des informations pertinentes sur nos produits et services, telles que des recommandations de nouveaux produits et des activit\u00e9s promotionnelles. Nous nous efforcerons de veiller \u00e0 ce que le contenu de ces communications soit adapt\u00e9 \u00e0 vos besoins de personnalisation ou \u00e0 vos interactions ant\u00e9rieures et ne vous d\u00e9range pas inutilement.<br>Exp\u00e9rience personnalis\u00e9e : Sur la base des exigences de personnalisation et des pr\u00e9f\u00e9rences que vous nous fournissez, nous pouvons vous proposer des suggestions personnalis\u00e9es pour des solutions de pi\u00e8ces sur mesure et optimiser le contenu et l'affichage de notre site web pour mieux r\u00e9pondre \u00e0 vos besoins personnalis\u00e9s et am\u00e9liorer votre exp\u00e9rience avec notre usine de fabrication de pi\u00e8ces sur mesure.<br>Analyse et am\u00e9lioration des donn\u00e9es : Nous analysons les informations non personnelles et les informations personnelles agr\u00e9g\u00e9es que nous recueillons pour comprendre les besoins des clients et les mod\u00e8les de comportement, \u00e9valuer l'efficacit\u00e9 de nos services, identifier les probl\u00e8mes potentiels et les domaines \u00e0 am\u00e9liorer, et ainsi optimiser en permanence nos produits, nos services et les fonctions de notre site web afin d'offrir une meilleure exp\u00e9rience \u00e0 vous et \u00e0 d'autres clients.<\/p>\n\n\n\n<p>IV. Partage et divulgation d'informations<br>Prestataires de services tiers : Pour nous permettre d'ex\u00e9cuter les commandes en douceur et de fournir des services de haute qualit\u00e9, nous pouvons partager certaines de vos informations personnelles avec des prestataires de services tiers. Ces tiers comprennent, sans s'y limiter, des partenaires logistiques, des institutions de traitement des paiements et des fournisseurs de mati\u00e8res premi\u00e8res. Ils n'auront acc\u00e8s \u00e0 vos informations et ne les utiliseront que dans la mesure n\u00e9cessaire pour nous fournir des services sp\u00e9cifiques, et nous leur demandons de respecter des r\u00e8gles strictes en mati\u00e8re de confidentialit\u00e9 et de s\u00e9curit\u00e9 et de ne pas utiliser vos informations \u00e0 d'autres fins.<br>Exigences l\u00e9gales : Dans les cas o\u00f9 la loi l'exige, par exemple en r\u00e9ponse \u00e0 une citation \u00e0 compara\u00eetre, \u00e0 une demande d'enqu\u00eate \u00e9manant d'un organisme charg\u00e9 de l'application de la loi ou \u00e0 d'autres proc\u00e9dures l\u00e9gales, nous pouvons \u00eatre amen\u00e9s \u00e0 divulguer vos informations personnelles. Toutefois, nous ne fournirons que les informations n\u00e9cessaires dans le cadre autoris\u00e9 par la loi et nous ferons tout ce qui est en notre pouvoir pour garantir que vos droits et int\u00e9r\u00eats sont pleinement prot\u00e9g\u00e9s avant la divulgation.<br>Transactions commerciales : Si nous sommes impliqu\u00e9s dans des fusions, des acquisitions, des transferts d'actifs ou d'autres transactions d'entreprise similaires, vos informations personnelles peuvent \u00eatre transf\u00e9r\u00e9es dans le cadre de la transaction \u00e0 des tiers concern\u00e9s. Toutefois, nous veillerons \u00e0 ce que les parties destinataires soient inform\u00e9es des dispositions de la pr\u00e9sente politique de confidentialit\u00e9, qu'elles acceptent de s'y conformer et qu'elles continuent \u00e0 prot\u00e9ger la s\u00e9curit\u00e9 et la confidentialit\u00e9 de vos informations personnelles.<\/p>\n\n\n\n<p>V. S\u00e9curit\u00e9 de l'information<br>Nous avons adopt\u00e9 des mesures de s\u00e9curit\u00e9 raisonnables pour prot\u00e9ger vos informations personnelles contre tout acc\u00e8s, utilisation, divulgation, modification ou destruction non autoris\u00e9s. Ces mesures incluent, mais ne sont pas limit\u00e9es \u00e0 :<\/p>\n\n\n\n<p>Mesures de s\u00e9curit\u00e9 techniques : Nous utilisons des technologies de cryptage (telles que les protocoles de cryptage SSL\/TLS) pour crypter les informations sensibles que vous transmettez sur notre site web afin de garantir la confidentialit\u00e9 et l'int\u00e9grit\u00e9 des informations pendant la transmission sur le r\u00e9seau. Nous utilisons \u00e9galement des pare-feu, des syst\u00e8mes de d\u00e9tection d'intrusion et d'autres outils de protection de la s\u00e9curit\u00e9 pour emp\u00eacher les attaques malveillantes externes et les tentatives d'acc\u00e8s non autoris\u00e9. Nos syst\u00e8mes font r\u00e9guli\u00e8rement l'objet d'analyses de vuln\u00e9rabilit\u00e9 et de r\u00e9parations afin de garantir leur s\u00e9curit\u00e9 et leur stabilit\u00e9.<br>Mesures de gestion : Nos employ\u00e9s re\u00e7oivent une formation en mati\u00e8re de confidentialit\u00e9 et de s\u00e9curit\u00e9 afin de comprendre l'importance de la protection des informations personnelles et des m\u00e9thodes de traitement correctes, en veillant \u00e0 ce que seuls les employ\u00e9s autoris\u00e9s puissent acc\u00e9der \u00e0 vos informations personnelles et les traiter. Un syst\u00e8me strict de gestion des droits d'acc\u00e8s \u00e0 l'information a \u00e9t\u00e9 mis en place, minimisant les droits d'acc\u00e8s aux informations personnelles accord\u00e9s aux employ\u00e9s en fonction de leurs responsabilit\u00e9s professionnelles et des besoins de l'entreprise. Un plan d'intervention d'urgence en cas d'incident de s\u00e9curit\u00e9 a \u00e9t\u00e9 \u00e9labor\u00e9 et mis en \u0153uvre afin que nous puissions r\u00e9agir rapidement en cas d'incident de s\u00e9curit\u00e9 de l'information, prendre des mesures efficaces pour le g\u00e9rer, minimiser les pertes et notifier les utilisateurs concern\u00e9s en temps utile (si la loi l'exige).<br>Malgr\u00e9 les mesures de s\u00e9curit\u00e9 susmentionn\u00e9es, nous ne pouvons pas garantir la s\u00e9curit\u00e9 absolue de vos informations personnelles en raison des caract\u00e9ristiques inh\u00e9rentes \u00e0 l'internet et de l'\u00e9volution constante de la technologie. Vous devez \u00e9galement prendre des mesures de s\u00e9curit\u00e9 appropri\u00e9es lorsque vous utilisez nos services, telles que prot\u00e9ger votre mot de passe de connexion et \u00e9viter d'utiliser nos services dans un environnement r\u00e9seau non s\u00e9curis\u00e9.<\/p>\n\n\n\n<p>VI. Vos droits<br>Droit d'acc\u00e8s et de rectification : Vous avez le droit d'acc\u00e9der aux informations personnelles que nous d\u00e9tenons \u00e0 votre sujet et de nous demander de les corriger si vous estimez qu'elles sont inexactes ou incompl\u00e8tes. Vous pouvez exercer ce droit en contactant notre service client\u00e8le. Nous r\u00e9pondrons \u00e0 votre demande dans un d\u00e9lai raisonnable et vous fournirons l'assistance n\u00e9cessaire conform\u00e9ment aux exigences des lois et r\u00e8glements applicables.<br>Droit \u00e0 l'effacement : dans certaines circonstances, par exemple lorsque vos informations personnelles ne sont plus n\u00e9cessaires \u00e0 la fourniture de services ou lorsque vous retirez votre consentement au traitement de vos informations personnelles, vous avez le droit de nous demander d'effacer vos informations personnelles. D\u00e8s r\u00e9ception de votre demande de suppression, nous prendrons, conform\u00e9ment aux lois et r\u00e9glementations applicables et \u00e0 notre situation commerciale actuelle, des mesures raisonnables pour supprimer vos informations dans les meilleurs d\u00e9lais et informer les prestataires de services tiers concern\u00e9s (le cas \u00e9ch\u00e9ant) pour qu'ils suppriment \u00e9galement les informations correspondantes.<br>Droit de retirer son consentement : Si vous avez d\u00e9j\u00e0 consenti \u00e0 ce que nous traitions certaines informations personnelles, vous avez le droit de retirer votre consentement \u00e0 tout moment. Une fois que vous aurez retir\u00e9 votre consentement, nous cesserons de traiter vos informations personnelles sur la base de ce consentement, bien que cela puisse affecter notre capacit\u00e9 \u00e0 vous fournir certains services. Nous vous informerons des cons\u00e9quences possibles du retrait de votre consentement.<br>Droit \u00e0 la portabilit\u00e9 des donn\u00e9es : Sous r\u00e9serve des lois et r\u00e8glements applicables, vous avez le droit de nous demander de vous fournir une copie de vos informations personnelles dans un format structur\u00e9 et couramment utilis\u00e9 ou de transf\u00e9rer ces informations \u00e0 un prestataire de services tiers d\u00e9sign\u00e9 par vous, afin que vous puissiez migrer et utiliser les donn\u00e9es sur diff\u00e9rentes plates-formes de services.<br>Pour exercer les droits susmentionn\u00e9s, vous pouvez nous contacter de la mani\u00e8re suivante : [Indiquer l'adresse \u00e9lectronique, le num\u00e9ro de t\u00e9l\u00e9phone ou d'autres moyens de contact]. D\u00e8s r\u00e9ception de votre demande, nous la v\u00e9rifierons et la traiterons conform\u00e9ment aux exigences des lois et r\u00e8glements applicables et nous vous r\u00e9pondrons dans un d\u00e9lai raisonnable.<\/p>\n\n\n\n<p>VII. Protection des mineurs\u9225?information<br>Nos services de pi\u00e8ces d\u00e9tach\u00e9es sont principalement destin\u00e9s aux adultes. Nous ne collectons pas intentionnellement d'informations personnelles concernant des mineurs. Si nous d\u00e9couvrons que nous avons recueilli par inadvertance des informations personnelles concernant des mineurs, nous prendrons rapidement des mesures pour supprimer ces informations, \u00e0 moins que la loi ne nous oblige \u00e0 les conserver pour prot\u00e9ger les droits et les int\u00e9r\u00eats des mineurs.<\/p>\n\n\n\n<p>VIII. Mises \u00e0 jour des politiques<br>Nous pouvons mettre \u00e0 jour la pr\u00e9sente politique de confidentialit\u00e9 de temps \u00e0 autre en fonction de l'\u00e9volution des affaires, des changements de lois et de r\u00e8glements ou d'autres facteurs. Nous publierons la politique mise \u00e0 jour sur notre site web et indiquerons la date de mise \u00e0 jour. Nous vous recommandons de consulter r\u00e9guli\u00e8rement la pr\u00e9sente politique de confidentialit\u00e9 afin de vous tenir inform\u00e9 des derni\u00e8res mesures de collecte, d'utilisation et de protection des informations. En cas de modifications importantes de la politique de confidentialit\u00e9, telles que des modifications de l'\u00e9tendue de la collecte d'informations, du mode d'utilisation ou des cibles de partage, nous pouvons vous en informer \u00e0 l'avance par courrier \u00e9lectronique, par des annonces sur le site web ou par d'autres moyens appropri\u00e9s afin que vous ayez la possibilit\u00e9 de comprendre les changements et d'ajuster vos param\u00e8tres de confidentialit\u00e9 ou de choisir de ne plus b\u00e9n\u00e9ficier de nos services si n\u00e9cessaire.<\/p>","protected":false},"excerpt":{"rendered":"<p>Politique de confidentialit\u00e9I. IntroductionLa pr\u00e9sente politique de confidentialit\u00e9 vise \u00e0 vous expliquer comment nous collectons, utilisons, divulguons, prot\u00e9geons et g\u00e9rons vos donn\u00e9es \u00e0 caract\u00e8re personnel.<\/p>","protected":false},"author":1,"featured_media":0,"parent":0,"menu_order":0,"comment_status":"closed","ping_status":"closed","template":"","meta":{"footnotes":""},"class_list":["post-15891","page","type-page","status-publish","hentry"],"_links":{"self":[{"href":"https:\/\/smkbio.com\/fr\/wp-json\/wp\/v2\/pages\/15891","targetHints":{"allow":["GET"]}}],"collection":[{"href":"https:\/\/smkbio.com\/fr\/wp-json\/wp\/v2\/pages"}],"about":[{"href":"https:\/\/smkbio.com\/fr\/wp-json\/wp\/v2\/types\/page"}],"author":[{"embeddable":true,"href":"https:\/\/smkbio.com\/fr\/wp-json\/wp\/v2\/users\/1"}],"replies":[{"embeddable":true,"href":"https:\/\/smkbio.com\/fr\/wp-json\/wp\/v2\/comments?post=15891"}],"version-history":[{"count":1,"href":"https:\/\/smkbio.com\/fr\/wp-json\/wp\/v2\/pages\/15891\/revisions"}],"predecessor-version":[{"id":15901,"href":"https:\/\/smkbio.com\/fr\/wp-json\/wp\/v2\/pages\/15891\/revisions\/15901"}],"wp:attachment":[{"href":"https:\/\/smkbio.com\/fr\/wp-json\/wp\/v2\/media?parent=15891"}],"curies":[{"name":"wp","href":"https:\/\/api.w.org\/{rel}","templated":true}]}}