{"id":15892,"date":"2025-05-15T06:22:54","date_gmt":"2025-05-15T06:22:54","guid":{"rendered":"https:\/\/smkbio.com\/?page_id=15892"},"modified":"2025-05-15T06:22:54","modified_gmt":"2025-05-15T06:22:54","slug":"our-promise","status":"publish","type":"page","link":"https:\/\/smkbio.com\/fr\/our-promise\/","title":{"rendered":"Notre promesse"},"content":{"rendered":"<p>Notre promesse<\/p>\n\n\n\n<p>Nous nous engageons \u00e0 offrir \u00e0 nos clients une exp\u00e9rience d'achat s\u00fbre, fiable et agr\u00e9able. Notre \u00e9quipe se consacre \u00e0 fournir un service et une assistance \u00e0 la client\u00e8le exceptionnels afin de s'assurer que chaque client est satisfait de son achat.<\/p>\n\n\n\n<p>Nous comprenons que les poup\u00e9es sexuelles sont un sujet sensible, et c'est pourquoi nous veillons \u00e0 ce que tous nos produits soient fabriqu\u00e9s avec le plus grand soin et la plus grande attention aux d\u00e9tails. Nos poup\u00e9es sexuelles sont fabriqu\u00e9es avec des mat\u00e9riaux de qualit\u00e9 m\u00e9dicale et sont con\u00e7ues pour offrir une exp\u00e9rience r\u00e9aliste, \u00e0 la fois s\u00fbre et agr\u00e9able.<\/p>\n\n\n\n<p>nous croyons \u00e0 la transparence et \u00e0 l'honn\u00eatet\u00e9, et c'est pourquoi nous prenons le temps de r\u00e9pondre \u00e0 toutes les questions et pr\u00e9occupations de nos clients. Nous nous engageons \u00e0 fournir un excellent service \u00e0 la client\u00e8le et nous sommes toujours l\u00e0 pour aider nos clients de toutes les mani\u00e8res possibles.<\/p>\n\n\n\n<p>Nous nous sommes forg\u00e9 une r\u00e9putation de vendeur de poup\u00e9es sexuelles digne de confiance en fournissant constamment des produits de haute qualit\u00e9 et un service client exceptionnel. Les commentaires de nos clients parlent d'eux-m\u00eames et nous sommes fiers d'avoir de nombreux clients satisfaits qui ont achet\u00e9 chez nous \u00e0 plusieurs reprises.<\/p>\n\n\n\n<p>Nous comprenons que l'achat d'une poup\u00e9e sexuelle peut repr\u00e9senter un investissement important, tant sur le plan financier qu'\u00e9motionnel, et c'est pourquoi nous offrons une exp\u00e9rience d'achat s\u00e9curis\u00e9e et confidentielle. Notre site Web est con\u00e7u pour prot\u00e9ger la vie priv\u00e9e de nos clients, et nous utilisons des m\u00e9thodes de paiement s\u00e9curis\u00e9es pour garantir que toutes les transactions sont s\u00fbres et s\u00e9curis\u00e9es.<\/p>\n\n\n\n<p>Nous pensons que les poup\u00e9es sexuelles peuvent \u00eatre un compl\u00e9ment pr\u00e9cieux \u00e0 la vie de chacun, et nous sommes fiers de proposer une gamme de produits qui r\u00e9pondent \u00e0 un large \u00e9ventail de besoins et de pr\u00e9f\u00e9rences.<\/p>","protected":false},"excerpt":{"rendered":"<p>Notre promesse Nous nous engageons \u00e0 fournir \u00e0 nos clients une exp\u00e9rience d'achat s\u00fbre, fiable et agr\u00e9able. Notre \u00e9quipe est d\u00e9vou\u00e9e<\/p>","protected":false},"author":1,"featured_media":0,"parent":0,"menu_order":0,"comment_status":"closed","ping_status":"closed","template":"","meta":{"footnotes":""},"class_list":["post-15892","page","type-page","status-publish","hentry"],"_links":{"self":[{"href":"https:\/\/smkbio.com\/fr\/wp-json\/wp\/v2\/pages\/15892","targetHints":{"allow":["GET"]}}],"collection":[{"href":"https:\/\/smkbio.com\/fr\/wp-json\/wp\/v2\/pages"}],"about":[{"href":"https:\/\/smkbio.com\/fr\/wp-json\/wp\/v2\/types\/page"}],"author":[{"embeddable":true,"href":"https:\/\/smkbio.com\/fr\/wp-json\/wp\/v2\/users\/1"}],"replies":[{"embeddable":true,"href":"https:\/\/smkbio.com\/fr\/wp-json\/wp\/v2\/comments?post=15892"}],"version-history":[{"count":1,"href":"https:\/\/smkbio.com\/fr\/wp-json\/wp\/v2\/pages\/15892\/revisions"}],"predecessor-version":[{"id":15902,"href":"https:\/\/smkbio.com\/fr\/wp-json\/wp\/v2\/pages\/15892\/revisions\/15902"}],"wp:attachment":[{"href":"https:\/\/smkbio.com\/fr\/wp-json\/wp\/v2\/media?parent=15892"}],"curies":[{"name":"wp","href":"https:\/\/api.w.org\/{rel}","templated":true}]}}