{"id":15893,"date":"2025-05-15T06:22:54","date_gmt":"2025-05-15T06:22:54","guid":{"rendered":"https:\/\/smkbio.com\/?page_id=15893"},"modified":"2025-05-15T06:22:54","modified_gmt":"2025-05-15T06:22:54","slug":"faq","status":"publish","type":"page","link":"https:\/\/smkbio.com\/fr\/faq\/","title":{"rendered":"FAQ"},"content":{"rendered":"<p>Pourquoi dois-je m'inscrire ?<br><br>Pour deux raisons. Premi\u00e8rement, nous voulons confirmer l'identit\u00e9 de tous les clients avant l'exp\u00e9dition. Deuxi\u00e8mement, vos informations d'enregistrement nous permettent de traiter vos commandes. Nous consid\u00e9rons \u00e9galement les informations d'enregistrement comme un signe de bonne foi et nous nous r\u00e9servons le droit de refuser l'exp\u00e9dition \u00e0 toute personne qui fournit de fausses informations.<br><br>Comment puis-je modifier mon mot de passe et mon profil de compte (informations de facturation, informations de livraison) ?<br><br>Vous pouvez modifier votre adresse, votre mot de passe et d'autres informations personnelles que vous avez saisies en cliquant sur le lien \"Mon compte\", vous verrez un onglet intitul\u00e9 \"Mise \u00e0 jour de l'adresse\". Cliquez sur cet onglet pour modifier les informations de votre profil.<br><br>Que puis-je faire si j'oublie mon mot de passe ou si mon compte est bloqu\u00e9 ?<br>Voici ce que vous devez faire si vous oubliez votre mot de passe ou si votre compte est verrouill\u00e9. Rappel du mot de passe Si vous avez oubli\u00e9 votre mot de passe et que vous ne parvenez pas \u00e0 vous connecter \u00e0 \"Mon compte\", cliquez sur le lien \"Mon compte\" en haut \u00e0 droite, indiquez votre adresse \u00e9lectronique et cliquez sur le lien \"R\u00e9initialiser mon mot de passe\".<br><br>Comment cr\u00e9er un compte ?<br><br>Suivez les \u00e9tapes ci-dessous pour cr\u00e9er un compte et profiter de la meilleure exp\u00e9rience d'achat en ligne.<br><br>1) Cliquez sur le lien \"Mon compte\" en haut \u00e0 gauche de notre boutique en ligne.<br><br>2. s\u00e9lectionnez \"Cr\u00e9er un compte\" dans la section Nouveaux clients.<br>3. remplir le formulaire.<br><br>Il vous suffit ensuite de suivre les instructions pour cr\u00e9er votre compte. Ne vous inqui\u00e9tez pas, vos informations ne sont JAMAIS vendues ou partag\u00e9es avec d'autres soci\u00e9t\u00e9s ou des tiers et sont gard\u00e9es de mani\u00e8re totalement priv\u00e9e.<br><br>Comment modifier les informations de mon compte ?<br><br>Cliquez sur le lien \"Mon compte\" en haut \u00e0 droite de notre site et connectez-vous \u00e0 votre compte pour modifier vos informations.<br><br>Quel est le montant des frais d'exp\u00e9dition ?<br><br>Les frais d'exp\u00e9dition sont automatiquement calcul\u00e9s avant que vous ne soumettiez vos informations de paiement. Il vous suffit d'ajouter des articles \u00e0 votre panier et de passer \u00e0 la page de paiement o\u00f9 vous seront propos\u00e9s des choix de m\u00e9thodes d'exp\u00e9dition et leurs prix.<br><br>Quand ma commande sera-t-elle exp\u00e9di\u00e9e ?<br><br>Veuillez consulter la page de chaque article pour plus d'informations sur la disponibilit\u00e9 de chaque article.<br><br>Quelle est votre politique de retour ?<br><br>Veuillez consulter nos conditions de vente pour plus de d\u00e9tails sur notre politique de retour.<br><br><br>Statut de la commande<br>Comment puis-je v\u00e9rifier l'\u00e9tat de ma commande ?<br><br>Vous pouvez v\u00e9rifier l'\u00e9tat de vos commandes par courrier \u00e9lectronique ou en cliquant sur \"Mon compte\".<br><br>Comment passer une commande ?<br><br>Utilisez la recherche de produits pour trouver le produit que vous souhaitez commander. Sur la page d'information sur le produit, s\u00e9lectionnez \"Cr\u00e9er un compte\" ou \"Se connecter\" si vous \u00eates d\u00e9j\u00e0 enregistr\u00e9. Apr\u00e8s avoir saisi une quantit\u00e9, un article peut \u00eatre ajout\u00e9 au panier. L'option \"Continuer les achats\" vous permet d'ajouter d'autres articles au panier. En cliquant sur \"Proceed to Check Out\", il vous sera demand\u00e9 d'entrer quelques d\u00e9tails concernant la livraison et la m\u00e9thode de paiement. Une fois votre paiement effectu\u00e9, vous recevrez une notification par courrier \u00e9lectronique contenant votre num\u00e9ro de commande. Ce num\u00e9ro vous permettra de suivre l'\u00e9tat de votre commande. Lorsque votre commande sera exp\u00e9di\u00e9e, vous en serez inform\u00e9 par courrier \u00e9lectronique.<br><br>Comment puis-je modifier ou annuler ma commande ?<br><br>Nous nous effor\u00e7ons d'exp\u00e9dier votre commande dans les meilleurs d\u00e9lais. Si, pour une raison quelconque, vous devez modifier ou annuler votre commande, veuillez nous contacter imm\u00e9diatement et nous ferons de notre mieux pour vous aider. Malheureusement, une fois qu'une commande a \u00e9t\u00e9 trait\u00e9e et emball\u00e9e pour \u00eatre exp\u00e9di\u00e9e, il nous est impossible d'y apporter des modifications, y compris des annulations.<br><br>Comment modifier ou annuler un article de ma commande ?<br><br>Cliquez sur le lien \"Mon compte\" en haut \u00e0 gauche de notre site pour consulter les commandes que vous avez pass\u00e9es. Connectez-vous ensuite \u00e0 votre compte pour retrouver et modifier votre commande. Veuillez noter qu'une fois qu'une commande a commenc\u00e9 \u00e0 \u00eatre trait\u00e9e ou exp\u00e9di\u00e9e, elle n'est plus modifiable.<br><br>Exp\u00e9dition<br>Quels sont les modes de paiement possibles ?<br><br>Au cours de la proc\u00e9dure de paiement, vous pouvez choisir l'une de nos options de paiement actuelles et continuer \u00e0 passer votre commande. Veuillez noter que nous n'exp\u00e9dierons pas votre commande tant que nous n'aurons pas re\u00e7u votre paiement.<br><br>Quand ma commande sera-t-elle exp\u00e9di\u00e9e et quels sont les frais d'exp\u00e9dition ?<br><br>Les frais d'exp\u00e9dition sont automatiquement calcul\u00e9s avant que vous ne soumettiez vos informations de paiement. Il vous suffit d'ajouter des articles \u00e0 votre panier et de passer \u00e0 la page de paiement o\u00f9 vous seront propos\u00e9s des choix de m\u00e9thodes d'exp\u00e9dition et leurs prix. Nous exp\u00e9dierons votre commande peu de temps apr\u00e8s avoir re\u00e7u votre paiement.<br><br>Une fois ma commande exp\u00e9di\u00e9e, quand arrivera-t-elle ?<br><br>Tous les envois sont exp\u00e9di\u00e9s en fonction de l'adresse de livraison du client. Malheureusement, nous ne pouvons pas d\u00e9terminer les dates d'arriv\u00e9e car elles d\u00e9pendent du pays dans lequel la commande est envoy\u00e9e. Lorsque votre commande est exp\u00e9di\u00e9e, vous en \u00eates inform\u00e9 par courrier \u00e9lectronique.<br><br>Garanties<br>Livraison rapide<br><br>Nous exp\u00e9dierons votre achat aussi rapidement que possible dans le monde entier !<br><br>Achats s\u00e9curis\u00e9s<br><br>Notre syst\u00e8me de paiement utilise la derni\u00e8re technologie de cryptage du syst\u00e8me de s\u00e9curit\u00e9 Secure Sockets Layer (SSL) pour garantir la s\u00e9curit\u00e9 de vos donn\u00e9es.<br><br>Garantie de 12 mois<br><br>Sous r\u00e9serve des conditions g\u00e9n\u00e9rales, si les marchandises sont d\u00e9fectueuses dans les 12 mois suivant l'achat.<br><br>Services \u00e0 la client\u00e8le<br><br>Lorsque vous achetez chez nous, vous b\u00e9n\u00e9ficiez d'un excellent service \u00e0 la client\u00e8le.<br><br>Politique de qualit\u00e9<br><br>Nous fournirons constamment des produits et des services de classe mondiale qui r\u00e9pondent aux attentes des clients.<br><br>Protection de l'acheteur<br><br>Vos achats sur notre boutique sont s\u00e9curis\u00e9s et prot\u00e9g\u00e9s par Paypal.<br><br>Meilleur prix<br><br>Nos produits sont toujours les moins chers de la ville. C'est garanti !<\/p>","protected":false},"excerpt":{"rendered":"<p>Pourquoi dois-je m'enregistrer ? Premi\u00e8rement, nous voulons confirmer l'identit\u00e9 de tous les clients avant l'exp\u00e9dition.<\/p>","protected":false},"author":1,"featured_media":0,"parent":0,"menu_order":0,"comment_status":"closed","ping_status":"closed","template":"","meta":{"footnotes":""},"class_list":["post-15893","page","type-page","status-publish","hentry"],"_links":{"self":[{"href":"https:\/\/smkbio.com\/fr\/wp-json\/wp\/v2\/pages\/15893","targetHints":{"allow":["GET"]}}],"collection":[{"href":"https:\/\/smkbio.com\/fr\/wp-json\/wp\/v2\/pages"}],"about":[{"href":"https:\/\/smkbio.com\/fr\/wp-json\/wp\/v2\/types\/page"}],"author":[{"embeddable":true,"href":"https:\/\/smkbio.com\/fr\/wp-json\/wp\/v2\/users\/1"}],"replies":[{"embeddable":true,"href":"https:\/\/smkbio.com\/fr\/wp-json\/wp\/v2\/comments?post=15893"}],"version-history":[{"count":1,"href":"https:\/\/smkbio.com\/fr\/wp-json\/wp\/v2\/pages\/15893\/revisions"}],"predecessor-version":[{"id":15903,"href":"https:\/\/smkbio.com\/fr\/wp-json\/wp\/v2\/pages\/15893\/revisions\/15903"}],"wp:attachment":[{"href":"https:\/\/smkbio.com\/fr\/wp-json\/wp\/v2\/media?parent=15893"}],"curies":[{"name":"wp","href":"https:\/\/api.w.org\/{rel}","templated":true}]}}