{"id":4400,"date":"2021-10-12T15:51:09","date_gmt":"2021-10-12T15:51:09","guid":{"rendered":"http:\/\/dummy.xtemos.com\/woodmart2\/elementor\/?page_id=4400"},"modified":"2025-05-22T09:50:59","modified_gmt":"2025-05-22T09:50:59","slug":"about-us","status":"publish","type":"page","link":"https:\/\/smkbio.com\/fr\/about-us\/","title":{"rendered":"A propos de nous"},"content":{"rendered":"<div data-elementor-type=\"wp-page\" data-elementor-id=\"4400\" class=\"elementor elementor-4400\">\n\t\t\t\t<div class=\"wd-negative-gap elementor-element elementor-element-2e38dfad wd-section-stretch e-flex e-con-boxed e-con e-parent\" data-id=\"2e38dfad\" data-element_type=\"container\" data-settings=\"{&quot;background_background&quot;:&quot;classic&quot;}\">\n\t\t\t\t\t<div class=\"e-con-inner\">\n\t\t\t\t<div class=\"elementor-element elementor-element-16912d91 elementor-widget__width-initial elementor-widget-tablet__width-inherit wd-width-100 elementor-widget elementor-widget-wd_title\" data-id=\"16912d91\" data-element_type=\"widget\" data-widget_type=\"wd_title.default\">\n\t\t\t\t<div class=\"elementor-widget-container\">\n\t\t\t\t\t\t\t<div class=\"title-wrapper wd-set-mb reset-last-child wd-title-color-primary wd-title-style-default wd-title-size-large text-left\">\n\n\t\t\t\t\t\t\t\t\t\t\t<div class=\"title-subtitle subtitle-color-primary subtitle-style-default wd-fontsize-xs\">\n\t\t\t\t\tQUELQUES MOTS SUR NOUS\t\t\t\t<\/div>\n\t\t\t\n\t\t\t<div class=\"liner-continer\">\n\t\t\t\t<h4 class=\"woodmart-title-container title wd-fontsize-xxl\">Un travail d'\u00e9quipe bien coordonn\u00e9 parle de nous<\/h4> \n\t\t\t\t\t\t\t<\/div>\n\n\t\t\t\t\t<\/div>\n\t\t\t\t\t\t<\/div>\n\t\t\t\t<\/div>\n\t\t\t\t<div class=\"elementor-element elementor-element-5bfc0810 elementor-widget__width-initial elementor-widget elementor-widget-wd_infobox\" data-id=\"5bfc0810\" data-element_type=\"widget\" data-widget_type=\"wd_infobox.default\">\n\t\t\t\t<div class=\"elementor-widget-container\">\n\t\t\t\t\t\t\t<div class=\"info-box-wrapper\">\n\t\t\t<div class=\"wd-info-box text-left box-icon-align-top box-style-base color-scheme-\">\n\t\t\t\t\n\t\t\t\t<div class=\"info-box-content\">\n\t\t\t\t\t\n\t\t\t\t\t\t\t\t\t\t\t<h4\t\t\t\t\t\tclass=\"info-box-title title box-title-style-default wd-fontsize-m\" data-elementor-setting-key=\"title\">\n\t\t\t\t\t\t\t\tUne \u00e9quipe de R&amp;D de haut niveau\t\t\t\t\t\t<\/h4>\n\t\t\t\t\t\n\t\t\t\t\t<div class=\"info-box-inner reset-last-child\"data-elementor-setting-key=\"content\"><p>Rassembler des experts doctorants et des \u00e9quipes provinciales de R&amp;D, en s'appuyant sur une collaboration \u00e9troite entre plus de 40 membres du personnel de R&amp;D.<\/p>\n<\/div>\n\n\t\t\t\t\t\t\t\t\t<\/div>\n\n\t\t\t\t\t\t\t\t\t<a href=\"#\" class=\"wd-info-box-link wd-fill\" aria-label=\"Lien infobox\"><\/a>\n\t\t\t\t\t\t\t<\/div>\n\t\t<\/div>\n\t\t\t\t\t\t<\/div>\n\t\t\t\t<\/div>\n\t\t\t\t<div class=\"elementor-element elementor-element-1f1a1ce6 elementor-widget__width-initial elementor-widget elementor-widget-wd_infobox\" data-id=\"1f1a1ce6\" data-element_type=\"widget\" data-widget_type=\"wd_infobox.default\">\n\t\t\t\t<div class=\"elementor-widget-container\">\n\t\t\t\t\t\t\t<div class=\"info-box-wrapper\">\n\t\t\t<div class=\"wd-info-box text-left box-icon-align-top box-style-base color-scheme-\">\n\t\t\t\t\n\t\t\t\t<div class=\"info-box-content\">\n\t\t\t\t\t\n\t\t\t\t\t\t\t\t\t\t\t<h4\t\t\t\t\t\tclass=\"info-box-title title box-title-style-default wd-fontsize-m\" data-elementor-setting-key=\"title\">\n\t\t\t\t\t\t\t\tUne collaboration efficace\t\t\t\t\t\t<\/h4>\n\t\t\t\t\t\n\t\t\t\t\t<div class=\"info-box-inner reset-last-child\"data-elementor-setting-key=\"content\"><p>Collaboration pluridisciplinaire entre la recherche et le d\u00e9veloppement, la production et le marketing.<\/p>\n<\/div>\n\n\t\t\t\t\t\t\t\t\t<\/div>\n\n\t\t\t\t\t\t\t\t\t<a href=\"#\" class=\"wd-info-box-link wd-fill\" aria-label=\"Lien infobox\"><\/a>\n\t\t\t\t\t\t\t<\/div>\n\t\t<\/div>\n\t\t\t\t\t\t<\/div>\n\t\t\t\t<\/div>\n\t\t\t\t\t<\/div>\n\t\t\t\t<\/div>\n\t\t<div class=\"wd-negative-gap elementor-element elementor-element-3fa17d e-flex e-con-boxed e-con e-parent\" data-id=\"3fa17d\" data-element_type=\"container\">\n\t\t\t\t\t<div class=\"e-con-inner\">\n\t\t\t\t<div class=\"elementor-element elementor-element-6b6b4754 wd-width-100 elementor-widget elementor-widget-wd_title\" data-id=\"6b6b4754\" data-element_type=\"widget\" data-widget_type=\"wd_title.default\">\n\t\t\t\t<div class=\"elementor-widget-container\">\n\t\t\t\t\t\t\t<div class=\"title-wrapper wd-set-mb reset-last-child wd-title-color-primary wd-title-style-default wd-title-size-large text-center\">\n\n\t\t\t\t\t\t\t\t\t\t\t<div class=\"title-subtitle subtitle-color-primary subtitle-style-default wd-fontsize-xs\">\n\t\t\t\t\t\u00c0 PROPOS DE NOUS\t\t\t\t<\/div>\n\t\t\t\n\t\t\t<div class=\"liner-continer\">\n\t\t\t\t<h4 class=\"woodmart-title-container title wd-fontsize-xxl\">Profil de l'entreprise<\/h4> \n\t\t\t\t\t\t\t<\/div>\n\n\t\t\t\t\t\t\t<div class=\"title-after_title reset-last-child wd-fontsize-s\">\n\t\t\t\t\t<p><span class=\"ne-text\">La qualit\u00e9 est notre promesse. Gr\u00e2ce \u00e0 un contr\u00f4le de qualit\u00e9 et \u00e0 un savoir-faire rigoureux, nous avons gagn\u00e9 la confiance et les \u00e9loges de nos clients.<\/span><\/p>\t\t\t\t<\/div>\n\t\t\t\t\t<\/div>\n\t\t\t\t\t\t<\/div>\n\t\t\t\t<\/div>\n\t\t\t\t\t<\/div>\n\t\t\t\t<\/div>\n\t\t<div class=\"wd-negative-gap elementor-element elementor-element-771268fd e-flex e-con-boxed e-con e-parent\" data-id=\"771268fd\" data-element_type=\"container\">\n\t\t\t\t\t<div class=\"e-con-inner\">\n\t\t\t\t<div class=\"elementor-element elementor-element-2a898274 elementor-widget elementor-widget-wd_image_or_svg\" data-id=\"2a898274\" data-element_type=\"widget\" data-widget_type=\"wd_image_or_svg.default\">\n\t\t\t\t<div class=\"elementor-widget-container\">\n\t\t\t\t\t\n\t\t<div class=\"wd-image text-center\">\n\t\t\t\t\t\t\t\t<img fetchpriority=\"high\" decoding=\"async\" width=\"800\" height=\"1422\" src=\"https:\/\/smkbio.com\/wp-content\/uploads\/2025\/05\/\u56fe\u72473.png\" class=\"attachment-full size-full\" alt=\"\" srcset=\"https:\/\/smkbio.com\/wp-content\/uploads\/2025\/05\/\u56fe\u72473.png 800w, https:\/\/smkbio.com\/wp-content\/uploads\/2025\/05\/\u56fe\u72473-169x300.png 169w, https:\/\/smkbio.com\/wp-content\/uploads\/2025\/05\/\u56fe\u72473-450x800.png 450w, https:\/\/smkbio.com\/wp-content\/uploads\/2025\/05\/\u56fe\u72473-768x1365.png 768w, https:\/\/smkbio.com\/wp-content\/uploads\/2025\/05\/\u56fe\u72473-430x764.png 430w, https:\/\/smkbio.com\/wp-content\/uploads\/2025\/05\/\u56fe\u72473-700x1244.png 700w, https:\/\/smkbio.com\/wp-content\/uploads\/2025\/05\/\u56fe\u72473-150x267.png 150w\" sizes=\"(max-width: 800px) 100vw, 800px\" \/>\t\t\t\t\t<\/div>\n\n\t\t\t\t\t\t<\/div>\n\t\t\t\t<\/div>\n\t\t\t\t<div class=\"elementor-element elementor-element-5d872078 elementor-widget elementor-widget-wd_text_block\" data-id=\"5d872078\" data-element_type=\"widget\" data-widget_type=\"wd_text_block.default\">\n\t\t\t\t<div class=\"elementor-widget-container\">\n\t\t\t\t\t\t\t<div class=\"wd-text-block reset-last-child text-left\">\n\t\t\t\n\t\t\t<div data-slate-node=\"element\"><div data-slate-node=\"element\"><span data-slate-node=\"text\">\u00a0 \u00a0 \u00a0 Henan Saimeikang Biotechnology Co. est une entreprise de haute technologie sp\u00e9cialis\u00e9e dans la recherche, le d\u00e9veloppement et la production de produits de sant\u00e9 pour l'aquaculture, d'additifs favorisant la croissance du b\u00e9tail et de la volaille et de produits anti-escargots respectueux de l'environnement. Nous disposons de laboratoires de recherche et de d\u00e9veloppement avanc\u00e9s et de bases de production modernes, et nous nous engageons \u00e0 fournir aux clients du monde entier des solutions s\u00fbres, efficaces et \u00e9cologiques en mati\u00e8re de sant\u00e9 animale.<br \/><\/span><\/div><\/div>\n\t\t\t\t\t<\/div>\n\t\t\t\t\t\t<\/div>\n\t\t\t\t<\/div>\n\t\t\t\t<div class=\"elementor-element elementor-element-776f7024 wd-width-100 elementor-widget elementor-widget-wd_images_gallery\" data-id=\"776f7024\" data-element_type=\"widget\" data-widget_type=\"wd_images_gallery.default\">\n\t\t\t\t<div class=\"elementor-widget-container\">\n\t\t\t\t\t\t\t<div class=\"wd-images-gallery photoswipe-images\" style=\"--wd-align-items:center; --wd-justify-content:center;\">\n\t\t\t\t\t\t<div class=\"wd-grid-g\" style=\"--wd-col-lg:3;--wd-col-md:3;--wd-col-sm:1;--wd-gap-lg:10px;\" >\n\t\t\t\t\t\t\t\t\t\t\t\t\t\t\t\t\t\t<div class=\"wd-gallery-item wd-col\">\n\t\t\t\t\t\t\t\t\t\t\t\t\t<a  href=\"https:\/\/smkbio.com\/wp-content\/uploads\/2025\/05\/\u672a\u6807\u9898-1.jpg\" data-width=\"800\" data-height=\"500\" data-index=\"1\" data-elementor-open-lightbox=\"no\">\n\t\t\t\t\t\t\n\t\t\t\t\t\t<img decoding=\"async\" src=\"https:\/\/smkbio.com\/wp-content\/uploads\/2025\/05\/\u672a\u6807\u9898-1.jpg\" alt=\"\u672a\u6807\u9898-1\">\n\t\t\t\t\t\t\t\t\t\t\t\t\t<\/a>\n\t\t\t\t\t\t\t\t\t\t\t<\/div>\n\t\t\t\t\t\t\t\t\t\t\t\t\t\t\t<div class=\"wd-gallery-item wd-col\">\n\t\t\t\t\t\t\t\t\t\t\t\t\t<a  href=\"https:\/\/smkbio.com\/wp-content\/uploads\/2025\/05\/\u672a\u6807\u9898-6.jpg\" data-width=\"800\" data-height=\"500\" data-index=\"2\" data-elementor-open-lightbox=\"no\">\n\t\t\t\t\t\t\n\t\t\t\t\t\t<img decoding=\"async\" src=\"https:\/\/smkbio.com\/wp-content\/uploads\/2025\/05\/\u672a\u6807\u9898-6.jpg\" alt=\"\u672a\u6807\u9898-6\">\n\t\t\t\t\t\t\t\t\t\t\t\t\t<\/a>\n\t\t\t\t\t\t\t\t\t\t\t<\/div>\n\t\t\t\t\t\t\t\t\t\t\t\t\t\t\t<div class=\"wd-gallery-item wd-col\">\n\t\t\t\t\t\t\t\t\t\t\t\t\t<a  href=\"https:\/\/smkbio.com\/wp-content\/uploads\/2025\/05\/\u672a\u6807\u9898-5.jpg\" data-width=\"800\" data-height=\"500\" data-index=\"3\" data-elementor-open-lightbox=\"no\">\n\t\t\t\t\t\t\n\t\t\t\t\t\t<img decoding=\"async\" src=\"https:\/\/smkbio.com\/wp-content\/uploads\/2025\/05\/\u672a\u6807\u9898-5.jpg\" alt=\"\u672a\u6807\u9898-5\">\n\t\t\t\t\t\t\t\t\t\t\t\t\t<\/a>\n\t\t\t\t\t\t\t\t\t\t\t<\/div>\n\t\t\t\t\t\t\t\t\t\t\t\t\t\t\t<div class=\"wd-gallery-item wd-col\">\n\t\t\t\t\t\t\t\t\t\t\t\t\t<a  href=\"https:\/\/smkbio.com\/wp-content\/uploads\/2025\/05\/\u672a\u6807\u9898-4.jpg\" data-width=\"800\" data-height=\"500\" data-index=\"4\" data-elementor-open-lightbox=\"no\">\n\t\t\t\t\t\t\n\t\t\t\t\t\t<img decoding=\"async\" src=\"https:\/\/smkbio.com\/wp-content\/uploads\/2025\/05\/\u672a\u6807\u9898-4.jpg\" alt=\"\u672a\u6807\u9898-4\">\n\t\t\t\t\t\t\t\t\t\t\t\t\t<\/a>\n\t\t\t\t\t\t\t\t\t\t\t<\/div>\n\t\t\t\t\t\t\t\t\t\t\t\t\t\t\t<div class=\"wd-gallery-item wd-col\">\n\t\t\t\t\t\t\t\t\t\t\t\t\t<a  href=\"https:\/\/smkbio.com\/wp-content\/uploads\/2025\/05\/\u672a\u6807\u9898-3.jpg\" data-width=\"800\" data-height=\"500\" data-index=\"5\" data-elementor-open-lightbox=\"no\">\n\t\t\t\t\t\t\n\t\t\t\t\t\t<img decoding=\"async\" src=\"https:\/\/smkbio.com\/wp-content\/uploads\/2025\/05\/\u672a\u6807\u9898-3.jpg\" alt=\"\u672a\u6807\u9898-3\">\n\t\t\t\t\t\t\t\t\t\t\t\t\t<\/a>\n\t\t\t\t\t\t\t\t\t\t\t<\/div>\n\t\t\t\t\t\t\t\t\t\t\t\t\t\t\t<div class=\"wd-gallery-item wd-col\">\n\t\t\t\t\t\t\t\t\t\t\t\t\t<a  href=\"https:\/\/smkbio.com\/wp-content\/uploads\/2025\/05\/\u672a\u6807\u9898-2.jpg\" data-width=\"800\" data-height=\"500\" data-index=\"6\" data-elementor-open-lightbox=\"no\">\n\t\t\t\t\t\t\n\t\t\t\t\t\t<img decoding=\"async\" src=\"https:\/\/smkbio.com\/wp-content\/uploads\/2025\/05\/\u672a\u6807\u9898-2.jpg\" alt=\"\u672a\u6807\u9898-2\">\n\t\t\t\t\t\t\t\t\t\t\t\t\t<\/a>\n\t\t\t\t\t\t\t\t\t\t\t<\/div>\n\t\t\t\t\t\t\t\t\t\t\t\t\t<\/div>\n\t\t\t\t\t<\/div>\n\t\t\t\t\t\t<\/div>\n\t\t\t\t<\/div>\n\t\t\t\t\t<\/div>\n\t\t\t\t<\/div>\n\t\t<div class=\"wd-negative-gap elementor-element elementor-element-3da95bd0 wd-section-stretch e-flex e-con-boxed e-con e-parent\" data-id=\"3da95bd0\" data-element_type=\"container\" data-settings=\"{&quot;background_background&quot;:&quot;classic&quot;}\">\n\t\t\t\t\t<div class=\"e-con-inner\">\n\t\t<div class=\"elementor-element elementor-element-213206f1 color-scheme-light e-con-full e-flex e-con e-child\" data-id=\"213206f1\" data-element_type=\"container\">\n\t\t\t\t<div class=\"elementor-element elementor-element-b00c38d wd-width-100 elementor-widget elementor-widget-wd_title\" data-id=\"b00c38d\" data-element_type=\"widget\" data-widget_type=\"wd_title.default\">\n\t\t\t\t<div class=\"elementor-widget-container\">\n\t\t\t\t\t\t\t<div class=\"title-wrapper wd-set-mb reset-last-child wd-title-color-primary wd-title-style-default wd-title-size-large text-left\">\n\n\t\t\t\t\t\t\t\t\t\t\t<div class=\"title-subtitle subtitle-color-primary subtitle-style-default wd-fontsize-xs\">\n\t\t\t\t\tD\u00e9velopp\u00e9 par Saimeikang Biotechnology @ 2025.\t\t\t\t<\/div>\n\t\t\t\n\t\t\t<div class=\"liner-continer\">\n\t\t\t\t<h4 class=\"woodmart-title-container title wd-fontsize-xxl\">Nous examinons tous les aspects de la planification<\/h4> \n\t\t\t\t\t\t\t<\/div>\n\n\t\t\t\t\t<\/div>\n\t\t\t\t\t\t<\/div>\n\t\t\t\t<\/div>\n\t\t\t\t<div class=\"elementor-element elementor-element-2517d3eb elementor-widget elementor-widget-wd_button\" data-id=\"2517d3eb\" data-element_type=\"widget\" data-widget_type=\"wd_button.default\">\n\t\t\t\t<div class=\"elementor-widget-container\">\n\t\t\t\t\t\t\t<div class=\"wd-button-wrapper text-left\" >\n\t\t\t<a class=\"btn btn-style-link btn-shape- btn-size-default btn-color-white btn-icon-pos-right\"  href=\"#\">\n\t\t\t\t<span class=\"wd-btn-text\" data-elementor-setting-key=\"text\">\n\t\t\t\t\tNOUS LE FAISONS POUR VOUS AVEC AMOUR\t\t\t\t<\/span>\n\n\t\t\t\t\t\t\t<\/a>\n\t\t<\/div>\n\t\t\t\t\t\t<\/div>\n\t\t\t\t<\/div>\n\t\t\t\t<\/div>\n\t\t<div class=\"elementor-element elementor-element-1db1a679 e-con-full e-flex e-con e-child\" data-id=\"1db1a679\" data-element_type=\"container\">\n\t\t<div class=\"elementor-element elementor-element-62014d4a e-con-full e-flex e-con e-child\" data-id=\"62014d4a\" data-element_type=\"container\">\n\t\t<div class=\"elementor-element elementor-element-151cae9e e-con-full e-flex e-con e-child\" data-id=\"151cae9e\" data-element_type=\"container\">\n\t\t\t\t<div class=\"elementor-element elementor-element-6aa5e3b7 elementor-widget elementor-widget-wd_counter\" data-id=\"6aa5e3b7\" data-element_type=\"widget\" data-widget_type=\"wd_counter.default\">\n\t\t\t\t<div class=\"elementor-widget-container\">\n\t\t\t\t\t\t\t<div class=\"woodmart-counter counter-large text-center color-scheme-light\">\n\t\t\t<div class=\"counter-value\" data-state=\"new\" data-final=\"2012\">\n\t\t\t\t0\t\t\t<\/div>\n\n\t\t\t\t\t\t\t<div class=\"counter-label\">\n\t\t\t\t\tANN\u00c9E DE FONDATION\t\t\t\t<\/div>\n\t\t\t\t\t<\/div>\n\t\t\t\t\t\t<\/div>\n\t\t\t\t<\/div>\n\t\t\t\t<\/div>\n\t\t<div class=\"elementor-element elementor-element-bc34e8e e-con-full e-flex e-con e-child\" data-id=\"bc34e8e\" data-element_type=\"container\">\n\t\t\t\t<div class=\"elementor-element elementor-element-47d3e577 elementor-widget elementor-widget-wd_counter\" data-id=\"47d3e577\" data-element_type=\"widget\" data-widget_type=\"wd_counter.default\">\n\t\t\t\t<div class=\"elementor-widget-container\">\n\t\t\t\t\t\t\t<div class=\"woodmart-counter counter-large text-center color-scheme-light\">\n\t\t\t<div class=\"counter-value\" data-state=\"new\" data-final=\"70000\">\n\t\t\t\t0\t\t\t<\/div>\n\n\t\t\t\t\t\t\t<div class=\"counter-label\">\n\t\t\t\t\tUSINE COUVERTE(m\u00b2)\t\t\t\t<\/div>\n\t\t\t\t\t<\/div>\n\t\t\t\t\t\t<\/div>\n\t\t\t\t<\/div>\n\t\t\t\t<\/div>\n\t\t\t\t<\/div>\n\t\t<div class=\"elementor-element elementor-element-15a8a569 e-con-full e-flex e-con e-child\" data-id=\"15a8a569\" data-element_type=\"container\">\n\t\t<div class=\"elementor-element elementor-element-13e55191 e-con-full e-flex e-con e-child\" data-id=\"13e55191\" data-element_type=\"container\">\n\t\t\t\t<div class=\"elementor-element elementor-element-47f3c27a elementor-widget elementor-widget-wd_counter\" data-id=\"47f3c27a\" data-element_type=\"widget\" data-widget_type=\"wd_counter.default\">\n\t\t\t\t<div class=\"elementor-widget-container\">\n\t\t\t\t\t\t\t<div class=\"woodmart-counter counter-large text-center color-scheme-light\">\n\t\t\t<div class=\"counter-value\" data-state=\"new\" data-final=\"100\">\n\t\t\t\t0\t\t\t<\/div>\n\n\t\t\t\t\t\t\t<div class=\"counter-label\">\n\t\t\t\t\tNOMBRE D'EMPLOY\u00c9S\t\t\t\t<\/div>\n\t\t\t\t\t<\/div>\n\t\t\t\t\t\t<\/div>\n\t\t\t\t<\/div>\n\t\t\t\t<\/div>\n\t\t<div class=\"elementor-element elementor-element-61a244a9 e-con-full e-flex e-con e-child\" data-id=\"61a244a9\" data-element_type=\"container\">\n\t\t\t\t<div class=\"elementor-element elementor-element-2df17edf elementor-widget elementor-widget-wd_counter\" data-id=\"2df17edf\" data-element_type=\"widget\" data-widget_type=\"wd_counter.default\">\n\t\t\t\t<div class=\"elementor-widget-container\">\n\t\t\t\t\t\t\t<div class=\"woodmart-counter counter-large text-center color-scheme-light\">\n\t\t\t<div class=\"counter-value\" data-state=\"new\" data-final=\"40\">\n\t\t\t\t0\t\t\t<\/div>\n\n\t\t\t\t\t\t\t<div class=\"counter-label\">\n\t\t\t\t\tPERSONNEL DE R&amp;D\t\t\t\t<\/div>\n\t\t\t\t\t<\/div>\n\t\t\t\t\t\t<\/div>\n\t\t\t\t<\/div>\n\t\t\t\t<\/div>\n\t\t\t\t<\/div>\n\t\t<div class=\"elementor-element elementor-element-122c89f0 e-con-full e-flex e-con e-child\" data-id=\"122c89f0\" data-element_type=\"container\">\n\t\t<div class=\"elementor-element elementor-element-6ecb761f e-con-full e-flex e-con e-child\" data-id=\"6ecb761f\" data-element_type=\"container\">\n\t\t\t\t<div class=\"elementor-element elementor-element-527614b8 elementor-widget elementor-widget-wd_counter\" data-id=\"527614b8\" data-element_type=\"widget\" data-widget_type=\"wd_counter.default\">\n\t\t\t\t<div class=\"elementor-widget-container\">\n\t\t\t\t\t\t\t<div class=\"woodmart-counter counter-large text-center color-scheme-light\">\n\t\t\t<div class=\"counter-value\" data-state=\"new\" data-final=\"260\">\n\t\t\t\t0\t\t\t<\/div>\n\n\t\t\t\t\t\t\t<div class=\"counter-label\">\n\t\t\t\t\t\u00c9QUIPEMENT(unit\u00e9s)\t\t\t\t<\/div>\n\t\t\t\t\t<\/div>\n\t\t\t\t\t\t<\/div>\n\t\t\t\t<\/div>\n\t\t\t\t<\/div>\n\t\t<div class=\"elementor-element elementor-element-4905952d e-con-full e-flex e-con e-child\" data-id=\"4905952d\" data-element_type=\"container\">\n\t\t\t\t<div class=\"elementor-element elementor-element-1a3ecbd0 elementor-widget elementor-widget-wd_counter\" data-id=\"1a3ecbd0\" data-element_type=\"widget\" data-widget_type=\"wd_counter.default\">\n\t\t\t\t<div class=\"elementor-widget-container\">\n\t\t\t\t\t\t\t<div class=\"woodmart-counter counter-large text-center color-scheme-light\">\n\t\t\t<div class=\"counter-value\" data-state=\"new\" data-final=\"60000\">\n\t\t\t\t0\t\t\t<\/div>\n\n\t\t\t\t\t\t\t<div class=\"counter-label\">\n\t\t\t\t\tCARATS\t\t\t\t<\/div>\n\t\t\t\t\t<\/div>\n\t\t\t\t\t\t<\/div>\n\t\t\t\t<\/div>\n\t\t\t\t<\/div>\n\t\t\t\t<\/div>\n\t\t\t\t<\/div>\n\t\t\t\t\t<\/div>\n\t\t\t\t<\/div>\n\t\t\t\t<\/div>","protected":false},"excerpt":{"rendered":"<p>QUELQUES MOTS SUR NOUS Un travail d'\u00e9quipe bien coordonn\u00e9 parle de nous Une \u00e9quipe de R&amp;D de premier plan Rassemblant des experts titulaires d'un doctorat et des \u00e9quipes de R&amp;D provinciales, elle s'appuie sur<\/p>","protected":false},"author":1,"featured_media":0,"parent":0,"menu_order":0,"comment_status":"closed","ping_status":"closed","template":"","meta":{"footnotes":""},"class_list":["post-4400","page","type-page","status-publish","hentry"],"_links":{"self":[{"href":"https:\/\/smkbio.com\/fr\/wp-json\/wp\/v2\/pages\/4400","targetHints":{"allow":["GET"]}}],"collection":[{"href":"https:\/\/smkbio.com\/fr\/wp-json\/wp\/v2\/pages"}],"about":[{"href":"https:\/\/smkbio.com\/fr\/wp-json\/wp\/v2\/types\/page"}],"author":[{"embeddable":true,"href":"https:\/\/smkbio.com\/fr\/wp-json\/wp\/v2\/users\/1"}],"replies":[{"embeddable":true,"href":"https:\/\/smkbio.com\/fr\/wp-json\/wp\/v2\/comments?post=4400"}],"version-history":[{"count":22,"href":"https:\/\/smkbio.com\/fr\/wp-json\/wp\/v2\/pages\/4400\/revisions"}],"predecessor-version":[{"id":16248,"href":"https:\/\/smkbio.com\/fr\/wp-json\/wp\/v2\/pages\/4400\/revisions\/16248"}],"wp:attachment":[{"href":"https:\/\/smkbio.com\/fr\/wp-json\/wp\/v2\/media?parent=4400"}],"curies":[{"name":"wp","href":"https:\/\/api.w.org\/{rel}","templated":true}]}}