{"id":15983,"date":"2025-05-20T06:06:55","date_gmt":"2025-05-20T06:06:55","guid":{"rendered":"https:\/\/smkbio.com\/?post_type=product&#038;p=15983"},"modified":"2026-03-25T13:13:17","modified_gmt":"2026-03-25T13:13:17","slug":"aminobutyric-acid","status":"publish","type":"product","link":"https:\/\/smkbio.com\/fr\/produit\/aminobutyric-acid\/","title":{"rendered":"Acide aminobutyrique"},"content":{"rendered":"<p><img fetchpriority=\"high\" decoding=\"async\" class=\"alignnone size-full wp-image-15994\" src=\"https:\/\/smkbio.com\/wp-content\/uploads\/2025\/05\/\u6c28\u57fa\u4e01\u9178\u8be6\u60c5\u4e1a_01.jpg\" alt=\"\" width=\"790\" height=\"1306\" srcset=\"https:\/\/smkbio.com\/wp-content\/uploads\/2025\/05\/\u6c28\u57fa\u4e01\u9178\u8be6\u60c5\u4e1a_01.jpg 790w, https:\/\/smkbio.com\/wp-content\/uploads\/2025\/05\/\u6c28\u57fa\u4e01\u9178\u8be6\u60c5\u4e1a_01-181x300.jpg 181w, https:\/\/smkbio.com\/wp-content\/uploads\/2025\/05\/\u6c28\u57fa\u4e01\u9178\u8be6\u60c5\u4e1a_01-484x800.jpg 484w, https:\/\/smkbio.com\/wp-content\/uploads\/2025\/05\/\u6c28\u57fa\u4e01\u9178\u8be6\u60c5\u4e1a_01-768x1270.jpg 768w, https:\/\/smkbio.com\/wp-content\/uploads\/2025\/05\/\u6c28\u57fa\u4e01\u9178\u8be6\u60c5\u4e1a_01-430x711.jpg 430w, https:\/\/smkbio.com\/wp-content\/uploads\/2025\/05\/\u6c28\u57fa\u4e01\u9178\u8be6\u60c5\u4e1a_01-700x1157.jpg 700w, https:\/\/smkbio.com\/wp-content\/uploads\/2025\/05\/\u6c28\u57fa\u4e01\u9178\u8be6\u60c5\u4e1a_01-150x248.jpg 150w\" sizes=\"(max-width: 790px) 100vw, 790px\" \/> <img decoding=\"async\" class=\"alignnone size-full wp-image-15995\" src=\"https:\/\/smkbio.com\/wp-content\/uploads\/2025\/05\/\u6c28\u57fa\u4e01\u9178\u8be6\u60c5\u4e1a_02.jpg\" alt=\"\" width=\"790\" height=\"1062\" srcset=\"https:\/\/smkbio.com\/wp-content\/uploads\/2025\/05\/\u6c28\u57fa\u4e01\u9178\u8be6\u60c5\u4e1a_02.jpg 790w, https:\/\/smkbio.com\/wp-content\/uploads\/2025\/05\/\u6c28\u57fa\u4e01\u9178\u8be6\u60c5\u4e1a_02-223x300.jpg 223w, https:\/\/smkbio.com\/wp-content\/uploads\/2025\/05\/\u6c28\u57fa\u4e01\u9178\u8be6\u60c5\u4e1a_02-595x800.jpg 595w, https:\/\/smkbio.com\/wp-content\/uploads\/2025\/05\/\u6c28\u57fa\u4e01\u9178\u8be6\u60c5\u4e1a_02-768x1032.jpg 768w, https:\/\/smkbio.com\/wp-content\/uploads\/2025\/05\/\u6c28\u57fa\u4e01\u9178\u8be6\u60c5\u4e1a_02-430x578.jpg 430w, https:\/\/smkbio.com\/wp-content\/uploads\/2025\/05\/\u6c28\u57fa\u4e01\u9178\u8be6\u60c5\u4e1a_02-700x941.jpg 700w, https:\/\/smkbio.com\/wp-content\/uploads\/2025\/05\/\u6c28\u57fa\u4e01\u9178\u8be6\u60c5\u4e1a_02-150x202.jpg 150w\" sizes=\"(max-width: 790px) 100vw, 790px\" \/> <img decoding=\"async\" class=\"alignnone size-full wp-image-15996\" src=\"https:\/\/smkbio.com\/wp-content\/uploads\/2025\/05\/\u6c28\u57fa\u4e01\u9178\u8be6\u60c5\u4e1a_04.jpg\" alt=\"\" width=\"790\" height=\"1269\" srcset=\"https:\/\/smkbio.com\/wp-content\/uploads\/2025\/05\/\u6c28\u57fa\u4e01\u9178\u8be6\u60c5\u4e1a_04.jpg 790w, https:\/\/smkbio.com\/wp-content\/uploads\/2025\/05\/\u6c28\u57fa\u4e01\u9178\u8be6\u60c5\u4e1a_04-187x300.jpg 187w, https:\/\/smkbio.com\/wp-content\/uploads\/2025\/05\/\u6c28\u57fa\u4e01\u9178\u8be6\u60c5\u4e1a_04-498x800.jpg 498w, https:\/\/smkbio.com\/wp-content\/uploads\/2025\/05\/\u6c28\u57fa\u4e01\u9178\u8be6\u60c5\u4e1a_04-768x1234.jpg 768w, https:\/\/smkbio.com\/wp-content\/uploads\/2025\/05\/\u6c28\u57fa\u4e01\u9178\u8be6\u60c5\u4e1a_04-430x691.jpg 430w, https:\/\/smkbio.com\/wp-content\/uploads\/2025\/05\/\u6c28\u57fa\u4e01\u9178\u8be6\u60c5\u4e1a_04-700x1124.jpg 700w, https:\/\/smkbio.com\/wp-content\/uploads\/2025\/05\/\u6c28\u57fa\u4e01\u9178\u8be6\u60c5\u4e1a_04-150x241.jpg 150w\" sizes=\"(max-width: 790px) 100vw, 790px\" \/> <img loading=\"lazy\" decoding=\"async\" class=\"alignnone size-full wp-image-15997\" src=\"https:\/\/smkbio.com\/wp-content\/uploads\/2025\/05\/\u6c28\u57fa\u4e01\u9178\u8be6\u60c5\u4e1a_07.jpg\" alt=\"\" width=\"790\" height=\"816\" srcset=\"https:\/\/smkbio.com\/wp-content\/uploads\/2025\/05\/\u6c28\u57fa\u4e01\u9178\u8be6\u60c5\u4e1a_07.jpg 790w, https:\/\/smkbio.com\/wp-content\/uploads\/2025\/05\/\u6c28\u57fa\u4e01\u9178\u8be6\u60c5\u4e1a_07-290x300.jpg 290w, https:\/\/smkbio.com\/wp-content\/uploads\/2025\/05\/\u6c28\u57fa\u4e01\u9178\u8be6\u60c5\u4e1a_07-775x800.jpg 775w, https:\/\/smkbio.com\/wp-content\/uploads\/2025\/05\/\u6c28\u57fa\u4e01\u9178\u8be6\u60c5\u4e1a_07-768x793.jpg 768w, https:\/\/smkbio.com\/wp-content\/uploads\/2025\/05\/\u6c28\u57fa\u4e01\u9178\u8be6\u60c5\u4e1a_07-430x444.jpg 430w, https:\/\/smkbio.com\/wp-content\/uploads\/2025\/05\/\u6c28\u57fa\u4e01\u9178\u8be6\u60c5\u4e1a_07-700x723.jpg 700w, https:\/\/smkbio.com\/wp-content\/uploads\/2025\/05\/\u6c28\u57fa\u4e01\u9178\u8be6\u60c5\u4e1a_07-150x155.jpg 150w\" sizes=\"(max-width: 790px) 100vw, 790px\" \/><\/p>\n<p>Il a les fonctions remarquables suivantes<br \/>\n1. acc\u00e9l\u00e9rer la s\u00e9cr\u00e9tion de l'hormone de croissance et la croissance des animaux ;<br \/>\n2.Am\u00e9liorer l'ingestion d'aliments et le d\u00e9p\u00f4t de prot\u00e9ines ;<br \/>\n3. am\u00e9liorer l'indice de consommation ;<br \/>\n4. am\u00e9liorer la r\u00e9sistance des animaux au stress ;<br \/>\n5. Diminue l'agitation et am\u00e9liore le sommeil des animaux.<\/p>","protected":false},"excerpt":{"rendered":"<p>L'acide aminobutyrique est destin\u00e9 aux ruminants (bovins, moutons, vaches laiti\u00e8res, etc.) afin d'am\u00e9liorer l'indice de consommation et d'acc\u00e9l\u00e9rer la s\u00e9cr\u00e9tion de l'hormone de croissance et la croissance des animaux.<\/p>","protected":false},"featured_media":15991,"comment_status":"open","ping_status":"closed","template":"","meta":[],"product_brand":[],"product_cat":[20],"product_tag":[],"class_list":{"0":"post-15983","1":"product","2":"type-product","3":"status-publish","4":"has-post-thumbnail","6":"product_cat-product","8":"first","9":"instock","10":"shipping-taxable","11":"product-type-simple"},"_links":{"self":[{"href":"https:\/\/smkbio.com\/fr\/wp-json\/wp\/v2\/product\/15983","targetHints":{"allow":["GET"]}}],"collection":[{"href":"https:\/\/smkbio.com\/fr\/wp-json\/wp\/v2\/product"}],"about":[{"href":"https:\/\/smkbio.com\/fr\/wp-json\/wp\/v2\/types\/product"}],"replies":[{"embeddable":true,"href":"https:\/\/smkbio.com\/fr\/wp-json\/wp\/v2\/comments?post=15983"}],"version-history":[{"count":2,"href":"https:\/\/smkbio.com\/fr\/wp-json\/wp\/v2\/product\/15983\/revisions"}],"predecessor-version":[{"id":16006,"href":"https:\/\/smkbio.com\/fr\/wp-json\/wp\/v2\/product\/15983\/revisions\/16006"}],"wp:featuredmedia":[{"embeddable":true,"href":"https:\/\/smkbio.com\/fr\/wp-json\/wp\/v2\/media\/15991"}],"wp:attachment":[{"href":"https:\/\/smkbio.com\/fr\/wp-json\/wp\/v2\/media?parent=15983"}],"wp:term":[{"taxonomy":"product_brand","embeddable":true,"href":"https:\/\/smkbio.com\/fr\/wp-json\/wp\/v2\/product_brand?post=15983"},{"taxonomy":"product_cat","embeddable":true,"href":"https:\/\/smkbio.com\/fr\/wp-json\/wp\/v2\/product_cat?post=15983"},{"taxonomy":"product_tag","embeddable":true,"href":"https:\/\/smkbio.com\/fr\/wp-json\/wp\/v2\/product_tag?post=15983"}],"curies":[{"name":"wp","href":"https:\/\/api.w.org\/{rel}","templated":true}]}}