{"id":15984,"date":"2025-05-20T06:06:56","date_gmt":"2025-05-20T06:06:56","guid":{"rendered":"https:\/\/smkbio.com\/?post_type=product&#038;p=15984"},"modified":"2025-05-20T06:15:02","modified_gmt":"2025-05-20T06:15:02","slug":"hydrogen-peroxide-sheet","status":"publish","type":"product","link":"https:\/\/smkbio.com\/fr\/produit\/hydrogen-peroxide-sheet\/","title":{"rendered":"Feuille de peroxyde d'hydrog\u00e8ne"},"content":{"rendered":"<p><img fetchpriority=\"high\" decoding=\"async\" class=\"alignnone size-full wp-image-16002\" src=\"https:\/\/smkbio.com\/wp-content\/uploads\/2025\/05\/\u589e\u6c27\u7247\u8be6\u60c5\u56fe_01.jpg\" alt=\"\" width=\"790\" height=\"1306\" srcset=\"https:\/\/smkbio.com\/wp-content\/uploads\/2025\/05\/\u589e\u6c27\u7247\u8be6\u60c5\u56fe_01.jpg 790w, https:\/\/smkbio.com\/wp-content\/uploads\/2025\/05\/\u589e\u6c27\u7247\u8be6\u60c5\u56fe_01-181x300.jpg 181w, https:\/\/smkbio.com\/wp-content\/uploads\/2025\/05\/\u589e\u6c27\u7247\u8be6\u60c5\u56fe_01-484x800.jpg 484w, https:\/\/smkbio.com\/wp-content\/uploads\/2025\/05\/\u589e\u6c27\u7247\u8be6\u60c5\u56fe_01-768x1270.jpg 768w, https:\/\/smkbio.com\/wp-content\/uploads\/2025\/05\/\u589e\u6c27\u7247\u8be6\u60c5\u56fe_01-430x711.jpg 430w, https:\/\/smkbio.com\/wp-content\/uploads\/2025\/05\/\u589e\u6c27\u7247\u8be6\u60c5\u56fe_01-700x1157.jpg 700w, https:\/\/smkbio.com\/wp-content\/uploads\/2025\/05\/\u589e\u6c27\u7247\u8be6\u60c5\u56fe_01-150x248.jpg 150w\" sizes=\"(max-width: 790px) 100vw, 790px\" \/> <img decoding=\"async\" class=\"alignnone size-full wp-image-16003\" src=\"https:\/\/smkbio.com\/wp-content\/uploads\/2025\/05\/\u589e\u6c27\u7247\u8be6\u60c5\u56fe_02.jpg\" alt=\"\" width=\"790\" height=\"1062\" srcset=\"https:\/\/smkbio.com\/wp-content\/uploads\/2025\/05\/\u589e\u6c27\u7247\u8be6\u60c5\u56fe_02.jpg 790w, https:\/\/smkbio.com\/wp-content\/uploads\/2025\/05\/\u589e\u6c27\u7247\u8be6\u60c5\u56fe_02-223x300.jpg 223w, https:\/\/smkbio.com\/wp-content\/uploads\/2025\/05\/\u589e\u6c27\u7247\u8be6\u60c5\u56fe_02-595x800.jpg 595w, https:\/\/smkbio.com\/wp-content\/uploads\/2025\/05\/\u589e\u6c27\u7247\u8be6\u60c5\u56fe_02-768x1032.jpg 768w, https:\/\/smkbio.com\/wp-content\/uploads\/2025\/05\/\u589e\u6c27\u7247\u8be6\u60c5\u56fe_02-430x578.jpg 430w, https:\/\/smkbio.com\/wp-content\/uploads\/2025\/05\/\u589e\u6c27\u7247\u8be6\u60c5\u56fe_02-700x941.jpg 700w, https:\/\/smkbio.com\/wp-content\/uploads\/2025\/05\/\u589e\u6c27\u7247\u8be6\u60c5\u56fe_02-150x202.jpg 150w\" sizes=\"(max-width: 790px) 100vw, 790px\" \/> <img decoding=\"async\" class=\"alignnone size-full wp-image-16004\" src=\"https:\/\/smkbio.com\/wp-content\/uploads\/2025\/05\/\u589e\u6c27\u7247\u8be6\u60c5\u56fe_04.jpg\" alt=\"\" width=\"790\" height=\"1269\" srcset=\"https:\/\/smkbio.com\/wp-content\/uploads\/2025\/05\/\u589e\u6c27\u7247\u8be6\u60c5\u56fe_04.jpg 790w, https:\/\/smkbio.com\/wp-content\/uploads\/2025\/05\/\u589e\u6c27\u7247\u8be6\u60c5\u56fe_04-187x300.jpg 187w, https:\/\/smkbio.com\/wp-content\/uploads\/2025\/05\/\u589e\u6c27\u7247\u8be6\u60c5\u56fe_04-498x800.jpg 498w, https:\/\/smkbio.com\/wp-content\/uploads\/2025\/05\/\u589e\u6c27\u7247\u8be6\u60c5\u56fe_04-768x1234.jpg 768w, https:\/\/smkbio.com\/wp-content\/uploads\/2025\/05\/\u589e\u6c27\u7247\u8be6\u60c5\u56fe_04-430x691.jpg 430w, https:\/\/smkbio.com\/wp-content\/uploads\/2025\/05\/\u589e\u6c27\u7247\u8be6\u60c5\u56fe_04-700x1124.jpg 700w, https:\/\/smkbio.com\/wp-content\/uploads\/2025\/05\/\u589e\u6c27\u7247\u8be6\u60c5\u56fe_04-150x241.jpg 150w\" sizes=\"(max-width: 790px) 100vw, 790px\" \/> <img loading=\"lazy\" decoding=\"async\" class=\"alignnone size-full wp-image-16005\" src=\"https:\/\/smkbio.com\/wp-content\/uploads\/2025\/05\/\u589e\u6c27\u7247\u8be6\u60c5\u56fe_05.jpg\" alt=\"\" width=\"790\" height=\"817\" srcset=\"https:\/\/smkbio.com\/wp-content\/uploads\/2025\/05\/\u589e\u6c27\u7247\u8be6\u60c5\u56fe_05.jpg 790w, https:\/\/smkbio.com\/wp-content\/uploads\/2025\/05\/\u589e\u6c27\u7247\u8be6\u60c5\u56fe_05-290x300.jpg 290w, https:\/\/smkbio.com\/wp-content\/uploads\/2025\/05\/\u589e\u6c27\u7247\u8be6\u60c5\u56fe_05-774x800.jpg 774w, https:\/\/smkbio.com\/wp-content\/uploads\/2025\/05\/\u589e\u6c27\u7247\u8be6\u60c5\u56fe_05-768x794.jpg 768w, https:\/\/smkbio.com\/wp-content\/uploads\/2025\/05\/\u589e\u6c27\u7247\u8be6\u60c5\u56fe_05-430x445.jpg 430w, https:\/\/smkbio.com\/wp-content\/uploads\/2025\/05\/\u589e\u6c27\u7247\u8be6\u60c5\u56fe_05-700x724.jpg 700w, https:\/\/smkbio.com\/wp-content\/uploads\/2025\/05\/\u589e\u6c27\u7247\u8be6\u60c5\u56fe_05-150x155.jpg 150w\" sizes=\"(max-width: 790px) 100vw, 790px\" \/><\/p>\n<p>\u3010 Fonction du produit \u3011Il peut augmenter rapidement la teneur en oxyg\u00e8ne dissous dans les s\u00e9diments de fond et l'eau de l'\u00e9tang, augmenter le potentiel d'oxydo-r\u00e9duction et am\u00e9liorer consid\u00e9rablement les ph\u00e9nom\u00e8nes tels que le noircissement, le chauffage, la puanteur au fond ou la couleur noire et rouge de l'eau caus\u00e9e par la pourriture des plantes aquatiques. Am\u00e9liorer l'environnement aquatique et renforcer la capacit\u00e9 de d\u00e9composition des probiotiques pour les mati\u00e8res organiques.<br \/>\n2. R\u00e9duire efficacement les nitrites, l'azote ammoniacal, les sulfures et les sels m\u00e9talliques nocifs dans les masses d'eau, et promouvoir l'\u00e9quilibre de la flore algale.<br \/>\n3. Il peut lib\u00e9rer de l'oxyg\u00e8ne en continu, ce qui est plus long que le percarbonate de sodium et d'autres, et a une marge de profit plus \u00e9lev\u00e9e. Il a une plus grande capacit\u00e9 \u00e0 am\u00e9liorer le fond, \u00e0 d\u00e9sodoriser et \u00e0 oxyder les mati\u00e8res organiques. Apr\u00e8s une utilisation fr\u00e9quente, il n'y a pas de durcissement des boues de fond.<br \/>\nUne utilisation r\u00e9guli\u00e8re pendant la saison chaude peut inhiber efficacement la reproduction des bact\u00e9ries nocives et des infections bact\u00e9riennes, etc.<br \/>\n\u3010 Caract\u00e9ristiques du produit \u3011 Haute teneur en oxyg\u00e8ne actif, forte capacit\u00e9 d'oxydation, respectueux de l'environnement, s\u00fbr et stable, non toxique.<\/p>","protected":false},"excerpt":{"rendered":"<p>Comprim\u00e9s d\u00e9sinfectants de dioxyde d'hydrog\u00e8ne,Le peroxyde d'hydrog\u00e8ne solide, un agent non chlor\u00e9, ne laisse pas de r\u00e9sidus, n'a pas d'effets secondaires toxiques, ne cause pas de pollution environnementale, et est utilis\u00e9 en aquaculture pour l'oxyg\u00e9nation, la d\u00e9sinfection et la st\u00e9rilisation, l'am\u00e9lioration de la qualit\u00e9 de l'eau et la d\u00e9sintoxication.<\/p>","protected":false},"featured_media":16001,"comment_status":"open","ping_status":"closed","template":"","meta":[],"product_brand":[],"product_cat":[20],"product_tag":[],"class_list":{"0":"post-15984","1":"product","2":"type-product","3":"status-publish","4":"has-post-thumbnail","6":"product_cat-product","8":"first","9":"instock","10":"shipping-taxable","11":"product-type-simple"},"_links":{"self":[{"href":"https:\/\/smkbio.com\/fr\/wp-json\/wp\/v2\/product\/15984","targetHints":{"allow":["GET"]}}],"collection":[{"href":"https:\/\/smkbio.com\/fr\/wp-json\/wp\/v2\/product"}],"about":[{"href":"https:\/\/smkbio.com\/fr\/wp-json\/wp\/v2\/types\/product"}],"replies":[{"embeddable":true,"href":"https:\/\/smkbio.com\/fr\/wp-json\/wp\/v2\/comments?post=15984"}],"version-history":[{"count":1,"href":"https:\/\/smkbio.com\/fr\/wp-json\/wp\/v2\/product\/15984\/revisions"}],"predecessor-version":[{"id":16007,"href":"https:\/\/smkbio.com\/fr\/wp-json\/wp\/v2\/product\/15984\/revisions\/16007"}],"wp:featuredmedia":[{"embeddable":true,"href":"https:\/\/smkbio.com\/fr\/wp-json\/wp\/v2\/media\/16001"}],"wp:attachment":[{"href":"https:\/\/smkbio.com\/fr\/wp-json\/wp\/v2\/media?parent=15984"}],"wp:term":[{"taxonomy":"product_brand","embeddable":true,"href":"https:\/\/smkbio.com\/fr\/wp-json\/wp\/v2\/product_brand?post=15984"},{"taxonomy":"product_cat","embeddable":true,"href":"https:\/\/smkbio.com\/fr\/wp-json\/wp\/v2\/product_cat?post=15984"},{"taxonomy":"product_tag","embeddable":true,"href":"https:\/\/smkbio.com\/fr\/wp-json\/wp\/v2\/product_tag?post=15984"}],"curies":[{"name":"wp","href":"https:\/\/api.w.org\/{rel}","templated":true}]}}