{"id":15985,"date":"2025-05-20T06:06:57","date_gmt":"2025-05-20T06:06:57","guid":{"rendered":"https:\/\/smkbio.com\/?post_type=product&#038;p=15985"},"modified":"2025-12-29T03:51:30","modified_gmt":"2025-12-29T03:51:30","slug":"dihydropyridine","status":"publish","type":"product","link":"https:\/\/smkbio.com\/fr\/produit\/dihydropyridine\/","title":{"rendered":"Dihydropyridine"},"content":{"rendered":"<p><img fetchpriority=\"high\" decoding=\"async\" class=\"alignnone size-full wp-image-16011\" src=\"https:\/\/smkbio.com\/wp-content\/uploads\/2025\/05\/\u4e8c\u6c22\u5421\u5576\u8be6\u60c5\u56fe_01.jpg\" alt=\"\" width=\"790\" height=\"1306\" srcset=\"https:\/\/smkbio.com\/wp-content\/uploads\/2025\/05\/\u4e8c\u6c22\u5421\u5576\u8be6\u60c5\u56fe_01.jpg 790w, https:\/\/smkbio.com\/wp-content\/uploads\/2025\/05\/\u4e8c\u6c22\u5421\u5576\u8be6\u60c5\u56fe_01-181x300.jpg 181w, https:\/\/smkbio.com\/wp-content\/uploads\/2025\/05\/\u4e8c\u6c22\u5421\u5576\u8be6\u60c5\u56fe_01-484x800.jpg 484w, https:\/\/smkbio.com\/wp-content\/uploads\/2025\/05\/\u4e8c\u6c22\u5421\u5576\u8be6\u60c5\u56fe_01-768x1270.jpg 768w, https:\/\/smkbio.com\/wp-content\/uploads\/2025\/05\/\u4e8c\u6c22\u5421\u5576\u8be6\u60c5\u56fe_01-430x711.jpg 430w, https:\/\/smkbio.com\/wp-content\/uploads\/2025\/05\/\u4e8c\u6c22\u5421\u5576\u8be6\u60c5\u56fe_01-700x1157.jpg 700w, https:\/\/smkbio.com\/wp-content\/uploads\/2025\/05\/\u4e8c\u6c22\u5421\u5576\u8be6\u60c5\u56fe_01-150x248.jpg 150w\" sizes=\"(max-width: 790px) 100vw, 790px\" \/> <img decoding=\"async\" class=\"alignnone size-full wp-image-16012\" src=\"https:\/\/smkbio.com\/wp-content\/uploads\/2025\/05\/\u4e8c\u6c22\u5421\u5576\u8be6\u60c5\u56fe_02.jpg\" alt=\"\" width=\"790\" height=\"1062\" srcset=\"https:\/\/smkbio.com\/wp-content\/uploads\/2025\/05\/\u4e8c\u6c22\u5421\u5576\u8be6\u60c5\u56fe_02.jpg 790w, https:\/\/smkbio.com\/wp-content\/uploads\/2025\/05\/\u4e8c\u6c22\u5421\u5576\u8be6\u60c5\u56fe_02-223x300.jpg 223w, https:\/\/smkbio.com\/wp-content\/uploads\/2025\/05\/\u4e8c\u6c22\u5421\u5576\u8be6\u60c5\u56fe_02-595x800.jpg 595w, https:\/\/smkbio.com\/wp-content\/uploads\/2025\/05\/\u4e8c\u6c22\u5421\u5576\u8be6\u60c5\u56fe_02-768x1032.jpg 768w, https:\/\/smkbio.com\/wp-content\/uploads\/2025\/05\/\u4e8c\u6c22\u5421\u5576\u8be6\u60c5\u56fe_02-430x578.jpg 430w, https:\/\/smkbio.com\/wp-content\/uploads\/2025\/05\/\u4e8c\u6c22\u5421\u5576\u8be6\u60c5\u56fe_02-700x941.jpg 700w, https:\/\/smkbio.com\/wp-content\/uploads\/2025\/05\/\u4e8c\u6c22\u5421\u5576\u8be6\u60c5\u56fe_02-150x202.jpg 150w\" sizes=\"(max-width: 790px) 100vw, 790px\" \/> <img decoding=\"async\" class=\"alignnone size-full wp-image-16013\" src=\"https:\/\/smkbio.com\/wp-content\/uploads\/2025\/05\/\u4e8c\u6c22\u5421\u5576\u8be6\u60c5\u56fe_03.jpg\" alt=\"\" width=\"790\" height=\"1269\" srcset=\"https:\/\/smkbio.com\/wp-content\/uploads\/2025\/05\/\u4e8c\u6c22\u5421\u5576\u8be6\u60c5\u56fe_03.jpg 790w, https:\/\/smkbio.com\/wp-content\/uploads\/2025\/05\/\u4e8c\u6c22\u5421\u5576\u8be6\u60c5\u56fe_03-187x300.jpg 187w, https:\/\/smkbio.com\/wp-content\/uploads\/2025\/05\/\u4e8c\u6c22\u5421\u5576\u8be6\u60c5\u56fe_03-498x800.jpg 498w, https:\/\/smkbio.com\/wp-content\/uploads\/2025\/05\/\u4e8c\u6c22\u5421\u5576\u8be6\u60c5\u56fe_03-768x1234.jpg 768w, https:\/\/smkbio.com\/wp-content\/uploads\/2025\/05\/\u4e8c\u6c22\u5421\u5576\u8be6\u60c5\u56fe_03-430x691.jpg 430w, https:\/\/smkbio.com\/wp-content\/uploads\/2025\/05\/\u4e8c\u6c22\u5421\u5576\u8be6\u60c5\u56fe_03-700x1124.jpg 700w, https:\/\/smkbio.com\/wp-content\/uploads\/2025\/05\/\u4e8c\u6c22\u5421\u5576\u8be6\u60c5\u56fe_03-150x241.jpg 150w\" sizes=\"(max-width: 790px) 100vw, 790px\" \/> <img loading=\"lazy\" decoding=\"async\" class=\"alignnone size-full wp-image-16014\" src=\"https:\/\/smkbio.com\/wp-content\/uploads\/2025\/05\/\u4e8c\u6c22\u5421\u5576\u8be6\u60c5\u56fe_04.jpg\" alt=\"\" width=\"790\" height=\"1497\" srcset=\"https:\/\/smkbio.com\/wp-content\/uploads\/2025\/05\/\u4e8c\u6c22\u5421\u5576\u8be6\u60c5\u56fe_04.jpg 790w, https:\/\/smkbio.com\/wp-content\/uploads\/2025\/05\/\u4e8c\u6c22\u5421\u5576\u8be6\u60c5\u56fe_04-158x300.jpg 158w, https:\/\/smkbio.com\/wp-content\/uploads\/2025\/05\/\u4e8c\u6c22\u5421\u5576\u8be6\u60c5\u56fe_04-422x800.jpg 422w, https:\/\/smkbio.com\/wp-content\/uploads\/2025\/05\/\u4e8c\u6c22\u5421\u5576\u8be6\u60c5\u56fe_04-768x1455.jpg 768w, https:\/\/smkbio.com\/wp-content\/uploads\/2025\/05\/\u4e8c\u6c22\u5421\u5576\u8be6\u60c5\u56fe_04-430x815.jpg 430w, https:\/\/smkbio.com\/wp-content\/uploads\/2025\/05\/\u4e8c\u6c22\u5421\u5576\u8be6\u60c5\u56fe_04-700x1326.jpg 700w, https:\/\/smkbio.com\/wp-content\/uploads\/2025\/05\/\u4e8c\u6c22\u5421\u5576\u8be6\u60c5\u56fe_04-150x284.jpg 150w\" sizes=\"(max-width: 790px) 100vw, 790px\" \/> <img loading=\"lazy\" decoding=\"async\" class=\"alignnone size-full wp-image-16015\" src=\"https:\/\/smkbio.com\/wp-content\/uploads\/2025\/05\/\u4e8c\u6c22\u5421\u5576\u8be6\u60c5\u56fe_05.jpg\" alt=\"\" width=\"790\" height=\"1414\" srcset=\"https:\/\/smkbio.com\/wp-content\/uploads\/2025\/05\/\u4e8c\u6c22\u5421\u5576\u8be6\u60c5\u56fe_05.jpg 790w, https:\/\/smkbio.com\/wp-content\/uploads\/2025\/05\/\u4e8c\u6c22\u5421\u5576\u8be6\u60c5\u56fe_05-168x300.jpg 168w, https:\/\/smkbio.com\/wp-content\/uploads\/2025\/05\/\u4e8c\u6c22\u5421\u5576\u8be6\u60c5\u56fe_05-447x800.jpg 447w, https:\/\/smkbio.com\/wp-content\/uploads\/2025\/05\/\u4e8c\u6c22\u5421\u5576\u8be6\u60c5\u56fe_05-768x1375.jpg 768w, https:\/\/smkbio.com\/wp-content\/uploads\/2025\/05\/\u4e8c\u6c22\u5421\u5576\u8be6\u60c5\u56fe_05-430x770.jpg 430w, https:\/\/smkbio.com\/wp-content\/uploads\/2025\/05\/\u4e8c\u6c22\u5421\u5576\u8be6\u60c5\u56fe_05-700x1253.jpg 700w, https:\/\/smkbio.com\/wp-content\/uploads\/2025\/05\/\u4e8c\u6c22\u5421\u5576\u8be6\u60c5\u56fe_05-150x268.jpg 150w\" sizes=\"(max-width: 790px) 100vw, 790px\" \/> <img loading=\"lazy\" decoding=\"async\" class=\"alignnone size-full wp-image-16016\" src=\"https:\/\/smkbio.com\/wp-content\/uploads\/2025\/05\/\u4e8c\u6c22\u5421\u5576\u8be6\u60c5\u56fe_06.jpg\" alt=\"\" width=\"790\" height=\"1468\" srcset=\"https:\/\/smkbio.com\/wp-content\/uploads\/2025\/05\/\u4e8c\u6c22\u5421\u5576\u8be6\u60c5\u56fe_06.jpg 790w, https:\/\/smkbio.com\/wp-content\/uploads\/2025\/05\/\u4e8c\u6c22\u5421\u5576\u8be6\u60c5\u56fe_06-161x300.jpg 161w, https:\/\/smkbio.com\/wp-content\/uploads\/2025\/05\/\u4e8c\u6c22\u5421\u5576\u8be6\u60c5\u56fe_06-431x800.jpg 431w, https:\/\/smkbio.com\/wp-content\/uploads\/2025\/05\/\u4e8c\u6c22\u5421\u5576\u8be6\u60c5\u56fe_06-768x1427.jpg 768w, https:\/\/smkbio.com\/wp-content\/uploads\/2025\/05\/\u4e8c\u6c22\u5421\u5576\u8be6\u60c5\u56fe_06-430x799.jpg 430w, https:\/\/smkbio.com\/wp-content\/uploads\/2025\/05\/\u4e8c\u6c22\u5421\u5576\u8be6\u60c5\u56fe_06-700x1301.jpg 700w, https:\/\/smkbio.com\/wp-content\/uploads\/2025\/05\/\u4e8c\u6c22\u5421\u5576\u8be6\u60c5\u56fe_06-150x279.jpg 150w\" sizes=\"(max-width: 790px) 100vw, 790px\" \/> <img loading=\"lazy\" decoding=\"async\" class=\"alignnone size-full wp-image-16017\" src=\"https:\/\/smkbio.com\/wp-content\/uploads\/2025\/05\/\u4e8c\u6c22\u5421\u5576\u8be6\u60c5\u56fe_07.jpg\" alt=\"\" width=\"790\" height=\"816\" srcset=\"https:\/\/smkbio.com\/wp-content\/uploads\/2025\/05\/\u4e8c\u6c22\u5421\u5576\u8be6\u60c5\u56fe_07.jpg 790w, https:\/\/smkbio.com\/wp-content\/uploads\/2025\/05\/\u4e8c\u6c22\u5421\u5576\u8be6\u60c5\u56fe_07-290x300.jpg 290w, https:\/\/smkbio.com\/wp-content\/uploads\/2025\/05\/\u4e8c\u6c22\u5421\u5576\u8be6\u60c5\u56fe_07-775x800.jpg 775w, https:\/\/smkbio.com\/wp-content\/uploads\/2025\/05\/\u4e8c\u6c22\u5421\u5576\u8be6\u60c5\u56fe_07-768x793.jpg 768w, https:\/\/smkbio.com\/wp-content\/uploads\/2025\/05\/\u4e8c\u6c22\u5421\u5576\u8be6\u60c5\u56fe_07-430x444.jpg 430w, https:\/\/smkbio.com\/wp-content\/uploads\/2025\/05\/\u4e8c\u6c22\u5421\u5576\u8be6\u60c5\u56fe_07-700x723.jpg 700w, https:\/\/smkbio.com\/wp-content\/uploads\/2025\/05\/\u4e8c\u6c22\u5421\u5576\u8be6\u60c5\u56fe_07-150x155.jpg 150w\" sizes=\"(max-width: 790px) 100vw, 790px\" \/><\/p>\n<p>1. promouvoir la croissance.<br \/>\n2.Am\u00e9liorer les performances de reproduction.<br \/>\n3. pr\u00e9venir les maladies.<br \/>\n4.Am\u00e9liorer l'immunit\u00e9.<br \/>\n5.Am\u00e9liorer la qualit\u00e9 du b\u00e9tail et de la volaille.<br \/>\nFonctionnalit\u00e9 :<br \/>\nAm\u00e9liorer les performances de croissance du b\u00e9tail et de la volaille<br \/>\nL. Am\u00e9liorer le gain de poids quotidien des poulets de 7,23-8,16% ;<br \/>\n2.Am\u00e9liorer le gain de poids quotidien des bovins \u00e0 l'engraissement de 11-16%.<br \/>\nAm\u00e9liorer le taux de pose des pondeuses<br \/>\n1. Am\u00e9liorer le taux de ponte des poules pondeuses pendant toute la p\u00e9riode d'\u00e9levage et l'augmentation moyenne est de 9,96%o ;<br \/>\n2. Augmenter le poids individuel des \u0153ufs de 2,26-3,18%o, diminuer le taux de cassage des \u0153ufs de 31,39-.<br \/>\n37,72%, et \u00e9conomiser 13,5% d'aliments pour animaux.<br \/>\nAm\u00e9liorer le taux de reproduction des animaux reproducteurs<br \/>\n1. augmenter consid\u00e9rablement le volume de l'\u00e9jaculat des m\u00e2les reproducteurs, diminuer le taux d'incidence des maladies infectieuses.<br \/>\nles malformations, l'am\u00e9lioration de la qualit\u00e9 du sperme et donc du taux de f\u00e9condation ;<br \/>\n2.l Am\u00e9liorer le taux de conception des bovins et des ovins de 6.11% ;<br \/>\n3.Am\u00e9liorer le taux de ponte, le taux de f\u00e9condation et le taux d'\u00e9closion des volailles de reproduction.<br \/>\nR\u00e9duire les graisses, prot\u00e9ger le foie et am\u00e9liorer la qualit\u00e9 de la viande<br \/>\n1. Diminuer le taux de graisse h\u00e9patique des couches de 29,8-35,4% et le taux de graisse abdominale de 31,3-39,6%o ;<br \/>\n2. r\u00e9duire l'\u00e9paisseur de la graisse dorsale et le poids de la graisse foliaire des bovins et des ovins de 7,3-11,7% et<br \/>\nde 6,2 \u00e0 9,4%, respectivement. Am\u00e9liorer le taux d'abattage de 5,86 \u00e0 7,23% ;<br \/>\n3. am\u00e9liore consid\u00e9rablement la fra\u00eecheur de la viande, am\u00e9liore la qualit\u00e9 de la viande et prolonge la dur\u00e9e de conservation.<\/p>","protected":false},"excerpt":{"rendered":"<p>La dihydropyridine est utilis\u00e9e pour favoriser la croissance et am\u00e9liorer les performances de reproduction, ainsi que pour pr\u00e9venir les maladies et am\u00e9liorer l'immunit\u00e9 des animaux.<\/p>","protected":false},"featured_media":16008,"comment_status":"open","ping_status":"closed","template":"","meta":[],"product_brand":[],"product_cat":[20],"product_tag":[],"class_list":{"0":"post-15985","1":"product","2":"type-product","3":"status-publish","4":"has-post-thumbnail","6":"product_cat-product","8":"first","9":"instock","10":"shipping-taxable","11":"product-type-simple"},"_links":{"self":[{"href":"https:\/\/smkbio.com\/fr\/wp-json\/wp\/v2\/product\/15985","targetHints":{"allow":["GET"]}}],"collection":[{"href":"https:\/\/smkbio.com\/fr\/wp-json\/wp\/v2\/product"}],"about":[{"href":"https:\/\/smkbio.com\/fr\/wp-json\/wp\/v2\/types\/product"}],"replies":[{"embeddable":true,"href":"https:\/\/smkbio.com\/fr\/wp-json\/wp\/v2\/comments?post=15985"}],"version-history":[{"count":1,"href":"https:\/\/smkbio.com\/fr\/wp-json\/wp\/v2\/product\/15985\/revisions"}],"predecessor-version":[{"id":16018,"href":"https:\/\/smkbio.com\/fr\/wp-json\/wp\/v2\/product\/15985\/revisions\/16018"}],"wp:featuredmedia":[{"embeddable":true,"href":"https:\/\/smkbio.com\/fr\/wp-json\/wp\/v2\/media\/16008"}],"wp:attachment":[{"href":"https:\/\/smkbio.com\/fr\/wp-json\/wp\/v2\/media?parent=15985"}],"wp:term":[{"taxonomy":"product_brand","embeddable":true,"href":"https:\/\/smkbio.com\/fr\/wp-json\/wp\/v2\/product_brand?post=15985"},{"taxonomy":"product_cat","embeddable":true,"href":"https:\/\/smkbio.com\/fr\/wp-json\/wp\/v2\/product_cat?post=15985"},{"taxonomy":"product_tag","embeddable":true,"href":"https:\/\/smkbio.com\/fr\/wp-json\/wp\/v2\/product_tag?post=15985"}],"curies":[{"name":"wp","href":"https:\/\/api.w.org\/{rel}","templated":true}]}}