{"id":15986,"date":"2025-05-20T06:06:58","date_gmt":"2025-05-20T06:06:58","guid":{"rendered":"https:\/\/smkbio.com\/?post_type=product&#038;p=15986"},"modified":"2025-05-20T06:22:13","modified_gmt":"2025-05-20T06:22:13","slug":"potassium-ferrate-tablets","status":"publish","type":"product","link":"https:\/\/smkbio.com\/fr\/produit\/potassium-ferrate-tablets\/","title":{"rendered":"Comprim\u00e9s de ferrate de potassium"},"content":{"rendered":"<p><img fetchpriority=\"high\" decoding=\"async\" class=\"alignnone size-full wp-image-16022\" src=\"https:\/\/smkbio.com\/wp-content\/uploads\/2025\/05\/\u9ad8\u94c1\u536b\u58eb\u8be6\u60c5_01.jpg\" alt=\"\" width=\"790\" height=\"1306\" srcset=\"https:\/\/smkbio.com\/wp-content\/uploads\/2025\/05\/\u9ad8\u94c1\u536b\u58eb\u8be6\u60c5_01.jpg 790w, https:\/\/smkbio.com\/wp-content\/uploads\/2025\/05\/\u9ad8\u94c1\u536b\u58eb\u8be6\u60c5_01-181x300.jpg 181w, https:\/\/smkbio.com\/wp-content\/uploads\/2025\/05\/\u9ad8\u94c1\u536b\u58eb\u8be6\u60c5_01-484x800.jpg 484w, https:\/\/smkbio.com\/wp-content\/uploads\/2025\/05\/\u9ad8\u94c1\u536b\u58eb\u8be6\u60c5_01-768x1270.jpg 768w, https:\/\/smkbio.com\/wp-content\/uploads\/2025\/05\/\u9ad8\u94c1\u536b\u58eb\u8be6\u60c5_01-430x711.jpg 430w, https:\/\/smkbio.com\/wp-content\/uploads\/2025\/05\/\u9ad8\u94c1\u536b\u58eb\u8be6\u60c5_01-700x1157.jpg 700w, https:\/\/smkbio.com\/wp-content\/uploads\/2025\/05\/\u9ad8\u94c1\u536b\u58eb\u8be6\u60c5_01-150x248.jpg 150w\" sizes=\"(max-width: 790px) 100vw, 790px\" \/> <img decoding=\"async\" class=\"alignnone size-full wp-image-16023\" src=\"https:\/\/smkbio.com\/wp-content\/uploads\/2025\/05\/\u9ad8\u94c1\u536b\u58eb\u8be6\u60c5_02.jpg\" alt=\"\" width=\"790\" height=\"1062\" srcset=\"https:\/\/smkbio.com\/wp-content\/uploads\/2025\/05\/\u9ad8\u94c1\u536b\u58eb\u8be6\u60c5_02.jpg 790w, https:\/\/smkbio.com\/wp-content\/uploads\/2025\/05\/\u9ad8\u94c1\u536b\u58eb\u8be6\u60c5_02-223x300.jpg 223w, https:\/\/smkbio.com\/wp-content\/uploads\/2025\/05\/\u9ad8\u94c1\u536b\u58eb\u8be6\u60c5_02-595x800.jpg 595w, https:\/\/smkbio.com\/wp-content\/uploads\/2025\/05\/\u9ad8\u94c1\u536b\u58eb\u8be6\u60c5_02-768x1032.jpg 768w, https:\/\/smkbio.com\/wp-content\/uploads\/2025\/05\/\u9ad8\u94c1\u536b\u58eb\u8be6\u60c5_02-430x578.jpg 430w, https:\/\/smkbio.com\/wp-content\/uploads\/2025\/05\/\u9ad8\u94c1\u536b\u58eb\u8be6\u60c5_02-700x941.jpg 700w, https:\/\/smkbio.com\/wp-content\/uploads\/2025\/05\/\u9ad8\u94c1\u536b\u58eb\u8be6\u60c5_02-150x202.jpg 150w\" sizes=\"(max-width: 790px) 100vw, 790px\" \/> <img decoding=\"async\" class=\"alignnone size-full wp-image-16024\" src=\"https:\/\/smkbio.com\/wp-content\/uploads\/2025\/05\/\u9ad8\u94c1\u536b\u58eb\u8be6\u60c5_04.jpg\" alt=\"\" width=\"790\" height=\"1269\" srcset=\"https:\/\/smkbio.com\/wp-content\/uploads\/2025\/05\/\u9ad8\u94c1\u536b\u58eb\u8be6\u60c5_04.jpg 790w, https:\/\/smkbio.com\/wp-content\/uploads\/2025\/05\/\u9ad8\u94c1\u536b\u58eb\u8be6\u60c5_04-187x300.jpg 187w, https:\/\/smkbio.com\/wp-content\/uploads\/2025\/05\/\u9ad8\u94c1\u536b\u58eb\u8be6\u60c5_04-498x800.jpg 498w, https:\/\/smkbio.com\/wp-content\/uploads\/2025\/05\/\u9ad8\u94c1\u536b\u58eb\u8be6\u60c5_04-768x1234.jpg 768w, https:\/\/smkbio.com\/wp-content\/uploads\/2025\/05\/\u9ad8\u94c1\u536b\u58eb\u8be6\u60c5_04-430x691.jpg 430w, https:\/\/smkbio.com\/wp-content\/uploads\/2025\/05\/\u9ad8\u94c1\u536b\u58eb\u8be6\u60c5_04-700x1124.jpg 700w, https:\/\/smkbio.com\/wp-content\/uploads\/2025\/05\/\u9ad8\u94c1\u536b\u58eb\u8be6\u60c5_04-150x241.jpg 150w\" sizes=\"(max-width: 790px) 100vw, 790px\" \/> <img loading=\"lazy\" decoding=\"async\" class=\"alignnone size-full wp-image-16025\" src=\"https:\/\/smkbio.com\/wp-content\/uploads\/2025\/05\/\u9ad8\u94c1\u536b\u58eb\u8be6\u60c5_05.jpg\" alt=\"\" width=\"790\" height=\"1497\" srcset=\"https:\/\/smkbio.com\/wp-content\/uploads\/2025\/05\/\u9ad8\u94c1\u536b\u58eb\u8be6\u60c5_05.jpg 790w, https:\/\/smkbio.com\/wp-content\/uploads\/2025\/05\/\u9ad8\u94c1\u536b\u58eb\u8be6\u60c5_05-158x300.jpg 158w, https:\/\/smkbio.com\/wp-content\/uploads\/2025\/05\/\u9ad8\u94c1\u536b\u58eb\u8be6\u60c5_05-422x800.jpg 422w, https:\/\/smkbio.com\/wp-content\/uploads\/2025\/05\/\u9ad8\u94c1\u536b\u58eb\u8be6\u60c5_05-768x1455.jpg 768w, https:\/\/smkbio.com\/wp-content\/uploads\/2025\/05\/\u9ad8\u94c1\u536b\u58eb\u8be6\u60c5_05-430x815.jpg 430w, https:\/\/smkbio.com\/wp-content\/uploads\/2025\/05\/\u9ad8\u94c1\u536b\u58eb\u8be6\u60c5_05-700x1326.jpg 700w, https:\/\/smkbio.com\/wp-content\/uploads\/2025\/05\/\u9ad8\u94c1\u536b\u58eb\u8be6\u60c5_05-150x284.jpg 150w\" sizes=\"(max-width: 790px) 100vw, 790px\" \/> <img loading=\"lazy\" decoding=\"async\" class=\"alignnone size-full wp-image-16026\" src=\"https:\/\/smkbio.com\/wp-content\/uploads\/2025\/05\/\u9ad8\u94c1\u536b\u58eb\u8be6\u60c5_07.jpg\" alt=\"\" width=\"790\" height=\"816\" srcset=\"https:\/\/smkbio.com\/wp-content\/uploads\/2025\/05\/\u9ad8\u94c1\u536b\u58eb\u8be6\u60c5_07.jpg 790w, https:\/\/smkbio.com\/wp-content\/uploads\/2025\/05\/\u9ad8\u94c1\u536b\u58eb\u8be6\u60c5_07-290x300.jpg 290w, https:\/\/smkbio.com\/wp-content\/uploads\/2025\/05\/\u9ad8\u94c1\u536b\u58eb\u8be6\u60c5_07-775x800.jpg 775w, https:\/\/smkbio.com\/wp-content\/uploads\/2025\/05\/\u9ad8\u94c1\u536b\u58eb\u8be6\u60c5_07-768x793.jpg 768w, https:\/\/smkbio.com\/wp-content\/uploads\/2025\/05\/\u9ad8\u94c1\u536b\u58eb\u8be6\u60c5_07-430x444.jpg 430w, https:\/\/smkbio.com\/wp-content\/uploads\/2025\/05\/\u9ad8\u94c1\u536b\u58eb\u8be6\u60c5_07-700x723.jpg 700w, https:\/\/smkbio.com\/wp-content\/uploads\/2025\/05\/\u9ad8\u94c1\u536b\u58eb\u8be6\u60c5_07-150x155.jpg 150w\" sizes=\"(max-width: 790px) 100vw, 790px\" \/><\/p>\n<p>[Fonction du produit]<br \/>\n1. D\u00e9gradation des substances nocives : Ce produit peut lib\u00e9rer de l'oxyg\u00e8ne atomique et d\u00e9grader les substances nocives telles que l'azote ammoniacal, les nitrites et le sulfure d'hydrog\u00e8ne dans l'eau. En m\u00eame temps, il inhibe la reproduction excessive des bact\u00e9ries ana\u00e9robies et augmente le potentiel d'oxydo-r\u00e9duction de l'\u00e9tang.<br \/>\n2. Am\u00e9liorer le fond et \u00e9liminer les odeurs, en traitant efficacement les probl\u00e8mes tels que le fond chaud, le fond noir et les odeurs au cours des \u00e9tapes interm\u00e9diaires et ult\u00e9rieures.<br \/>\n3. Am\u00e9liorer la qualit\u00e9 de l'eau : Traiter les probl\u00e8mes tels que l'eau trouble, l'\u00e9cume excessive, les masses d'eau \u00e9paisses, les plantes aquatiques sales et le pourrissement des plantes aquatiques d\u00fb \u00e0 la d\u00e9t\u00e9rioration de la qualit\u00e9 du fond.<br \/>\nIl a un effet significatif d'att\u00e9nuation et d'am\u00e9lioration sur le changement soudain de la qualit\u00e9 de l'eau caus\u00e9 par l'alt\u00e9ration.<br \/>\n4. Contr\u00f4le des algues : Pour les \u00e9tangs sujets \u00e0 la prolif\u00e9ration d'algues bleues pendant les p\u00e9riodes de temp\u00e9ratures \u00e9lev\u00e9es, l'utilisation de ce produit peut couper la source de nutriments des algues bleues et obtenir un effet de contr\u00f4le des algues bleues.<\/p>","protected":false},"excerpt":{"rendered":"<p>Les comprim\u00e9s de ferrate de potassium sont utilis\u00e9s pour d\u00e9grader les substances nocives, am\u00e9liorer le fond de l'eau, \u00e9liminer les odeurs, contr\u00f4ler les algues et purifier la qualit\u00e9 de l'eau, ainsi que pour les propri\u00e9t\u00e9s bact\u00e9ricides et antibact\u00e9riennes.<\/p>","protected":false},"featured_media":16021,"comment_status":"open","ping_status":"closed","template":"","meta":[],"product_brand":[],"product_cat":[20],"product_tag":[],"class_list":{"0":"post-15986","1":"product","2":"type-product","3":"status-publish","4":"has-post-thumbnail","6":"product_cat-product","8":"first","9":"instock","10":"shipping-taxable","11":"product-type-simple"},"_links":{"self":[{"href":"https:\/\/smkbio.com\/fr\/wp-json\/wp\/v2\/product\/15986","targetHints":{"allow":["GET"]}}],"collection":[{"href":"https:\/\/smkbio.com\/fr\/wp-json\/wp\/v2\/product"}],"about":[{"href":"https:\/\/smkbio.com\/fr\/wp-json\/wp\/v2\/types\/product"}],"replies":[{"embeddable":true,"href":"https:\/\/smkbio.com\/fr\/wp-json\/wp\/v2\/comments?post=15986"}],"version-history":[{"count":1,"href":"https:\/\/smkbio.com\/fr\/wp-json\/wp\/v2\/product\/15986\/revisions"}],"predecessor-version":[{"id":16027,"href":"https:\/\/smkbio.com\/fr\/wp-json\/wp\/v2\/product\/15986\/revisions\/16027"}],"wp:featuredmedia":[{"embeddable":true,"href":"https:\/\/smkbio.com\/fr\/wp-json\/wp\/v2\/media\/16021"}],"wp:attachment":[{"href":"https:\/\/smkbio.com\/fr\/wp-json\/wp\/v2\/media?parent=15986"}],"wp:term":[{"taxonomy":"product_brand","embeddable":true,"href":"https:\/\/smkbio.com\/fr\/wp-json\/wp\/v2\/product_brand?post=15986"},{"taxonomy":"product_cat","embeddable":true,"href":"https:\/\/smkbio.com\/fr\/wp-json\/wp\/v2\/product_cat?post=15986"},{"taxonomy":"product_tag","embeddable":true,"href":"https:\/\/smkbio.com\/fr\/wp-json\/wp\/v2\/product_tag?post=15986"}],"curies":[{"name":"wp","href":"https:\/\/api.w.org\/{rel}","templated":true}]}}