{"id":15987,"date":"2025-05-20T06:07:00","date_gmt":"2025-05-20T06:07:00","guid":{"rendered":"https:\/\/smkbio.com\/?post_type=product&#038;p=15987"},"modified":"2025-07-17T09:00:25","modified_gmt":"2025-07-17T09:00:25","slug":"guanidinoacetic-acid","status":"publish","type":"product","link":"https:\/\/smkbio.com\/fr\/produit\/guanidinoacetic-acid\/","title":{"rendered":"Acide guanidinoac\u00e9tique"},"content":{"rendered":"<p><img fetchpriority=\"high\" decoding=\"async\" class=\"alignnone size-full wp-image-16031\" src=\"https:\/\/smkbio.com\/wp-content\/uploads\/2025\/05\/\u80cd\u57fa\u4e59\u9178\u8be6\u60c5_01.jpg\" alt=\"\" width=\"790\" height=\"1306\" srcset=\"https:\/\/smkbio.com\/wp-content\/uploads\/2025\/05\/\u80cd\u57fa\u4e59\u9178\u8be6\u60c5_01.jpg 790w, https:\/\/smkbio.com\/wp-content\/uploads\/2025\/05\/\u80cd\u57fa\u4e59\u9178\u8be6\u60c5_01-181x300.jpg 181w, https:\/\/smkbio.com\/wp-content\/uploads\/2025\/05\/\u80cd\u57fa\u4e59\u9178\u8be6\u60c5_01-484x800.jpg 484w, https:\/\/smkbio.com\/wp-content\/uploads\/2025\/05\/\u80cd\u57fa\u4e59\u9178\u8be6\u60c5_01-768x1270.jpg 768w, https:\/\/smkbio.com\/wp-content\/uploads\/2025\/05\/\u80cd\u57fa\u4e59\u9178\u8be6\u60c5_01-430x711.jpg 430w, https:\/\/smkbio.com\/wp-content\/uploads\/2025\/05\/\u80cd\u57fa\u4e59\u9178\u8be6\u60c5_01-700x1157.jpg 700w, https:\/\/smkbio.com\/wp-content\/uploads\/2025\/05\/\u80cd\u57fa\u4e59\u9178\u8be6\u60c5_01-150x248.jpg 150w\" sizes=\"(max-width: 790px) 100vw, 790px\" \/> <img decoding=\"async\" class=\"alignnone size-full wp-image-16032\" src=\"https:\/\/smkbio.com\/wp-content\/uploads\/2025\/05\/\u80cd\u57fa\u4e59\u9178\u8be6\u60c5_02.jpg\" alt=\"\" width=\"790\" height=\"1062\" srcset=\"https:\/\/smkbio.com\/wp-content\/uploads\/2025\/05\/\u80cd\u57fa\u4e59\u9178\u8be6\u60c5_02.jpg 790w, https:\/\/smkbio.com\/wp-content\/uploads\/2025\/05\/\u80cd\u57fa\u4e59\u9178\u8be6\u60c5_02-223x300.jpg 223w, https:\/\/smkbio.com\/wp-content\/uploads\/2025\/05\/\u80cd\u57fa\u4e59\u9178\u8be6\u60c5_02-595x800.jpg 595w, https:\/\/smkbio.com\/wp-content\/uploads\/2025\/05\/\u80cd\u57fa\u4e59\u9178\u8be6\u60c5_02-768x1032.jpg 768w, https:\/\/smkbio.com\/wp-content\/uploads\/2025\/05\/\u80cd\u57fa\u4e59\u9178\u8be6\u60c5_02-430x578.jpg 430w, https:\/\/smkbio.com\/wp-content\/uploads\/2025\/05\/\u80cd\u57fa\u4e59\u9178\u8be6\u60c5_02-700x941.jpg 700w, https:\/\/smkbio.com\/wp-content\/uploads\/2025\/05\/\u80cd\u57fa\u4e59\u9178\u8be6\u60c5_02-150x202.jpg 150w\" sizes=\"(max-width: 790px) 100vw, 790px\" \/> <img decoding=\"async\" class=\"alignnone size-full wp-image-16033\" src=\"https:\/\/smkbio.com\/wp-content\/uploads\/2025\/05\/\u80cd\u57fa\u4e59\u9178\u8be6\u60c5_03.jpg\" alt=\"\" width=\"790\" height=\"1468\" srcset=\"https:\/\/smkbio.com\/wp-content\/uploads\/2025\/05\/\u80cd\u57fa\u4e59\u9178\u8be6\u60c5_03.jpg 790w, https:\/\/smkbio.com\/wp-content\/uploads\/2025\/05\/\u80cd\u57fa\u4e59\u9178\u8be6\u60c5_03-161x300.jpg 161w, https:\/\/smkbio.com\/wp-content\/uploads\/2025\/05\/\u80cd\u57fa\u4e59\u9178\u8be6\u60c5_03-431x800.jpg 431w, https:\/\/smkbio.com\/wp-content\/uploads\/2025\/05\/\u80cd\u57fa\u4e59\u9178\u8be6\u60c5_03-768x1427.jpg 768w, https:\/\/smkbio.com\/wp-content\/uploads\/2025\/05\/\u80cd\u57fa\u4e59\u9178\u8be6\u60c5_03-430x799.jpg 430w, https:\/\/smkbio.com\/wp-content\/uploads\/2025\/05\/\u80cd\u57fa\u4e59\u9178\u8be6\u60c5_03-700x1301.jpg 700w, https:\/\/smkbio.com\/wp-content\/uploads\/2025\/05\/\u80cd\u57fa\u4e59\u9178\u8be6\u60c5_03-150x279.jpg 150w\" sizes=\"(max-width: 790px) 100vw, 790px\" \/> <img loading=\"lazy\" decoding=\"async\" class=\"alignnone size-full wp-image-16034\" src=\"https:\/\/smkbio.com\/wp-content\/uploads\/2025\/05\/\u80cd\u57fa\u4e59\u9178\u8be6\u60c5_04.jpg\" alt=\"\" width=\"790\" height=\"1269\" srcset=\"https:\/\/smkbio.com\/wp-content\/uploads\/2025\/05\/\u80cd\u57fa\u4e59\u9178\u8be6\u60c5_04.jpg 790w, https:\/\/smkbio.com\/wp-content\/uploads\/2025\/05\/\u80cd\u57fa\u4e59\u9178\u8be6\u60c5_04-187x300.jpg 187w, https:\/\/smkbio.com\/wp-content\/uploads\/2025\/05\/\u80cd\u57fa\u4e59\u9178\u8be6\u60c5_04-498x800.jpg 498w, https:\/\/smkbio.com\/wp-content\/uploads\/2025\/05\/\u80cd\u57fa\u4e59\u9178\u8be6\u60c5_04-768x1234.jpg 768w, https:\/\/smkbio.com\/wp-content\/uploads\/2025\/05\/\u80cd\u57fa\u4e59\u9178\u8be6\u60c5_04-430x691.jpg 430w, https:\/\/smkbio.com\/wp-content\/uploads\/2025\/05\/\u80cd\u57fa\u4e59\u9178\u8be6\u60c5_04-700x1124.jpg 700w, https:\/\/smkbio.com\/wp-content\/uploads\/2025\/05\/\u80cd\u57fa\u4e59\u9178\u8be6\u60c5_04-150x241.jpg 150w\" sizes=\"(max-width: 790px) 100vw, 790px\" \/> <img loading=\"lazy\" decoding=\"async\" class=\"alignnone size-full wp-image-16035\" src=\"https:\/\/smkbio.com\/wp-content\/uploads\/2025\/05\/\u80cd\u57fa\u4e59\u9178\u8be6\u60c5_05.jpg\" alt=\"\" width=\"790\" height=\"1497\" srcset=\"https:\/\/smkbio.com\/wp-content\/uploads\/2025\/05\/\u80cd\u57fa\u4e59\u9178\u8be6\u60c5_05.jpg 790w, https:\/\/smkbio.com\/wp-content\/uploads\/2025\/05\/\u80cd\u57fa\u4e59\u9178\u8be6\u60c5_05-158x300.jpg 158w, https:\/\/smkbio.com\/wp-content\/uploads\/2025\/05\/\u80cd\u57fa\u4e59\u9178\u8be6\u60c5_05-422x800.jpg 422w, https:\/\/smkbio.com\/wp-content\/uploads\/2025\/05\/\u80cd\u57fa\u4e59\u9178\u8be6\u60c5_05-768x1455.jpg 768w, https:\/\/smkbio.com\/wp-content\/uploads\/2025\/05\/\u80cd\u57fa\u4e59\u9178\u8be6\u60c5_05-430x815.jpg 430w, https:\/\/smkbio.com\/wp-content\/uploads\/2025\/05\/\u80cd\u57fa\u4e59\u9178\u8be6\u60c5_05-700x1326.jpg 700w, https:\/\/smkbio.com\/wp-content\/uploads\/2025\/05\/\u80cd\u57fa\u4e59\u9178\u8be6\u60c5_05-150x284.jpg 150w\" sizes=\"(max-width: 790px) 100vw, 790px\" \/> <img loading=\"lazy\" decoding=\"async\" class=\"alignnone size-full wp-image-16036\" src=\"https:\/\/smkbio.com\/wp-content\/uploads\/2025\/05\/\u80cd\u57fa\u4e59\u9178\u8be6\u60c5_06.jpg\" alt=\"\" width=\"790\" height=\"1414\" srcset=\"https:\/\/smkbio.com\/wp-content\/uploads\/2025\/05\/\u80cd\u57fa\u4e59\u9178\u8be6\u60c5_06.jpg 790w, https:\/\/smkbio.com\/wp-content\/uploads\/2025\/05\/\u80cd\u57fa\u4e59\u9178\u8be6\u60c5_06-168x300.jpg 168w, https:\/\/smkbio.com\/wp-content\/uploads\/2025\/05\/\u80cd\u57fa\u4e59\u9178\u8be6\u60c5_06-447x800.jpg 447w, https:\/\/smkbio.com\/wp-content\/uploads\/2025\/05\/\u80cd\u57fa\u4e59\u9178\u8be6\u60c5_06-768x1375.jpg 768w, https:\/\/smkbio.com\/wp-content\/uploads\/2025\/05\/\u80cd\u57fa\u4e59\u9178\u8be6\u60c5_06-430x770.jpg 430w, https:\/\/smkbio.com\/wp-content\/uploads\/2025\/05\/\u80cd\u57fa\u4e59\u9178\u8be6\u60c5_06-700x1253.jpg 700w, https:\/\/smkbio.com\/wp-content\/uploads\/2025\/05\/\u80cd\u57fa\u4e59\u9178\u8be6\u60c5_06-150x268.jpg 150w\" sizes=\"(max-width: 790px) 100vw, 790px\" \/> <img loading=\"lazy\" decoding=\"async\" class=\"alignnone size-full wp-image-16037\" src=\"https:\/\/smkbio.com\/wp-content\/uploads\/2025\/05\/\u80cd\u57fa\u4e59\u9178\u8be6\u60c5_07.jpg\" alt=\"\" width=\"790\" height=\"816\" srcset=\"https:\/\/smkbio.com\/wp-content\/uploads\/2025\/05\/\u80cd\u57fa\u4e59\u9178\u8be6\u60c5_07.jpg 790w, https:\/\/smkbio.com\/wp-content\/uploads\/2025\/05\/\u80cd\u57fa\u4e59\u9178\u8be6\u60c5_07-290x300.jpg 290w, https:\/\/smkbio.com\/wp-content\/uploads\/2025\/05\/\u80cd\u57fa\u4e59\u9178\u8be6\u60c5_07-775x800.jpg 775w, https:\/\/smkbio.com\/wp-content\/uploads\/2025\/05\/\u80cd\u57fa\u4e59\u9178\u8be6\u60c5_07-768x793.jpg 768w, https:\/\/smkbio.com\/wp-content\/uploads\/2025\/05\/\u80cd\u57fa\u4e59\u9178\u8be6\u60c5_07-430x444.jpg 430w, https:\/\/smkbio.com\/wp-content\/uploads\/2025\/05\/\u80cd\u57fa\u4e59\u9178\u8be6\u60c5_07-700x723.jpg 700w, https:\/\/smkbio.com\/wp-content\/uploads\/2025\/05\/\u80cd\u57fa\u4e59\u9178\u8be6\u60c5_07-150x155.jpg 150w\" sizes=\"(max-width: 790px) 100vw, 790px\" \/><\/p>\n<p>Fonctionnalit\u00e9 :<br \/>\n1. am\u00e9liorer la saveur.<br \/>\n2. acc\u00e9l\u00e9rer la croissance.<br \/>\n3.Am\u00e9liorer la figure des animaux.<br \/>\n4.Am\u00e9liorer l'indice de consommation.<br \/>\nM\u00e9canisme d'action ;<br \/>\n1. l'acide guanidinoac\u00e9tique peut am\u00e9liorer la silhouette des animaux lorsqu'il est utilis\u00e9 comme aliment pour animaux<br \/>\nadditif et interm\u00e9diaire dans la synth\u00e8se organique : sa fonction dans l'am\u00e9lioration de la qualit\u00e9 de l'eau.<br \/>\nLa figure de l'animal est particuli\u00e8rement significative et permet d'avoir un dos large et un corps plein.<br \/>\ndes hanches fermes.<br \/>\n2. favoriser la croissance des bovins et des ovins : L'acide guanidinoac\u00e9tique est le pr\u00e9curseur...<br \/>\nde la cr\u00e9atine.lt a une performance stable et un taux d'absorption \u00e9lev\u00e9 et peut causer<br \/>\nplus d'\u00e9nergie utilis\u00e9e pour la synth\u00e8se du tissu musculaire. Elle peut augmenter le poids<br \/>\ndes bovins et des ovins de plus de 7%, favoriser la croissance, l'engraissement et le d\u00e9veloppement de l'enfant.<br \/>\nLa mise sur le march\u00e9 se fait donc 7 \u00e0 10 jours plus t\u00f4t.<br \/>\n3. qualit\u00e9 constante et utilisation s\u00fbre : L'acide guanidino ac\u00e9tique est finalement \u00e9limin\u00e9.<br \/>\nde l'organisme sous forme de cr\u00e9atinine, sans r\u00e9sidus dans l'organisme et de mani\u00e8re efficace.<br \/>\nsurmonter les r\u00e9actions toxiques et les effets secondaires de nombreux m\u00e9dicaments interdits, tels que le lean<br \/>\npoudre de viande et pr\u00e9sente donc une bonne s\u00e9curit\u00e9.<br \/>\n4. Am\u00e9liorer la couleur de la viande : la suppl\u00e9mentation en cr\u00e9atine r\u00e9duit la production d'acides gras om\u00e9ga-3 et d'acides gras polyinsatur\u00e9s.<br \/>\nLes radicaux libres dans les mitochondries permettent d'am\u00e9liorer la couleur et la qualit\u00e9 de la viande,<br \/>\nacc\u00e9l\u00e8re la synth\u00e8se de l'ATP dans les muscles et r\u00e9duit le stress thermique des animaux<br \/>\ndans le transport et le transfert de population.<br \/>\n5.l Am\u00e9liorer les performances reproductives des bovins et des ovins : fournir une alimentation ad\u00e9quate aux animaux.<br \/>\n\u00e9nergie pour les gonades et augmenter le nombre et la vitalit\u00e9 des spermatozo\u00efdes dans le sperme.<\/p>","protected":false},"excerpt":{"rendered":"<p>L'acide guanidinoac\u00e9tique est utilis\u00e9 pour rehausser la saveur, acc\u00e9l\u00e9rer la croissance et am\u00e9liorer la silhouette des animaux et l'indice de consommation des bovins, moutons et autres ruminants.<\/p>","protected":false},"featured_media":16028,"comment_status":"open","ping_status":"closed","template":"","meta":[],"product_brand":[],"product_cat":[20],"product_tag":[],"class_list":{"0":"post-15987","1":"product","2":"type-product","3":"status-publish","4":"has-post-thumbnail","6":"product_cat-product","8":"first","9":"instock","10":"shipping-taxable","11":"product-type-simple"},"_links":{"self":[{"href":"https:\/\/smkbio.com\/fr\/wp-json\/wp\/v2\/product\/15987","targetHints":{"allow":["GET"]}}],"collection":[{"href":"https:\/\/smkbio.com\/fr\/wp-json\/wp\/v2\/product"}],"about":[{"href":"https:\/\/smkbio.com\/fr\/wp-json\/wp\/v2\/types\/product"}],"replies":[{"embeddable":true,"href":"https:\/\/smkbio.com\/fr\/wp-json\/wp\/v2\/comments?post=15987"}],"version-history":[{"count":1,"href":"https:\/\/smkbio.com\/fr\/wp-json\/wp\/v2\/product\/15987\/revisions"}],"predecessor-version":[{"id":16038,"href":"https:\/\/smkbio.com\/fr\/wp-json\/wp\/v2\/product\/15987\/revisions\/16038"}],"wp:featuredmedia":[{"embeddable":true,"href":"https:\/\/smkbio.com\/fr\/wp-json\/wp\/v2\/media\/16028"}],"wp:attachment":[{"href":"https:\/\/smkbio.com\/fr\/wp-json\/wp\/v2\/media?parent=15987"}],"wp:term":[{"taxonomy":"product_brand","embeddable":true,"href":"https:\/\/smkbio.com\/fr\/wp-json\/wp\/v2\/product_brand?post=15987"},{"taxonomy":"product_cat","embeddable":true,"href":"https:\/\/smkbio.com\/fr\/wp-json\/wp\/v2\/product_cat?post=15987"},{"taxonomy":"product_tag","embeddable":true,"href":"https:\/\/smkbio.com\/fr\/wp-json\/wp\/v2\/product_tag?post=15987"}],"curies":[{"name":"wp","href":"https:\/\/api.w.org\/{rel}","templated":true}]}}