{"id":15988,"date":"2025-05-20T06:07:01","date_gmt":"2025-05-20T06:07:01","guid":{"rendered":"https:\/\/smkbio.com\/?post_type=product&#038;p=15988"},"modified":"2025-05-20T06:48:48","modified_gmt":"2025-05-20T06:48:48","slug":"potassium-peroxymonosulfate-tablets","status":"publish","type":"product","link":"https:\/\/smkbio.com\/fr\/produit\/potassium-peroxymonosulfate-tablets\/","title":{"rendered":"Comprim\u00e9s de peroxymonosulfate de potassium"},"content":{"rendered":"<p><img fetchpriority=\"high\" decoding=\"async\" class=\"alignnone size-full wp-image-16042\" src=\"https:\/\/smkbio.com\/wp-content\/uploads\/2025\/05\/\u9ed1\u5e95\u51c0\u8be6\u60c5_01.jpg\" alt=\"\" width=\"790\" height=\"1306\" srcset=\"https:\/\/smkbio.com\/wp-content\/uploads\/2025\/05\/\u9ed1\u5e95\u51c0\u8be6\u60c5_01.jpg 790w, https:\/\/smkbio.com\/wp-content\/uploads\/2025\/05\/\u9ed1\u5e95\u51c0\u8be6\u60c5_01-181x300.jpg 181w, https:\/\/smkbio.com\/wp-content\/uploads\/2025\/05\/\u9ed1\u5e95\u51c0\u8be6\u60c5_01-484x800.jpg 484w, https:\/\/smkbio.com\/wp-content\/uploads\/2025\/05\/\u9ed1\u5e95\u51c0\u8be6\u60c5_01-768x1270.jpg 768w, https:\/\/smkbio.com\/wp-content\/uploads\/2025\/05\/\u9ed1\u5e95\u51c0\u8be6\u60c5_01-430x711.jpg 430w, https:\/\/smkbio.com\/wp-content\/uploads\/2025\/05\/\u9ed1\u5e95\u51c0\u8be6\u60c5_01-700x1157.jpg 700w, https:\/\/smkbio.com\/wp-content\/uploads\/2025\/05\/\u9ed1\u5e95\u51c0\u8be6\u60c5_01-150x248.jpg 150w\" sizes=\"(max-width: 790px) 100vw, 790px\" \/> <img decoding=\"async\" class=\"alignnone size-full wp-image-16043\" src=\"https:\/\/smkbio.com\/wp-content\/uploads\/2025\/05\/\u9ed1\u5e95\u51c0\u8be6\u60c5_02.jpg\" alt=\"\" width=\"790\" height=\"1062\" srcset=\"https:\/\/smkbio.com\/wp-content\/uploads\/2025\/05\/\u9ed1\u5e95\u51c0\u8be6\u60c5_02.jpg 790w, https:\/\/smkbio.com\/wp-content\/uploads\/2025\/05\/\u9ed1\u5e95\u51c0\u8be6\u60c5_02-223x300.jpg 223w, https:\/\/smkbio.com\/wp-content\/uploads\/2025\/05\/\u9ed1\u5e95\u51c0\u8be6\u60c5_02-595x800.jpg 595w, https:\/\/smkbio.com\/wp-content\/uploads\/2025\/05\/\u9ed1\u5e95\u51c0\u8be6\u60c5_02-768x1032.jpg 768w, https:\/\/smkbio.com\/wp-content\/uploads\/2025\/05\/\u9ed1\u5e95\u51c0\u8be6\u60c5_02-430x578.jpg 430w, https:\/\/smkbio.com\/wp-content\/uploads\/2025\/05\/\u9ed1\u5e95\u51c0\u8be6\u60c5_02-700x941.jpg 700w, https:\/\/smkbio.com\/wp-content\/uploads\/2025\/05\/\u9ed1\u5e95\u51c0\u8be6\u60c5_02-150x202.jpg 150w\" sizes=\"(max-width: 790px) 100vw, 790px\" \/> <img decoding=\"async\" class=\"alignnone size-full wp-image-16044\" src=\"https:\/\/smkbio.com\/wp-content\/uploads\/2025\/05\/\u9ed1\u5e95\u51c0\u8be6\u60c5_04.jpg\" alt=\"\" width=\"790\" height=\"1269\" srcset=\"https:\/\/smkbio.com\/wp-content\/uploads\/2025\/05\/\u9ed1\u5e95\u51c0\u8be6\u60c5_04.jpg 790w, https:\/\/smkbio.com\/wp-content\/uploads\/2025\/05\/\u9ed1\u5e95\u51c0\u8be6\u60c5_04-187x300.jpg 187w, https:\/\/smkbio.com\/wp-content\/uploads\/2025\/05\/\u9ed1\u5e95\u51c0\u8be6\u60c5_04-498x800.jpg 498w, https:\/\/smkbio.com\/wp-content\/uploads\/2025\/05\/\u9ed1\u5e95\u51c0\u8be6\u60c5_04-768x1234.jpg 768w, https:\/\/smkbio.com\/wp-content\/uploads\/2025\/05\/\u9ed1\u5e95\u51c0\u8be6\u60c5_04-430x691.jpg 430w, https:\/\/smkbio.com\/wp-content\/uploads\/2025\/05\/\u9ed1\u5e95\u51c0\u8be6\u60c5_04-700x1124.jpg 700w, https:\/\/smkbio.com\/wp-content\/uploads\/2025\/05\/\u9ed1\u5e95\u51c0\u8be6\u60c5_04-150x241.jpg 150w\" sizes=\"(max-width: 790px) 100vw, 790px\" \/> <img loading=\"lazy\" decoding=\"async\" class=\"alignnone size-full wp-image-16045\" src=\"https:\/\/smkbio.com\/wp-content\/uploads\/2025\/05\/\u9ed1\u5e95\u51c0\u8be6\u60c5_06.jpg\" alt=\"\" width=\"790\" height=\"816\" srcset=\"https:\/\/smkbio.com\/wp-content\/uploads\/2025\/05\/\u9ed1\u5e95\u51c0\u8be6\u60c5_06.jpg 790w, https:\/\/smkbio.com\/wp-content\/uploads\/2025\/05\/\u9ed1\u5e95\u51c0\u8be6\u60c5_06-290x300.jpg 290w, https:\/\/smkbio.com\/wp-content\/uploads\/2025\/05\/\u9ed1\u5e95\u51c0\u8be6\u60c5_06-775x800.jpg 775w, https:\/\/smkbio.com\/wp-content\/uploads\/2025\/05\/\u9ed1\u5e95\u51c0\u8be6\u60c5_06-768x793.jpg 768w, https:\/\/smkbio.com\/wp-content\/uploads\/2025\/05\/\u9ed1\u5e95\u51c0\u8be6\u60c5_06-430x444.jpg 430w, https:\/\/smkbio.com\/wp-content\/uploads\/2025\/05\/\u9ed1\u5e95\u51c0\u8be6\u60c5_06-700x723.jpg 700w, https:\/\/smkbio.com\/wp-content\/uploads\/2025\/05\/\u9ed1\u5e95\u51c0\u8be6\u60c5_06-150x155.jpg 150w\" sizes=\"(max-width: 790px) 100vw, 790px\" \/><\/p>\n<p>Il a un effet remarquable sur les s\u00e9diments noircissants et puants, sur les niveaux \u00e9lev\u00e9s d'azote ammoniacal et de nitrite dans l'eau et sur le sulfure d'hydrog\u00e8ne excessif. Son utilisation r\u00e9guli\u00e8re peut r\u00e9duire la probabilit\u00e9 d'apparition d'algues bleues.<\/p>","protected":false},"excerpt":{"rendered":"<p>Les comprim\u00e9s de peroxymonosulfate de potassium sont utilis\u00e9s pour am\u00e9liorer l'environnement aquatique et inhiber la prolif\u00e9ration des algues bleues. Ils conviennent aux plans d'eau.<\/p>","protected":false},"featured_media":16041,"comment_status":"open","ping_status":"closed","template":"","meta":[],"product_brand":[],"product_cat":[20],"product_tag":[],"class_list":{"0":"post-15988","1":"product","2":"type-product","3":"status-publish","4":"has-post-thumbnail","6":"product_cat-product","8":"first","9":"instock","10":"shipping-taxable","11":"product-type-simple"},"_links":{"self":[{"href":"https:\/\/smkbio.com\/fr\/wp-json\/wp\/v2\/product\/15988","targetHints":{"allow":["GET"]}}],"collection":[{"href":"https:\/\/smkbio.com\/fr\/wp-json\/wp\/v2\/product"}],"about":[{"href":"https:\/\/smkbio.com\/fr\/wp-json\/wp\/v2\/types\/product"}],"replies":[{"embeddable":true,"href":"https:\/\/smkbio.com\/fr\/wp-json\/wp\/v2\/comments?post=15988"}],"version-history":[{"count":1,"href":"https:\/\/smkbio.com\/fr\/wp-json\/wp\/v2\/product\/15988\/revisions"}],"predecessor-version":[{"id":16046,"href":"https:\/\/smkbio.com\/fr\/wp-json\/wp\/v2\/product\/15988\/revisions\/16046"}],"wp:featuredmedia":[{"embeddable":true,"href":"https:\/\/smkbio.com\/fr\/wp-json\/wp\/v2\/media\/16041"}],"wp:attachment":[{"href":"https:\/\/smkbio.com\/fr\/wp-json\/wp\/v2\/media?parent=15988"}],"wp:term":[{"taxonomy":"product_brand","embeddable":true,"href":"https:\/\/smkbio.com\/fr\/wp-json\/wp\/v2\/product_brand?post=15988"},{"taxonomy":"product_cat","embeddable":true,"href":"https:\/\/smkbio.com\/fr\/wp-json\/wp\/v2\/product_cat?post=15988"},{"taxonomy":"product_tag","embeddable":true,"href":"https:\/\/smkbio.com\/fr\/wp-json\/wp\/v2\/product_tag?post=15988"}],"curies":[{"name":"wp","href":"https:\/\/api.w.org\/{rel}","templated":true}]}}