{"id":15989,"date":"2025-05-20T06:07:02","date_gmt":"2025-05-20T06:07:02","guid":{"rendered":"https:\/\/smkbio.com\/?post_type=product&#038;p=15989"},"modified":"2025-05-20T06:53:32","modified_gmt":"2025-05-20T06:53:32","slug":"sulfuric-acid-nicotinamide-salt","status":"publish","type":"product","link":"https:\/\/smkbio.com\/fr\/produit\/sulfuric-acid-nicotinamide-salt\/","title":{"rendered":"Sel de nicotinamide de l'acide sulfurique"},"content":{"rendered":"<p><img fetchpriority=\"high\" decoding=\"async\" class=\"alignnone size-full wp-image-16050\" src=\"https:\/\/smkbio.com\/wp-content\/uploads\/2025\/05\/\u6740\u87ba\u5242\u8be6\u60c5\u56fe_01.jpg\" alt=\"\" width=\"790\" height=\"950\" srcset=\"https:\/\/smkbio.com\/wp-content\/uploads\/2025\/05\/\u6740\u87ba\u5242\u8be6\u60c5\u56fe_01.jpg 790w, https:\/\/smkbio.com\/wp-content\/uploads\/2025\/05\/\u6740\u87ba\u5242\u8be6\u60c5\u56fe_01-249x300.jpg 249w, https:\/\/smkbio.com\/wp-content\/uploads\/2025\/05\/\u6740\u87ba\u5242\u8be6\u60c5\u56fe_01-665x800.jpg 665w, https:\/\/smkbio.com\/wp-content\/uploads\/2025\/05\/\u6740\u87ba\u5242\u8be6\u60c5\u56fe_01-768x924.jpg 768w, https:\/\/smkbio.com\/wp-content\/uploads\/2025\/05\/\u6740\u87ba\u5242\u8be6\u60c5\u56fe_01-430x517.jpg 430w, https:\/\/smkbio.com\/wp-content\/uploads\/2025\/05\/\u6740\u87ba\u5242\u8be6\u60c5\u56fe_01-700x842.jpg 700w, https:\/\/smkbio.com\/wp-content\/uploads\/2025\/05\/\u6740\u87ba\u5242\u8be6\u60c5\u56fe_01-150x180.jpg 150w\" sizes=\"(max-width: 790px) 100vw, 790px\" \/> <img decoding=\"async\" class=\"alignnone size-full wp-image-16051\" src=\"https:\/\/smkbio.com\/wp-content\/uploads\/2025\/05\/\u6740\u87ba\u5242\u8be6\u60c5\u56fe_02.jpg\" alt=\"\" width=\"790\" height=\"1133\" srcset=\"https:\/\/smkbio.com\/wp-content\/uploads\/2025\/05\/\u6740\u87ba\u5242\u8be6\u60c5\u56fe_02.jpg 790w, https:\/\/smkbio.com\/wp-content\/uploads\/2025\/05\/\u6740\u87ba\u5242\u8be6\u60c5\u56fe_02-209x300.jpg 209w, https:\/\/smkbio.com\/wp-content\/uploads\/2025\/05\/\u6740\u87ba\u5242\u8be6\u60c5\u56fe_02-558x800.jpg 558w, https:\/\/smkbio.com\/wp-content\/uploads\/2025\/05\/\u6740\u87ba\u5242\u8be6\u60c5\u56fe_02-768x1101.jpg 768w, https:\/\/smkbio.com\/wp-content\/uploads\/2025\/05\/\u6740\u87ba\u5242\u8be6\u60c5\u56fe_02-430x617.jpg 430w, https:\/\/smkbio.com\/wp-content\/uploads\/2025\/05\/\u6740\u87ba\u5242\u8be6\u60c5\u56fe_02-700x1004.jpg 700w, https:\/\/smkbio.com\/wp-content\/uploads\/2025\/05\/\u6740\u87ba\u5242\u8be6\u60c5\u56fe_02-150x215.jpg 150w\" sizes=\"(max-width: 790px) 100vw, 790px\" \/> <img decoding=\"async\" class=\"alignnone size-full wp-image-16052\" src=\"https:\/\/smkbio.com\/wp-content\/uploads\/2025\/05\/\u6740\u87ba\u5242\u8be6\u60c5\u56fe_03.jpg\" alt=\"\" width=\"790\" height=\"559\" srcset=\"https:\/\/smkbio.com\/wp-content\/uploads\/2025\/05\/\u6740\u87ba\u5242\u8be6\u60c5\u56fe_03.jpg 790w, https:\/\/smkbio.com\/wp-content\/uploads\/2025\/05\/\u6740\u87ba\u5242\u8be6\u60c5\u56fe_03-400x283.jpg 400w, https:\/\/smkbio.com\/wp-content\/uploads\/2025\/05\/\u6740\u87ba\u5242\u8be6\u60c5\u56fe_03-768x543.jpg 768w, https:\/\/smkbio.com\/wp-content\/uploads\/2025\/05\/\u6740\u87ba\u5242\u8be6\u60c5\u56fe_03-430x304.jpg 430w, https:\/\/smkbio.com\/wp-content\/uploads\/2025\/05\/\u6740\u87ba\u5242\u8be6\u60c5\u56fe_03-700x495.jpg 700w, https:\/\/smkbio.com\/wp-content\/uploads\/2025\/05\/\u6740\u87ba\u5242\u8be6\u60c5\u56fe_03-150x106.jpg 150w\" sizes=\"(max-width: 790px) 100vw, 790px\" \/> <img loading=\"lazy\" decoding=\"async\" class=\"alignnone size-full wp-image-16053\" src=\"https:\/\/smkbio.com\/wp-content\/uploads\/2025\/05\/\u6740\u87ba\u5242\u8be6\u60c5\u56fe_04.jpg\" alt=\"\" width=\"790\" height=\"950\" srcset=\"https:\/\/smkbio.com\/wp-content\/uploads\/2025\/05\/\u6740\u87ba\u5242\u8be6\u60c5\u56fe_04.jpg 790w, https:\/\/smkbio.com\/wp-content\/uploads\/2025\/05\/\u6740\u87ba\u5242\u8be6\u60c5\u56fe_04-249x300.jpg 249w, https:\/\/smkbio.com\/wp-content\/uploads\/2025\/05\/\u6740\u87ba\u5242\u8be6\u60c5\u56fe_04-665x800.jpg 665w, https:\/\/smkbio.com\/wp-content\/uploads\/2025\/05\/\u6740\u87ba\u5242\u8be6\u60c5\u56fe_04-768x924.jpg 768w, https:\/\/smkbio.com\/wp-content\/uploads\/2025\/05\/\u6740\u87ba\u5242\u8be6\u60c5\u56fe_04-430x517.jpg 430w, https:\/\/smkbio.com\/wp-content\/uploads\/2025\/05\/\u6740\u87ba\u5242\u8be6\u60c5\u56fe_04-700x842.jpg 700w, https:\/\/smkbio.com\/wp-content\/uploads\/2025\/05\/\u6740\u87ba\u5242\u8be6\u60c5\u56fe_04-150x180.jpg 150w\" sizes=\"(max-width: 790px) 100vw, 790px\" \/> <img loading=\"lazy\" decoding=\"async\" class=\"alignnone size-full wp-image-16054\" src=\"https:\/\/smkbio.com\/wp-content\/uploads\/2025\/05\/\u6740\u87ba\u5242\u8be6\u60c5\u56fe_05.jpg\" alt=\"\" width=\"790\" height=\"981\" srcset=\"https:\/\/smkbio.com\/wp-content\/uploads\/2025\/05\/\u6740\u87ba\u5242\u8be6\u60c5\u56fe_05.jpg 790w, https:\/\/smkbio.com\/wp-content\/uploads\/2025\/05\/\u6740\u87ba\u5242\u8be6\u60c5\u56fe_05-242x300.jpg 242w, https:\/\/smkbio.com\/wp-content\/uploads\/2025\/05\/\u6740\u87ba\u5242\u8be6\u60c5\u56fe_05-644x800.jpg 644w, https:\/\/smkbio.com\/wp-content\/uploads\/2025\/05\/\u6740\u87ba\u5242\u8be6\u60c5\u56fe_05-768x954.jpg 768w, https:\/\/smkbio.com\/wp-content\/uploads\/2025\/05\/\u6740\u87ba\u5242\u8be6\u60c5\u56fe_05-430x534.jpg 430w, https:\/\/smkbio.com\/wp-content\/uploads\/2025\/05\/\u6740\u87ba\u5242\u8be6\u60c5\u56fe_05-700x869.jpg 700w, https:\/\/smkbio.com\/wp-content\/uploads\/2025\/05\/\u6740\u87ba\u5242\u8be6\u60c5\u56fe_05-150x186.jpg 150w\" sizes=\"(max-width: 790px) 100vw, 790px\" \/> <img loading=\"lazy\" decoding=\"async\" class=\"alignnone size-full wp-image-16055\" src=\"https:\/\/smkbio.com\/wp-content\/uploads\/2025\/05\/\u6740\u87ba\u5242\u8be6\u60c5\u56fe_06.jpg\" alt=\"\" width=\"790\" height=\"763\" srcset=\"https:\/\/smkbio.com\/wp-content\/uploads\/2025\/05\/\u6740\u87ba\u5242\u8be6\u60c5\u56fe_06.jpg 790w, https:\/\/smkbio.com\/wp-content\/uploads\/2025\/05\/\u6740\u87ba\u5242\u8be6\u60c5\u56fe_06-311x300.jpg 311w, https:\/\/smkbio.com\/wp-content\/uploads\/2025\/05\/\u6740\u87ba\u5242\u8be6\u60c5\u56fe_06-768x742.jpg 768w, https:\/\/smkbio.com\/wp-content\/uploads\/2025\/05\/\u6740\u87ba\u5242\u8be6\u60c5\u56fe_06-430x415.jpg 430w, https:\/\/smkbio.com\/wp-content\/uploads\/2025\/05\/\u6740\u87ba\u5242\u8be6\u60c5\u56fe_06-700x676.jpg 700w, https:\/\/smkbio.com\/wp-content\/uploads\/2025\/05\/\u6740\u87ba\u5242\u8be6\u60c5\u56fe_06-150x145.jpg 150w\" sizes=\"(max-width: 790px) 100vw, 790px\" \/> <img loading=\"lazy\" decoding=\"async\" class=\"alignnone size-full wp-image-16056\" src=\"https:\/\/smkbio.com\/wp-content\/uploads\/2025\/05\/\u6740\u87ba\u5242\u8be6\u60c5\u56fe_07.jpg\" alt=\"\" width=\"790\" height=\"1256\" srcset=\"https:\/\/smkbio.com\/wp-content\/uploads\/2025\/05\/\u6740\u87ba\u5242\u8be6\u60c5\u56fe_07.jpg 790w, https:\/\/smkbio.com\/wp-content\/uploads\/2025\/05\/\u6740\u87ba\u5242\u8be6\u60c5\u56fe_07-189x300.jpg 189w, https:\/\/smkbio.com\/wp-content\/uploads\/2025\/05\/\u6740\u87ba\u5242\u8be6\u60c5\u56fe_07-503x800.jpg 503w, https:\/\/smkbio.com\/wp-content\/uploads\/2025\/05\/\u6740\u87ba\u5242\u8be6\u60c5\u56fe_07-768x1221.jpg 768w, https:\/\/smkbio.com\/wp-content\/uploads\/2025\/05\/\u6740\u87ba\u5242\u8be6\u60c5\u56fe_07-430x684.jpg 430w, https:\/\/smkbio.com\/wp-content\/uploads\/2025\/05\/\u6740\u87ba\u5242\u8be6\u60c5\u56fe_07-700x1113.jpg 700w, https:\/\/smkbio.com\/wp-content\/uploads\/2025\/05\/\u6740\u87ba\u5242\u8be6\u60c5\u56fe_07-150x238.jpg 150w\" sizes=\"(max-width: 790px) 100vw, 790px\" \/> <img loading=\"lazy\" decoding=\"async\" class=\"alignnone size-full wp-image-16057\" src=\"https:\/\/smkbio.com\/wp-content\/uploads\/2025\/05\/\u6740\u87ba\u5242\u8be6\u60c5\u56fe_08.jpg\" alt=\"\" width=\"790\" height=\"601\" srcset=\"https:\/\/smkbio.com\/wp-content\/uploads\/2025\/05\/\u6740\u87ba\u5242\u8be6\u60c5\u56fe_08.jpg 790w, https:\/\/smkbio.com\/wp-content\/uploads\/2025\/05\/\u6740\u87ba\u5242\u8be6\u60c5\u56fe_08-394x300.jpg 394w, https:\/\/smkbio.com\/wp-content\/uploads\/2025\/05\/\u6740\u87ba\u5242\u8be6\u60c5\u56fe_08-768x584.jpg 768w, https:\/\/smkbio.com\/wp-content\/uploads\/2025\/05\/\u6740\u87ba\u5242\u8be6\u60c5\u56fe_08-430x327.jpg 430w, https:\/\/smkbio.com\/wp-content\/uploads\/2025\/05\/\u6740\u87ba\u5242\u8be6\u60c5\u56fe_08-700x533.jpg 700w, https:\/\/smkbio.com\/wp-content\/uploads\/2025\/05\/\u6740\u87ba\u5242\u8be6\u60c5\u56fe_08-150x114.jpg 150w\" sizes=\"(max-width: 790px) 100vw, 790px\" \/><\/p>\n<p>Ce produit peut tuer les poissons, les crevettes, les crabes et d'autres mollusques aquatiques ainsi que les sangsues dans les plans d'eau o\u00f9 se reproduisent les poissons, les crevettes et les crabes, comme l'\u00e9chinac\u00e9e, l'\u00e9chinac\u00e9e conque, l'\u00e9chinac\u00e9e \u00e0 clous, l'\u00e9chinac\u00e9e spirale, l'\u00e9chinac\u00e9e Fushou, l'\u00e9chinac\u00e9e pierre, l'\u00e9chinac\u00e9e de mer, ainsi que les mollusques, les moules d'eau douce et les escargots. Elle peut tuer la cysticercose et inhiber la transformation des \u0153ufs d'escargots. L'effet est stable et dure longtemps. Sans danger pour les animaux d'aquaculture tels que les poissons, les crevettes et les crabes.<\/p>","protected":false},"excerpt":{"rendered":"<p>Agent de destruction des escargots d'eau Sel de nicotinamide de l'acide sulfurique pour am\u00e9liorer l'environnement aquatique et les avantages \u00e9conomiques de l'\u00e9levage<\/p>","protected":false},"featured_media":16048,"comment_status":"open","ping_status":"closed","template":"","meta":[],"product_brand":[],"product_cat":[20],"product_tag":[],"class_list":{"0":"post-15989","1":"product","2":"type-product","3":"status-publish","4":"has-post-thumbnail","6":"product_cat-product","8":"first","9":"instock","10":"shipping-taxable","11":"product-type-simple"},"_links":{"self":[{"href":"https:\/\/smkbio.com\/fr\/wp-json\/wp\/v2\/product\/15989","targetHints":{"allow":["GET"]}}],"collection":[{"href":"https:\/\/smkbio.com\/fr\/wp-json\/wp\/v2\/product"}],"about":[{"href":"https:\/\/smkbio.com\/fr\/wp-json\/wp\/v2\/types\/product"}],"replies":[{"embeddable":true,"href":"https:\/\/smkbio.com\/fr\/wp-json\/wp\/v2\/comments?post=15989"}],"version-history":[{"count":1,"href":"https:\/\/smkbio.com\/fr\/wp-json\/wp\/v2\/product\/15989\/revisions"}],"predecessor-version":[{"id":16058,"href":"https:\/\/smkbio.com\/fr\/wp-json\/wp\/v2\/product\/15989\/revisions\/16058"}],"wp:featuredmedia":[{"embeddable":true,"href":"https:\/\/smkbio.com\/fr\/wp-json\/wp\/v2\/media\/16048"}],"wp:attachment":[{"href":"https:\/\/smkbio.com\/fr\/wp-json\/wp\/v2\/media?parent=15989"}],"wp:term":[{"taxonomy":"product_brand","embeddable":true,"href":"https:\/\/smkbio.com\/fr\/wp-json\/wp\/v2\/product_brand?post=15989"},{"taxonomy":"product_cat","embeddable":true,"href":"https:\/\/smkbio.com\/fr\/wp-json\/wp\/v2\/product_cat?post=15989"},{"taxonomy":"product_tag","embeddable":true,"href":"https:\/\/smkbio.com\/fr\/wp-json\/wp\/v2\/product_tag?post=15989"}],"curies":[{"name":"wp","href":"https:\/\/api.w.org\/{rel}","templated":true}]}}