{"id":15990,"date":"2025-05-20T06:07:03","date_gmt":"2025-05-20T06:07:03","guid":{"rendered":"https:\/\/smkbio.com\/?post_type=product&#038;p=15990"},"modified":"2026-02-18T12:44:26","modified_gmt":"2026-02-18T12:44:26","slug":"aquatic-multivitamins-and-minerals","status":"publish","type":"product","link":"https:\/\/smkbio.com\/fr\/produit\/aquatic-multivitamins-and-minerals\/","title":{"rendered":"Multivitamines et min\u00e9raux aquatiques"},"content":{"rendered":"<p><img fetchpriority=\"high\" decoding=\"async\" class=\"alignnone size-full wp-image-16062\" src=\"https:\/\/smkbio.com\/wp-content\/uploads\/2025\/05\/\u6c34\u4ea7\u591a\u7ef4\u591a\u77ff\u8be6\u60c5_01.jpg\" alt=\"\" width=\"790\" height=\"1306\" srcset=\"https:\/\/smkbio.com\/wp-content\/uploads\/2025\/05\/\u6c34\u4ea7\u591a\u7ef4\u591a\u77ff\u8be6\u60c5_01.jpg 790w, https:\/\/smkbio.com\/wp-content\/uploads\/2025\/05\/\u6c34\u4ea7\u591a\u7ef4\u591a\u77ff\u8be6\u60c5_01-181x300.jpg 181w, https:\/\/smkbio.com\/wp-content\/uploads\/2025\/05\/\u6c34\u4ea7\u591a\u7ef4\u591a\u77ff\u8be6\u60c5_01-484x800.jpg 484w, https:\/\/smkbio.com\/wp-content\/uploads\/2025\/05\/\u6c34\u4ea7\u591a\u7ef4\u591a\u77ff\u8be6\u60c5_01-768x1270.jpg 768w, https:\/\/smkbio.com\/wp-content\/uploads\/2025\/05\/\u6c34\u4ea7\u591a\u7ef4\u591a\u77ff\u8be6\u60c5_01-430x711.jpg 430w, https:\/\/smkbio.com\/wp-content\/uploads\/2025\/05\/\u6c34\u4ea7\u591a\u7ef4\u591a\u77ff\u8be6\u60c5_01-700x1157.jpg 700w, https:\/\/smkbio.com\/wp-content\/uploads\/2025\/05\/\u6c34\u4ea7\u591a\u7ef4\u591a\u77ff\u8be6\u60c5_01-150x248.jpg 150w\" sizes=\"(max-width: 790px) 100vw, 790px\" \/> <img decoding=\"async\" class=\"alignnone size-full wp-image-16063\" src=\"https:\/\/smkbio.com\/wp-content\/uploads\/2025\/05\/\u6c34\u4ea7\u591a\u7ef4\u591a\u77ff\u8be6\u60c5_02.jpg\" alt=\"\" width=\"790\" height=\"1062\" srcset=\"https:\/\/smkbio.com\/wp-content\/uploads\/2025\/05\/\u6c34\u4ea7\u591a\u7ef4\u591a\u77ff\u8be6\u60c5_02.jpg 790w, https:\/\/smkbio.com\/wp-content\/uploads\/2025\/05\/\u6c34\u4ea7\u591a\u7ef4\u591a\u77ff\u8be6\u60c5_02-223x300.jpg 223w, https:\/\/smkbio.com\/wp-content\/uploads\/2025\/05\/\u6c34\u4ea7\u591a\u7ef4\u591a\u77ff\u8be6\u60c5_02-595x800.jpg 595w, https:\/\/smkbio.com\/wp-content\/uploads\/2025\/05\/\u6c34\u4ea7\u591a\u7ef4\u591a\u77ff\u8be6\u60c5_02-768x1032.jpg 768w, https:\/\/smkbio.com\/wp-content\/uploads\/2025\/05\/\u6c34\u4ea7\u591a\u7ef4\u591a\u77ff\u8be6\u60c5_02-430x578.jpg 430w, https:\/\/smkbio.com\/wp-content\/uploads\/2025\/05\/\u6c34\u4ea7\u591a\u7ef4\u591a\u77ff\u8be6\u60c5_02-700x941.jpg 700w, https:\/\/smkbio.com\/wp-content\/uploads\/2025\/05\/\u6c34\u4ea7\u591a\u7ef4\u591a\u77ff\u8be6\u60c5_02-150x202.jpg 150w\" sizes=\"(max-width: 790px) 100vw, 790px\" \/> <img decoding=\"async\" class=\"alignnone size-full wp-image-16064\" src=\"https:\/\/smkbio.com\/wp-content\/uploads\/2025\/05\/\u6c34\u4ea7\u591a\u7ef4\u591a\u77ff\u8be6\u60c5_04.jpg\" alt=\"\" width=\"790\" height=\"1269\" srcset=\"https:\/\/smkbio.com\/wp-content\/uploads\/2025\/05\/\u6c34\u4ea7\u591a\u7ef4\u591a\u77ff\u8be6\u60c5_04.jpg 790w, https:\/\/smkbio.com\/wp-content\/uploads\/2025\/05\/\u6c34\u4ea7\u591a\u7ef4\u591a\u77ff\u8be6\u60c5_04-187x300.jpg 187w, https:\/\/smkbio.com\/wp-content\/uploads\/2025\/05\/\u6c34\u4ea7\u591a\u7ef4\u591a\u77ff\u8be6\u60c5_04-498x800.jpg 498w, https:\/\/smkbio.com\/wp-content\/uploads\/2025\/05\/\u6c34\u4ea7\u591a\u7ef4\u591a\u77ff\u8be6\u60c5_04-768x1234.jpg 768w, https:\/\/smkbio.com\/wp-content\/uploads\/2025\/05\/\u6c34\u4ea7\u591a\u7ef4\u591a\u77ff\u8be6\u60c5_04-430x691.jpg 430w, https:\/\/smkbio.com\/wp-content\/uploads\/2025\/05\/\u6c34\u4ea7\u591a\u7ef4\u591a\u77ff\u8be6\u60c5_04-700x1124.jpg 700w, https:\/\/smkbio.com\/wp-content\/uploads\/2025\/05\/\u6c34\u4ea7\u591a\u7ef4\u591a\u77ff\u8be6\u60c5_04-150x241.jpg 150w\" sizes=\"(max-width: 790px) 100vw, 790px\" \/> <img loading=\"lazy\" decoding=\"async\" class=\"alignnone size-full wp-image-16065\" src=\"https:\/\/smkbio.com\/wp-content\/uploads\/2025\/05\/\u6c34\u4ea7\u591a\u7ef4\u591a\u77ff\u8be6\u60c5_07.jpg\" alt=\"\" width=\"790\" height=\"816\" srcset=\"https:\/\/smkbio.com\/wp-content\/uploads\/2025\/05\/\u6c34\u4ea7\u591a\u7ef4\u591a\u77ff\u8be6\u60c5_07.jpg 790w, https:\/\/smkbio.com\/wp-content\/uploads\/2025\/05\/\u6c34\u4ea7\u591a\u7ef4\u591a\u77ff\u8be6\u60c5_07-290x300.jpg 290w, https:\/\/smkbio.com\/wp-content\/uploads\/2025\/05\/\u6c34\u4ea7\u591a\u7ef4\u591a\u77ff\u8be6\u60c5_07-775x800.jpg 775w, https:\/\/smkbio.com\/wp-content\/uploads\/2025\/05\/\u6c34\u4ea7\u591a\u7ef4\u591a\u77ff\u8be6\u60c5_07-768x793.jpg 768w, https:\/\/smkbio.com\/wp-content\/uploads\/2025\/05\/\u6c34\u4ea7\u591a\u7ef4\u591a\u77ff\u8be6\u60c5_07-430x444.jpg 430w, https:\/\/smkbio.com\/wp-content\/uploads\/2025\/05\/\u6c34\u4ea7\u591a\u7ef4\u591a\u77ff\u8be6\u60c5_07-700x723.jpg 700w, https:\/\/smkbio.com\/wp-content\/uploads\/2025\/05\/\u6c34\u4ea7\u591a\u7ef4\u591a\u77ff\u8be6\u60c5_07-150x155.jpg 150w\" sizes=\"(max-width: 790px) 100vw, 790px\" \/><\/p>\n<p>Les multivitamines et min\u00e9raux aquatiques sont des additifs compos\u00e9s de divers oligo-\u00e9l\u00e9ments et vitamines. Outre les macronutriments tels que le calcium et le magn\u00e9sium, les composants des multimin\u00e9raux comprennent \u00e9galement des oligo-\u00e9l\u00e9ments tels que le fer, le zinc, le s\u00e9l\u00e9nium et le cuivre, collectivement connus sous le nom de min\u00e9raux multiples. Ils font \u00e9galement partie des nutriments et peuvent \u00eatre utilis\u00e9s comme additifs alimentaires ou pour la pulv\u00e9risation d'eau. Lorsque la masse d'eau manque d'oligo-\u00e9l\u00e9ments, le taux de croissance des poissons ralentit et les crevettes et les crabes ne parviennent pas \u00e0 muer correctement. Les oligo-\u00e9l\u00e9ments sont \u00e9galement les nutriments de diverses algues et bact\u00e9ries b\u00e9n\u00e9fiques dans les plans d'eau. En cas de carence, la croissance des algues et des bact\u00e9ries b\u00e9n\u00e9fiques est \u00e9galement affect\u00e9e, ce qui ne favorise pas la r\u00e9gulation de la qualit\u00e9 de l'eau, la stabilit\u00e9 des masses d'eau et le pouvoir tampon des masses d'eau. L'utilisation r\u00e9guli\u00e8re de min\u00e9raux multiples peut non seulement stabiliser l'eau, mais aussi favoriser la croissance et la reproduction des bact\u00e9ries et des algues.<\/p>","protected":false},"excerpt":{"rendered":"<p>Multivitamines et min\u00e9raux aquatiques ajout\u00e9s aux aliments pour animaux aquatiques afin de r\u00e9pondre aux besoins nutritionnels en oligo-\u00e9l\u00e9ments.<\/p>","protected":false},"featured_media":16060,"comment_status":"open","ping_status":"closed","template":"","meta":[],"product_brand":[],"product_cat":[20],"product_tag":[],"class_list":{"0":"post-15990","1":"product","2":"type-product","3":"status-publish","4":"has-post-thumbnail","6":"product_cat-product","8":"first","9":"instock","10":"shipping-taxable","11":"product-type-simple"},"_links":{"self":[{"href":"https:\/\/smkbio.com\/fr\/wp-json\/wp\/v2\/product\/15990","targetHints":{"allow":["GET"]}}],"collection":[{"href":"https:\/\/smkbio.com\/fr\/wp-json\/wp\/v2\/product"}],"about":[{"href":"https:\/\/smkbio.com\/fr\/wp-json\/wp\/v2\/types\/product"}],"replies":[{"embeddable":true,"href":"https:\/\/smkbio.com\/fr\/wp-json\/wp\/v2\/comments?post=15990"}],"version-history":[{"count":1,"href":"https:\/\/smkbio.com\/fr\/wp-json\/wp\/v2\/product\/15990\/revisions"}],"predecessor-version":[{"id":16066,"href":"https:\/\/smkbio.com\/fr\/wp-json\/wp\/v2\/product\/15990\/revisions\/16066"}],"wp:featuredmedia":[{"embeddable":true,"href":"https:\/\/smkbio.com\/fr\/wp-json\/wp\/v2\/media\/16060"}],"wp:attachment":[{"href":"https:\/\/smkbio.com\/fr\/wp-json\/wp\/v2\/media?parent=15990"}],"wp:term":[{"taxonomy":"product_brand","embeddable":true,"href":"https:\/\/smkbio.com\/fr\/wp-json\/wp\/v2\/product_brand?post=15990"},{"taxonomy":"product_cat","embeddable":true,"href":"https:\/\/smkbio.com\/fr\/wp-json\/wp\/v2\/product_cat?post=15990"},{"taxonomy":"product_tag","embeddable":true,"href":"https:\/\/smkbio.com\/fr\/wp-json\/wp\/v2\/product_tag?post=15990"}],"curies":[{"name":"wp","href":"https:\/\/api.w.org\/{rel}","templated":true}]}}