{"id":15889,"date":"2025-05-15T06:22:54","date_gmt":"2025-05-15T06:22:54","guid":{"rendered":"https:\/\/smkbio.com\/?page_id=15889"},"modified":"2025-05-15T06:22:54","modified_gmt":"2025-05-15T06:22:54","slug":"transportation-policy","status":"publish","type":"page","link":"https:\/\/smkbio.com\/pt\/transportation-policy\/","title":{"rendered":"Pol\u00edtica de transportes"},"content":{"rendered":"<p>Pol\u00edtica de transportes<\/p>\n\n\n\n<p>Bem-vindo \u00e0s compras! Para garantir que recebe os seus produtos de forma r\u00e1pida e segura, definimos as seguintes pol\u00edticas de entrega:<\/p>\n\n\n\n<p>Tempo de processamento<br>Tempo de processamento da encomenda: Todas as encomendas ser\u00e3o processadas e enviadas no prazo de 3-30 dias \u00fateis (se n\u00e3o houver stock, haver\u00e1 um determinado ciclo de produ\u00e7\u00e3o). Tenha em aten\u00e7\u00e3o que os prazos de processamento podem sofrer atrasos aos fins-de-semana e feriados.<br>Confirma\u00e7\u00e3o da encomenda: Receber\u00e1 uma mensagem de correio eletr\u00f3nico de confirma\u00e7\u00e3o com informa\u00e7\u00f5es de rastreio ap\u00f3s o processamento da encomenda.<\/p>\n\n\n\n<p>\u00c2mbito de entrega<br>Entrega nacional: Fornecemos servi\u00e7os de entrega a n\u00edvel nacional para garantir que recebe os produtos desejados em qualquer lugar.<br>Entrega internacional: Tamb\u00e9m prestamos servi\u00e7os de entrega internacional. O custo e o prazo espec\u00edficos podem variar consoante o pa\u00eds de destino.<\/p>\n\n\n\n<p>M\u00e9todo e prazo de entrega<br>Entrega normal: Entrega prevista no prazo de 3 a 60 dias \u00fateis (pode haver um certo ciclo de produ\u00e7\u00e3o se n\u00e3o houver stock), e o custo \u00e9 calculado com base no montante da encomenda e na morada de entrega.<br>Entrega urgente: Se precisar de acelerar a entrega, pode escolher o servi\u00e7o urgente, que dever\u00e1 ser entregue no prazo de 1 a 3 dias \u00fateis. A entrega urgente implica custos adicionais, que ser\u00e3o apresentados no momento do checkout.<br>Envio gratuito: Para encomendas eleg\u00edveis (normalmente encomendas que atingem um determinado montante), oferecemos servi\u00e7os de envio padr\u00e3o gratuitos.<\/p>\n\n\n\n<p>Taxas de entrega<br>A taxa de entrega ser\u00e1 calculada automaticamente com base no montante total da sua encomenda e no endere\u00e7o de entrega, e ser\u00e1 apresentada na finaliza\u00e7\u00e3o da compra.<br>No caso de encomendas internacionais, podem ser cobrados direitos aduaneiros e impostos de importa\u00e7\u00e3o, que ficam a cargo do destinat\u00e1rio.<\/p>\n\n\n\n<p>Acompanhamento da encomenda<br>Assim que a sua encomenda for enviada, receber\u00e1 um e-mail de confirma\u00e7\u00e3o com um n\u00famero de seguimento. Pode utilizar este n\u00famero para acompanhar o estado da sua encomenda no nosso s\u00edtio Web ou no s\u00edtio Web do prestador de servi\u00e7os de entrega.<\/p>\n\n\n\n<p>Problemas de entrega<br>Atraso ou perda: Se a sua encomenda n\u00e3o chegar dentro do prazo previsto, contacte-nos o mais rapidamente poss\u00edvel. Ajud\u00e1-lo-emos a contactar a empresa de entregas para garantir a resolu\u00e7\u00e3o do problema.<br>Erro de endere\u00e7o:<\/p>\n\n\n\n<p>Anula\u00e7\u00e3o e altera\u00e7\u00e3o da encomenda<br>Se necessitar de alterar ou anular a sua encomenda, contacte-nos o mais rapidamente poss\u00edvel antes de a encomenda ser expedida. Depois de a encomenda ter sido enviada, n\u00e3o podemos cancel\u00e1-la ou modific\u00e1-la, mas pode devolv\u00ea-la de acordo com a nossa pol\u00edtica de devolu\u00e7\u00f5es.<br>Estamos empenhados em proporcionar-lhe a melhor experi\u00eancia de compra. Se tiver alguma d\u00favida ou precisar de ajuda, n\u00e3o hesite em contactar a nossa equipa de apoio ao cliente em qualquer altura. Obrigado pela sua confian\u00e7a e apoio!<\/p>","protected":false},"excerpt":{"rendered":"<p>Pol\u00edtica de transporte Bem-vindo \u00e0s compras! Para garantir que pode receber os seus produtos de forma r\u00e1pida e segura, formul\u00e1mos a<\/p>","protected":false},"author":1,"featured_media":0,"parent":0,"menu_order":0,"comment_status":"closed","ping_status":"closed","template":"","meta":{"footnotes":""},"class_list":["post-15889","page","type-page","status-publish","hentry"],"_links":{"self":[{"href":"https:\/\/smkbio.com\/pt\/wp-json\/wp\/v2\/pages\/15889","targetHints":{"allow":["GET"]}}],"collection":[{"href":"https:\/\/smkbio.com\/pt\/wp-json\/wp\/v2\/pages"}],"about":[{"href":"https:\/\/smkbio.com\/pt\/wp-json\/wp\/v2\/types\/page"}],"author":[{"embeddable":true,"href":"https:\/\/smkbio.com\/pt\/wp-json\/wp\/v2\/users\/1"}],"replies":[{"embeddable":true,"href":"https:\/\/smkbio.com\/pt\/wp-json\/wp\/v2\/comments?post=15889"}],"version-history":[{"count":1,"href":"https:\/\/smkbio.com\/pt\/wp-json\/wp\/v2\/pages\/15889\/revisions"}],"predecessor-version":[{"id":15899,"href":"https:\/\/smkbio.com\/pt\/wp-json\/wp\/v2\/pages\/15889\/revisions\/15899"}],"wp:attachment":[{"href":"https:\/\/smkbio.com\/pt\/wp-json\/wp\/v2\/media?parent=15889"}],"curies":[{"name":"wp","href":"https:\/\/api.w.org\/{rel}","templated":true}]}}