{"id":15890,"date":"2025-05-15T06:22:54","date_gmt":"2025-05-15T06:22:54","guid":{"rendered":"https:\/\/smkbio.com\/?page_id=15890"},"modified":"2025-05-15T06:22:54","modified_gmt":"2025-05-15T06:22:54","slug":"return-and-refund-policy","status":"publish","type":"page","link":"https:\/\/smkbio.com\/pt\/return-and-refund-policy\/","title":{"rendered":"Pol\u00edtica de devolu\u00e7\u00e3o e reembolso"},"content":{"rendered":"<p>Pol\u00edtica de devolu\u00e7\u00e3o e reembolso<br>Obrigado por fazer compras na nossa loja. Para garantir a sua satisfa\u00e7\u00e3o com os produtos adquiridos, formul\u00e1mos as seguintes pol\u00edticas de devolu\u00e7\u00e3o e reembolso. Se n\u00e3o ficar satisfeito com o produto recebido, consulte os seguintes regulamentos para a devolu\u00e7\u00e3o ou pedido de reembolso.<\/p>\n\n\n\n<ol class=\"wp-block-list\">\n<li>Condi\u00e7\u00f5es de devolu\u00e7\u00e3o<br>O produto deve ser devolvido no prazo de 30 dias ap\u00f3s a sua rece\u00e7\u00e3o.<br>O produto deve ser mantido novo, n\u00e3o utilizado e incluir todas as embalagens, etiquetas e acess\u00f3rios originais.<br>N\u00e3o s\u00e3o aceites devolu\u00e7\u00f5es nas seguintes situa\u00e7\u00f5es:<br>Mercadorias que tenham sido utilizadas, danificadas ou que n\u00e3o tenham a sua embalagem original.<br>Produtos personalizados ou produtos em actividades promocionais espec\u00edficas (salvo indica\u00e7\u00e3o em contr\u00e1rio).<\/li>\n\n\n\n<li>Processo de devolu\u00e7\u00e3o<br>Contactar o servi\u00e7o de apoio ao cliente: Antes de devolver o artigo, contacte-nos atrav\u00e9s do nosso servi\u00e7o de apoio ao cliente por correio eletr\u00f3nico ou telefone, indicando o n\u00famero da encomenda e o motivo da devolu\u00e7\u00e3o. Fornecer-lhe-emos um endere\u00e7o de devolu\u00e7\u00e3o e mais orienta\u00e7\u00f5es.<br>Prepara\u00e7\u00e3o da devolu\u00e7\u00e3o: Certifique-se de que o produto \u00e9 reembalado de forma segura e anexe a confirma\u00e7\u00e3o original da encomenda ou o comprovativo de compra.<br>Taxa de envio de devolu\u00e7\u00e3o: Se o produto for devolvido devido a problemas de qualidade ou a erros de envio, suportaremos a taxa de envio da devolu\u00e7\u00e3o. Se a devolu\u00e7\u00e3o se dever a motivos pessoais (como insatisfa\u00e7\u00e3o ou mudan\u00e7a de opini\u00e3o), a taxa de envio da devolu\u00e7\u00e3o ser\u00e1 suportada pelo pr\u00f3prio cliente.<\/li>\n\n\n\n<li>Pol\u00edtica de reembolso<br>Assim que recebermos e inspeccionarmos o artigo devolvido, receber\u00e1 um e-mail de confirma\u00e7\u00e3o informando-o se cumpre os crit\u00e9rios de reembolso.<br>Prazo de reembolso: Se as condi\u00e7\u00f5es estiverem reunidas, o reembolso ser\u00e1 devolvido para o m\u00e9todo de pagamento original no prazo de 5 a 10 dias \u00fateis. O prazo espec\u00edfico de chegada pode variar consoante o m\u00e9todo de pagamento ou o banco.<br>Dedu\u00e7\u00e3o do reembolso: Se o produto n\u00e3o cumprir as condi\u00e7\u00f5es de devolu\u00e7\u00e3o (como danos ou perda parcial), temos o direito de deduzir as taxas correspondentes ou recusar o reembolso.<\/li>\n\n\n\n<li>Pol\u00edtica de interc\u00e2mbio<br>Se o produto recebido estiver defeituoso ou incorreto, pode optar pela sua devolu\u00e7\u00e3o ou troca. Contacte a nossa equipa de apoio ao cliente, forne\u00e7a o n\u00famero da encomenda e a descri\u00e7\u00e3o do problema, e providenciaremos uma substitui\u00e7\u00e3o o mais rapidamente poss\u00edvel.<br>Se o artigo a substituir n\u00e3o estiver dispon\u00edvel em stock, procederemos ao reembolso ou recomendaremos outro produto para substitui\u00e7\u00e3o.<\/li>\n\n\n\n<li>Encomendas n\u00e3o recebidas<br>Se n\u00e3o receber a mercadoria dentro do prazo de entrega previsto, contacte-nos o mais rapidamente poss\u00edvel. Colaboraremos com os fornecedores de servi\u00e7os de entrega para o ajudar a resolver o problema. No caso de encomendas perdidas confirmadas, procederemos ao reembolso total ou a um servi\u00e7o de reenvio.<\/li>\n\n\n\n<li>Circunst\u00e2ncias excepcionais<br>Para determinados produtos personalizados, artigos com desconto ou produtos em promo\u00e7\u00f5es por tempo limitado, podem existir condi\u00e7\u00f5es especiais de devolu\u00e7\u00e3o ou reembolso. Para obter detalhes espec\u00edficos, consulte as instru\u00e7\u00f5es na p\u00e1gina do produto ou contacte a nossa equipa de apoio ao cliente.<\/li>\n<\/ol>","protected":false},"excerpt":{"rendered":"<p>Pol\u00edtica de devolu\u00e7\u00e3o e reembolsoObrigado por fazer compras na nossa loja. Para garantir a sua satisfa\u00e7\u00e3o com os bens adquiridos, temos<\/p>","protected":false},"author":1,"featured_media":0,"parent":0,"menu_order":0,"comment_status":"closed","ping_status":"closed","template":"","meta":{"footnotes":""},"class_list":["post-15890","page","type-page","status-publish","hentry"],"_links":{"self":[{"href":"https:\/\/smkbio.com\/pt\/wp-json\/wp\/v2\/pages\/15890","targetHints":{"allow":["GET"]}}],"collection":[{"href":"https:\/\/smkbio.com\/pt\/wp-json\/wp\/v2\/pages"}],"about":[{"href":"https:\/\/smkbio.com\/pt\/wp-json\/wp\/v2\/types\/page"}],"author":[{"embeddable":true,"href":"https:\/\/smkbio.com\/pt\/wp-json\/wp\/v2\/users\/1"}],"replies":[{"embeddable":true,"href":"https:\/\/smkbio.com\/pt\/wp-json\/wp\/v2\/comments?post=15890"}],"version-history":[{"count":1,"href":"https:\/\/smkbio.com\/pt\/wp-json\/wp\/v2\/pages\/15890\/revisions"}],"predecessor-version":[{"id":15900,"href":"https:\/\/smkbio.com\/pt\/wp-json\/wp\/v2\/pages\/15890\/revisions\/15900"}],"wp:attachment":[{"href":"https:\/\/smkbio.com\/pt\/wp-json\/wp\/v2\/media?parent=15890"}],"curies":[{"name":"wp","href":"https:\/\/api.w.org\/{rel}","templated":true}]}}