{"id":15891,"date":"2025-05-15T06:22:54","date_gmt":"2025-05-15T06:22:54","guid":{"rendered":"https:\/\/smkbio.com\/?page_id=15891"},"modified":"2025-05-15T06:22:54","modified_gmt":"2025-05-15T06:22:54","slug":"privacy-policy","status":"publish","type":"page","link":"https:\/\/smkbio.com\/pt\/privacy-policy\/","title":{"rendered":"Pol\u00edtica de privacidade"},"content":{"rendered":"<p>Pol\u00edtica de privacidade<br>I. Introdu\u00e7\u00e3o<br>A presente Pol\u00edtica de Privacidade visa explicar-lhe como recolhemos, utilizamos, divulgamos, protegemos e gerimos as suas informa\u00e7\u00f5es pessoais quando interage com a nossa f\u00e1brica de pe\u00e7as personalizadas, incluindo, entre outras, actividades como visitar o nosso s\u00edtio Web, utilizar os nossos servi\u00e7os personalizados e comunicar com o nosso servi\u00e7o de apoio ao cliente. Estamos plenamente conscientes da import\u00e2ncia de proteger as suas informa\u00e7\u00f5es pessoais e estamos empenhados em salvaguardar a sua privacidade. Cumpriremos rigorosamente as leis e regulamentos de privacidade aplic\u00e1veis para garantir que as suas informa\u00e7\u00f5es pessoais s\u00e3o devidamente protegidas.<\/p>\n\n\n\n<p>II. Recolha de informa\u00e7\u00f5es<br>Informa\u00e7\u00f5es pessoais: Quando nos faz uma encomenda de pe\u00e7as personalizadas, podemos recolher o seu nome, dados de contacto (tais como n\u00famero de telefone, endere\u00e7o de correio eletr\u00f3nico), endere\u00e7o de entrega, bem como requisitos e prefer\u00eancias espec\u00edficos relacionados com as pe\u00e7as personalizadas. Isto permite-nos processar a sua encomenda, comunicar consigo sobre o progresso da encomenda, fornecer servi\u00e7os p\u00f3s-venda e garantir que as pe\u00e7as personalizadas lhe s\u00e3o entregues com precis\u00e3o.<br>Informa\u00e7\u00f5es n\u00e3o pessoais: Podemos tamb\u00e9m recolher determinadas informa\u00e7\u00f5es n\u00e3o pessoalmente identific\u00e1veis, como o tipo de dispositivo, o tipo de browser, o sistema operativo, o endere\u00e7o IP e o seu comportamento de navega\u00e7\u00e3o e padr\u00f5es de utiliza\u00e7\u00e3o no nosso Web site. Estas informa\u00e7\u00f5es ajudam-nos a otimizar o desempenho do s\u00edtio Web, a melhorar a experi\u00eancia do utilizador e a realizar an\u00e1lises e estat\u00edsticas de mercado, mas n\u00e3o ser\u00e3o diretamente associadas \u00e0 sua identidade pessoal.<\/p>\n\n\n\n<p>III. Utiliza\u00e7\u00e3o da informa\u00e7\u00e3o<br>Processamento e cumprimento de encomendas: Utilizamos as informa\u00e7\u00f5es pessoais que nos fornece para processar e satisfazer as suas encomendas de pe\u00e7as personalizadas, incluindo, entre outras, a organiza\u00e7\u00e3o da produ\u00e7\u00e3o, a aquisi\u00e7\u00e3o de mat\u00e9rias-primas, a realiza\u00e7\u00e3o de controlo de qualidade e a organiza\u00e7\u00e3o de expedi\u00e7\u00f5es, para garantir que as pe\u00e7as personalizadas que encomendou lhe s\u00e3o entregues atempadamente e com boa qualidade.<br>Comunica\u00e7\u00e3o e servi\u00e7o ao cliente: Poderemos utilizar as suas informa\u00e7\u00f5es de contacto para comunicar com o cliente sobre o estado da encomenda, responder \u00e0s suas quest\u00f5es, resolver quaisquer problemas que encontre durante o processo de personaliza\u00e7\u00e3o e fornecer-lhe informa\u00e7\u00f5es relevantes sobre os nossos produtos e servi\u00e7os, tais como recomenda\u00e7\u00f5es de novos produtos e actividades promocionais. Esfor\u00e7ar-nos-emos por garantir que o conte\u00fado destas comunica\u00e7\u00f5es \u00e9 relevante para as suas necessidades de personaliza\u00e7\u00e3o ou intera\u00e7\u00f5es anteriores e n\u00e3o lhe causar\u00e1 perturba\u00e7\u00f5es desnecess\u00e1rias.<br>Experi\u00eancia personalizada: Com base nos requisitos de personaliza\u00e7\u00e3o e nas informa\u00e7\u00f5es de prefer\u00eancias que fornecer, podemos oferecer-lhe sugest\u00f5es personalizadas para solu\u00e7\u00f5es de pe\u00e7as personalizadas e otimizar o conte\u00fado e a apresenta\u00e7\u00e3o do nosso website para melhor satisfazer as suas necessidades personalizadas e melhorar a sua experi\u00eancia com a nossa f\u00e1brica personalizada.<br>An\u00e1lise e melhoria de dados: Analisamos as informa\u00e7\u00f5es n\u00e3o pessoais e as informa\u00e7\u00f5es pessoais agregadas que recolhemos para compreender as necessidades e os padr\u00f5es de comportamento dos clientes, avaliar a efic\u00e1cia dos nossos servi\u00e7os, identificar potenciais problemas e \u00e1reas a melhorar e, assim, otimizar continuamente os nossos produtos, servi\u00e7os e fun\u00e7\u00f5es do Web site para proporcionar uma melhor experi\u00eancia ao utilizador e a outros clientes.<\/p>\n\n\n\n<p>IV. Partilha e divulga\u00e7\u00e3o de informa\u00e7\u00f5es<br>Prestadores de servi\u00e7os terceiros: Para garantir que podemos cumprir as encomendas sem problemas e fornecer servi\u00e7os de alta qualidade, podemos partilhar algumas das suas informa\u00e7\u00f5es pessoais com fornecedores de servi\u00e7os terceiros. Estes terceiros incluem, mas n\u00e3o se limitam a, parceiros de log\u00edstica, institui\u00e7\u00f5es de processamento de pagamentos e fornecedores de mat\u00e9rias-primas. Apenas aceder\u00e3o e utilizar\u00e3o as suas informa\u00e7\u00f5es na medida do necess\u00e1rio para nos fornecerem servi\u00e7os espec\u00edficos, e exigimos que cumpram regulamentos rigorosos de confidencialidade e seguran\u00e7a e que n\u00e3o utilizem as suas informa\u00e7\u00f5es para outros fins.<br>Requisitos legais: Nos casos em que seja exigido por lei, como em resposta a uma intima\u00e7\u00e3o judicial, um pedido de investiga\u00e7\u00e3o de uma ag\u00eancia de aplica\u00e7\u00e3o da lei ou outros procedimentos legais, podemos divulgar as suas informa\u00e7\u00f5es pessoais. No entanto, apenas forneceremos as informa\u00e7\u00f5es necess\u00e1rias dentro do \u00e2mbito permitido por lei e envidaremos todos os esfor\u00e7os para garantir que os seus direitos e interesses s\u00e3o totalmente protegidos antes da divulga\u00e7\u00e3o.<br>Transac\u00e7\u00f5es comerciais: Se estivermos envolvidos em fus\u00f5es, aquisi\u00e7\u00f5es, transfer\u00eancias de activos ou outras transac\u00e7\u00f5es empresariais semelhantes, as suas informa\u00e7\u00f5es pessoais podem ser transferidas como parte da transa\u00e7\u00e3o para terceiros relevantes. No entanto, asseguraremos que as partes receptoras tenham conhecimento e concordem em cumprir as disposi\u00e7\u00f5es da presente Pol\u00edtica de Privacidade e continuem a proteger a seguran\u00e7a e a privacidade das suas informa\u00e7\u00f5es pessoais.<\/p>\n\n\n\n<p>V. Seguran\u00e7a da informa\u00e7\u00e3o<br>Adopt\u00e1mos medidas de seguran\u00e7a razo\u00e1veis para proteger as suas informa\u00e7\u00f5es pessoais contra o acesso, utiliza\u00e7\u00e3o, divulga\u00e7\u00e3o, modifica\u00e7\u00e3o ou destrui\u00e7\u00e3o n\u00e3o autorizados. Estas medidas incluem, mas n\u00e3o est\u00e3o limitadas a:<\/p>\n\n\n\n<p>Medidas t\u00e9cnicas de seguran\u00e7a: Utilizamos tecnologias de encripta\u00e7\u00e3o (como os protocolos de encripta\u00e7\u00e3o SSL\/TLS) para encriptar as informa\u00e7\u00f5es sens\u00edveis que transmite no nosso Web site, de modo a garantir a confidencialidade e a integridade das informa\u00e7\u00f5es durante a transmiss\u00e3o pela rede. Tamb\u00e9m utilizamos firewalls, sistemas de dete\u00e7\u00e3o de intrus\u00e3o e outras ferramentas de prote\u00e7\u00e3o de seguran\u00e7a para evitar ataques maliciosos externos e tentativas de acesso n\u00e3o autorizado. S\u00e3o efectuadas regularmente an\u00e1lises de vulnerabilidades de seguran\u00e7a e repara\u00e7\u00f5es nos nossos sistemas para garantir a sua seguran\u00e7a e estabilidade.<br>Medidas de gest\u00e3o: Os nossos funcion\u00e1rios recebem forma\u00e7\u00e3o sobre privacidade e seguran\u00e7a para compreenderem a import\u00e2ncia de proteger as informa\u00e7\u00f5es pessoais e os m\u00e9todos de tratamento corretos, garantindo que apenas os funcion\u00e1rios autorizados podem aceder e processar as suas informa\u00e7\u00f5es pessoais. Foi estabelecido um sistema rigoroso de gest\u00e3o dos direitos de acesso \u00e0s informa\u00e7\u00f5es, minimizando os direitos de acesso \u00e0s informa\u00e7\u00f5es pessoais concedidos aos funcion\u00e1rios de acordo com as suas responsabilidades profissionais e necessidades comerciais. Foi formulado e implementado um plano de resposta de emerg\u00eancia a incidentes de seguran\u00e7a para que possamos responder prontamente na eventualidade de um incidente de seguran\u00e7a das informa\u00e7\u00f5es, tomar medidas eficazes para o tratar, minimizar as perdas e notificar atempadamente os utilizadores afectados (se exigido por lei).<br>Apesar das medidas de seguran\u00e7a acima referidas, devido \u00e0s carater\u00edsticas inerentes \u00e0 Internet e ao desenvolvimento cont\u00ednuo da tecnologia, n\u00e3o podemos garantir a seguran\u00e7a absoluta das suas informa\u00e7\u00f5es pessoais. O utilizador deve tamb\u00e9m tomar medidas de seguran\u00e7a adequadas ao utilizar os nossos servi\u00e7os, tais como proteger a sua palavra-passe de in\u00edcio de sess\u00e3o e evitar utilizar os nossos servi\u00e7os num ambiente de rede inseguro.<\/p>\n\n\n\n<p>VI. Os seus direitos<br>Direito de acesso e corre\u00e7\u00e3o: Tem o direito de aceder \u00e0s informa\u00e7\u00f5es pessoais que temos sobre si e de nos solicitar a sua corre\u00e7\u00e3o se considerar que as informa\u00e7\u00f5es est\u00e3o incorrectas ou incompletas. Pode exercer este direito contactando a nossa equipa de apoio ao cliente. Responderemos ao seu pedido dentro de um prazo razo\u00e1vel e prestaremos a assist\u00eancia necess\u00e1ria de acordo com os requisitos das leis e regulamentos relevantes.<br>Direito de apagamento: Em determinadas circunst\u00e2ncias, por exemplo, quando as suas informa\u00e7\u00f5es pessoais j\u00e1 n\u00e3o s\u00e3o necess\u00e1rias para a presta\u00e7\u00e3o de servi\u00e7os ou quando retira o seu consentimento para o processamento das suas informa\u00e7\u00f5es pessoais, tem o direito de nos solicitar o apagamento das suas informa\u00e7\u00f5es pessoais. Ap\u00f3s recebermos o seu pedido de apagamento, tomaremos, de acordo com as leis e regulamentos aplic\u00e1veis e com a nossa situa\u00e7\u00e3o comercial atual, medidas razo\u00e1veis para apagar as suas informa\u00e7\u00f5es o mais rapidamente poss\u00edvel e notificaremos os fornecedores de servi\u00e7os terceiros relevantes (se aplic\u00e1vel) para que tamb\u00e9m apaguem as informa\u00e7\u00f5es correspondentes.<br>Direito de retirar o consentimento: Se o utilizador tiver consentido anteriormente no processamento de determinadas informa\u00e7\u00f5es pessoais, tem o direito de retirar o seu consentimento em qualquer altura. Depois de retirar o seu consentimento, deixaremos de processar as suas informa\u00e7\u00f5es pessoais com base nesse consentimento, embora isso possa afetar a nossa capacidade de lhe fornecer determinados servi\u00e7os. Inform\u00e1-lo-emos das poss\u00edveis consequ\u00eancias quando retirar o seu consentimento.<br>Direito \u00e0 portabilidade dos dados: Sujeito \u00e0s leis e regulamentos relevantes, o utilizador tem o direito de nos solicitar que lhe forne\u00e7amos uma c\u00f3pia das suas informa\u00e7\u00f5es pessoais num formato estruturado e comummente utilizado ou que transfiramos essas informa\u00e7\u00f5es para um prestador de servi\u00e7os terceiro designado pelo utilizador, para que este possa migrar e utilizar os dados em diferentes plataformas de servi\u00e7os.<br>Para exercer os direitos acima referidos, o utilizador pode contactar-nos das seguintes formas: [Fornecer e-mail de contacto, n\u00famero de telefone ou outros m\u00e9todos de contacto]. Verificaremos e processaremos o seu pedido de acordo com os requisitos das leis e regulamentos relevantes ap\u00f3s a sua rece\u00e7\u00e3o e responder-lhe-emos com o resultado do seu pedido dentro de um prazo razo\u00e1vel.<\/p>\n\n\n\n<p>VII. Prote\u00e7\u00e3o de menores - Informa\u00e7\u00f5es<br>Os nossos servi\u00e7os de pe\u00e7as personalizadas destinam-se principalmente a adultos. N\u00e3o recolheremos intencionalmente informa\u00e7\u00f5es pessoais de menores. Se descobrirmos que recolhemos inadvertidamente informa\u00e7\u00f5es pessoais de menores, tomaremos medidas imediatas para eliminar essas informa\u00e7\u00f5es, exceto se a lei exigir que as conservemos para proteger os direitos e interesses dos menores.<\/p>\n\n\n\n<p>VIII. Actualiza\u00e7\u00f5es de pol\u00edticas<br>Podemos atualizar esta Pol\u00edtica de Privacidade periodicamente de acordo com o desenvolvimento do neg\u00f3cio, altera\u00e7\u00f5es nas leis e regulamentos ou outros factores. Colocaremos a pol\u00edtica actualizada no nosso s\u00edtio Web e indicaremos a data de atualiza\u00e7\u00e3o. Recomendamos que consulte regularmente esta Pol\u00edtica de Privacidade para se manter informado sobre as medidas mais recentes de recolha, utiliza\u00e7\u00e3o e prote\u00e7\u00e3o de informa\u00e7\u00f5es. Na eventualidade de altera\u00e7\u00f5es significativas \u00e0 Pol\u00edtica de Privacidade, tais como altera\u00e7\u00f5es ao \u00e2mbito da recolha de informa\u00e7\u00f5es, \u00e0 forma de utiliza\u00e7\u00e3o ou aos objectivos de partilha, poderemos notific\u00e1-lo antecipadamente atrav\u00e9s de correio eletr\u00f3nico, an\u00fancios no s\u00edtio Web ou outros meios adequados para que tenha a oportunidade de compreender as altera\u00e7\u00f5es e ajustar as suas defini\u00e7\u00f5es de privacidade ou optar por recusar os nossos servi\u00e7os, se necess\u00e1rio.<\/p>","protected":false},"excerpt":{"rendered":"<p>Pol\u00edtica de privacidadeI. Introdu\u00e7\u00e3o Esta Pol\u00edtica de Privacidade tem como objetivo explicar ao utilizador como recolhemos, utilizamos, divulgamos, protegemos e gerimos os seus dados pessoais<\/p>","protected":false},"author":1,"featured_media":0,"parent":0,"menu_order":0,"comment_status":"closed","ping_status":"closed","template":"","meta":{"footnotes":""},"class_list":["post-15891","page","type-page","status-publish","hentry"],"_links":{"self":[{"href":"https:\/\/smkbio.com\/pt\/wp-json\/wp\/v2\/pages\/15891","targetHints":{"allow":["GET"]}}],"collection":[{"href":"https:\/\/smkbio.com\/pt\/wp-json\/wp\/v2\/pages"}],"about":[{"href":"https:\/\/smkbio.com\/pt\/wp-json\/wp\/v2\/types\/page"}],"author":[{"embeddable":true,"href":"https:\/\/smkbio.com\/pt\/wp-json\/wp\/v2\/users\/1"}],"replies":[{"embeddable":true,"href":"https:\/\/smkbio.com\/pt\/wp-json\/wp\/v2\/comments?post=15891"}],"version-history":[{"count":1,"href":"https:\/\/smkbio.com\/pt\/wp-json\/wp\/v2\/pages\/15891\/revisions"}],"predecessor-version":[{"id":15901,"href":"https:\/\/smkbio.com\/pt\/wp-json\/wp\/v2\/pages\/15891\/revisions\/15901"}],"wp:attachment":[{"href":"https:\/\/smkbio.com\/pt\/wp-json\/wp\/v2\/media?parent=15891"}],"curies":[{"name":"wp","href":"https:\/\/api.w.org\/{rel}","templated":true}]}}