{"id":15892,"date":"2025-05-15T06:22:54","date_gmt":"2025-05-15T06:22:54","guid":{"rendered":"https:\/\/smkbio.com\/?page_id=15892"},"modified":"2025-05-15T06:22:54","modified_gmt":"2025-05-15T06:22:54","slug":"our-promise","status":"publish","type":"page","link":"https:\/\/smkbio.com\/pt\/our-promise\/","title":{"rendered":"A nossa promessa"},"content":{"rendered":"<p>A nossa promessa<\/p>\n\n\n\n<p>Prometemos proporcionar aos nossos clientes uma experi\u00eancia de compra segura, fi\u00e1vel e agrad\u00e1vel. A nossa equipa dedica-se a prestar um servi\u00e7o e apoio ao cliente excepcionais para garantir que cada cliente fica satisfeito com a sua compra.<\/p>\n\n\n\n<p>Compreendemos que as bonecas sexuais s\u00e3o um tema sens\u00edvel, e \u00e9 por isso que garantimos que todos os nossos produtos s\u00e3o feitos com o m\u00e1ximo cuidado e aten\u00e7\u00e3o aos pormenores. As nossas bonecas sexuais s\u00e3o fabricadas com materiais de qualidade m\u00e9dica e foram concebidas para proporcionar uma experi\u00eancia realista, segura e agrad\u00e1vel.<\/p>\n\n\n\n<p>acreditamos na transpar\u00eancia e na honestidade, e \u00e9 por isso que dedicamos tempo a responder a todas as perguntas e preocupa\u00e7\u00f5es dos nossos clientes. Dedicamo-nos a fornecer um excelente servi\u00e7o e apoio ao cliente, e estamos sempre aqui para ajudar os nossos clientes de todas as formas poss\u00edveis.<\/p>\n\n\n\n<p>Constru\u00edmos uma reputa\u00e7\u00e3o como um vendedor fi\u00e1vel de bonecas sexuais, fornecendo consistentemente produtos de alta qualidade e um servi\u00e7o ao cliente excecional. As opini\u00f5es e coment\u00e1rios dos nossos clientes falam por si, e orgulhamo-nos de ter muitos clientes satisfeitos que nos compram repetidamente.<\/p>\n\n\n\n<p>Entendemos que a compra de uma boneca sexual pode ser um investimento significativo, tanto financeira quanto emocionalmente, e \u00e9 por isso que oferecemos uma experi\u00eancia de compra segura e confidencial. O nosso site foi concebido para proteger a privacidade dos nossos clientes e utilizamos m\u00e9todos de pagamento seguros para garantir que todas as transac\u00e7\u00f5es s\u00e3o seguras e protegidas.<\/p>\n\n\n\n<p>Acreditamos que as bonecas sexuais podem ser um complemento valioso para a vida de qualquer pessoa e orgulhamo-nos de oferecer uma gama de produtos que satisfazem uma grande variedade de necessidades e prefer\u00eancias.<\/p>","protected":false},"excerpt":{"rendered":"<p>A nossa promessa Prometemos proporcionar aos nossos clientes uma experi\u00eancia de compra segura, fi\u00e1vel e agrad\u00e1vel. A nossa equipa dedica-se a<\/p>","protected":false},"author":1,"featured_media":0,"parent":0,"menu_order":0,"comment_status":"closed","ping_status":"closed","template":"","meta":{"footnotes":""},"class_list":["post-15892","page","type-page","status-publish","hentry"],"_links":{"self":[{"href":"https:\/\/smkbio.com\/pt\/wp-json\/wp\/v2\/pages\/15892","targetHints":{"allow":["GET"]}}],"collection":[{"href":"https:\/\/smkbio.com\/pt\/wp-json\/wp\/v2\/pages"}],"about":[{"href":"https:\/\/smkbio.com\/pt\/wp-json\/wp\/v2\/types\/page"}],"author":[{"embeddable":true,"href":"https:\/\/smkbio.com\/pt\/wp-json\/wp\/v2\/users\/1"}],"replies":[{"embeddable":true,"href":"https:\/\/smkbio.com\/pt\/wp-json\/wp\/v2\/comments?post=15892"}],"version-history":[{"count":1,"href":"https:\/\/smkbio.com\/pt\/wp-json\/wp\/v2\/pages\/15892\/revisions"}],"predecessor-version":[{"id":15902,"href":"https:\/\/smkbio.com\/pt\/wp-json\/wp\/v2\/pages\/15892\/revisions\/15902"}],"wp:attachment":[{"href":"https:\/\/smkbio.com\/pt\/wp-json\/wp\/v2\/media?parent=15892"}],"curies":[{"name":"wp","href":"https:\/\/api.w.org\/{rel}","templated":true}]}}