{"id":15893,"date":"2025-05-15T06:22:54","date_gmt":"2025-05-15T06:22:54","guid":{"rendered":"https:\/\/smkbio.com\/?page_id=15893"},"modified":"2025-05-15T06:22:54","modified_gmt":"2025-05-15T06:22:54","slug":"faq","status":"publish","type":"page","link":"https:\/\/smkbio.com\/pt\/faq\/","title":{"rendered":"FAQ"},"content":{"rendered":"<p>Porque \u00e9 que tenho de me registar?<br><br>Por duas raz\u00f5es. Em primeiro lugar, queremos confirmar a identidade de todos os clientes antes do envio. Em segundo lugar, as suas informa\u00e7\u00f5es de registo permitem-nos processar as suas encomendas. Tamb\u00e9m consideramos as informa\u00e7\u00f5es de registo como um sinal de boa f\u00e9 e reservamo-nos o direito de recusar o envio a qualquer pessoa que forne\u00e7a informa\u00e7\u00f5es falsas.<br><br>Como posso alterar a minha palavra-passe e o perfil da minha conta (informa\u00e7\u00f5es de fatura\u00e7\u00e3o, informa\u00e7\u00f5es de envio)?<br><br>Pode alterar o seu endere\u00e7o, a sua palavra-passe e outras informa\u00e7\u00f5es pessoais introduzidas clicando na liga\u00e7\u00e3o \"A minha conta\" e ver\u00e1 um separador intitulado \"Atualizar endere\u00e7o\". Clique a\u00ed para alterar as informa\u00e7\u00f5es do seu perfil.<br><br>O que posso fazer se me esquecer da minha palavra-passe ou bloquear a minha conta?<br>Eis o que tem de fazer se se esquecer da sua palavra-passe ou bloquear a sua conta. Lembrete de palavra-passe Se se esquecer da sua palavra-passe e n\u00e3o conseguir iniciar sess\u00e3o em \"A minha conta\" , clique na liga\u00e7\u00e3o \"A minha conta\" no canto superior direito, preencha o seu endere\u00e7o de correio eletr\u00f3nico e clique na liga\u00e7\u00e3o \"Repor a minha palavra-passe?<br><br>Como criar uma conta?<br><br>Siga os passos abaixo para criar uma conta e desfrutar da melhor experi\u00eancia de compras online<br><br>1. clicar na liga\u00e7\u00e3o \"A minha conta\" no canto superior esquerdo da nossa loja virtual.<br><br>2. selecione \"Criar uma conta\" na sec\u00e7\u00e3o Novos clientes.<br>3) Preencher o formul\u00e1rio.<br><br>Depois, basta seguir as instru\u00e7\u00f5es para concluir a cria\u00e7\u00e3o da sua conta. N\u00e3o se preocupe, as suas informa\u00e7\u00f5es NUNCA s\u00e3o vendidas ou partilhadas com outras empresas ou terceiros e s\u00e3o mantidas em total privacidade.<br><br>Como editar as informa\u00e7\u00f5es da minha conta?<br><br>Clique na liga\u00e7\u00e3o \"A minha conta\" no canto superior direito do nosso s\u00edtio Web e inicie sess\u00e3o na sua conta para editar as informa\u00e7\u00f5es da sua conta.<br><br>Qual \u00e9 o custo de envio?<br><br>O envio \u00e9 calculado automaticamente antes de submeter as suas informa\u00e7\u00f5es de pagamento. Basta adicionar os artigos ao seu carrinho de compras e avan\u00e7ar para a p\u00e1gina de Finaliza\u00e7\u00e3o de compra, onde lhe ser\u00e3o apresentadas as op\u00e7\u00f5es de M\u00e9todo de envio e respectivos pre\u00e7os.<br><br>Quando \u00e9 que a minha encomenda ser\u00e1 enviada?<br><br>Consulte a p\u00e1gina de cada artigo individual para obter mais informa\u00e7\u00f5es sobre a disponibilidade de cada artigo.<br><br>Qual \u00e9 a vossa pol\u00edtica de devolu\u00e7\u00e3o?<br><br>Consulte as nossas condi\u00e7\u00f5es de venda para obter informa\u00e7\u00f5es completas sobre a nossa pol\u00edtica de devolu\u00e7\u00e3o.<br><br><br>Estado da encomenda<br>Como posso verificar o estado da minha encomenda?<br><br>Pode verificar o estado das encomendas por correio eletr\u00f3nico ou clicando em \"A minha conta\".<br><br>Como \u00e9 que come\u00e7o a fazer a encomenda?<br><br>Utilize a pesquisa de produtos para encontrar o produto que gostaria de encomendar. Na p\u00e1gina de informa\u00e7\u00f5es sobre o produto, selecione \"Criar uma conta\" ou \"Iniciar sess\u00e3o\" se j\u00e1 estiver registado. Depois de introduzir uma quantidade, um artigo pode ser adicionado ao carrinho de compras. A op\u00e7\u00e3o \"Continuar a comprar\" permite-lhe adicionar mais artigos ao carrinho. Em \"Proceed to Check Out\" (Proceder ao check-out), ser-lhe-\u00e1 pedido que introduza alguns dados relativos ao envio e ao m\u00e9todo de pagamento. Assim que o pagamento for efectuado com sucesso, receber\u00e1 uma notifica\u00e7\u00e3o por correio eletr\u00f3nico com o seu n\u00famero de encomenda. Com este n\u00famero, poder\u00e1 acompanhar o estado da sua encomenda. Quando a sua encomenda for enviada, ser\u00e1 notificado por correio eletr\u00f3nico.<br><br>Como posso modificar ou anular a minha encomenda?<br><br>Esfor\u00e7amo-nos por enviar a sua encomenda o mais rapidamente poss\u00edvel. Se, por qualquer raz\u00e3o, necessitar de alterar ou cancelar a sua encomenda, contacte-nos imediatamente e faremos o nosso melhor para o ajudar. Infelizmente, depois de uma encomenda ter sido processada e embalada para envio, n\u00e3o \u00e9 poss\u00edvel efetuar qualquer altera\u00e7\u00e3o \u00e0 encomenda, incluindo cancelamentos.<br><br>Como posso alterar ou cancelar um artigo da minha encomenda?<br><br>Clique na liga\u00e7\u00e3o \"A minha conta\" no canto superior esquerdo do nosso site para ver as encomendas que efectuou. Em seguida, aceda \u00e0 sua conta para encontrar e editar a sua encomenda. Tenha em aten\u00e7\u00e3o que, depois de uma encomenda ter come\u00e7ado a ser processada ou enviada, a encomenda deixa de ser edit\u00e1vel.<br><br>Expedi\u00e7\u00e3o<br>Quais s\u00e3o as minhas op\u00e7\u00f5es de m\u00e9todo de pagamento?<br><br>Durante o processo de checkout, pode escolher qualquer uma das nossas op\u00e7\u00f5es de pagamento actuais e continuar a efetuar a sua encomenda. Tenha em aten\u00e7\u00e3o que n\u00e3o enviaremos a sua encomenda at\u00e9 recebermos o pagamento.<br><br>Quando \u00e9 que a minha encomenda ser\u00e1 enviada e quais s\u00e3o os custos de envio?<br><br>O envio \u00e9 calculado automaticamente antes de submeter as suas informa\u00e7\u00f5es de pagamento. Basta adicionar os artigos ao seu carrinho de compras e prosseguir para a p\u00e1gina de finaliza\u00e7\u00e3o da compra, onde lhe ser\u00e3o apresentadas as op\u00e7\u00f5es de m\u00e9todo de envio e respectivos pre\u00e7os. A sua encomenda ser\u00e1 enviada logo ap\u00f3s a rece\u00e7\u00e3o do pagamento.<br><br>Depois de a minha encomenda ser expedida, quando \u00e9 que a minha encomenda chega?<br><br>Todos os envios s\u00e3o efectuados de acordo com o endere\u00e7o de envio do cliente. Infelizmente, n\u00e3o podemos determinar as datas de chegada, uma vez que estas dependem do pa\u00eds para onde a encomenda ser\u00e1 enviada. Quando a sua encomenda for enviada, ser\u00e1 notificado atrav\u00e9s de uma notifica\u00e7\u00e3o por correio eletr\u00f3nico.<br><br>Garantias<br>Entrega r\u00e1pida<br><br>Enviaremos a sua compra o mais rapidamente poss\u00edvel para qualquer parte do mundo!<br><br>Compras seguras<br><br>O nosso sistema de pagamento utiliza a mais recente tecnologia de encripta\u00e7\u00e3o do sistema de seguran\u00e7a Secure Sockets Layer (SSL) para manter os seus dados seguros.<br><br>12 meses de garantia<br><br>Sujeito aos Termos e Condi\u00e7\u00f5es, se os bens apresentarem defeitos no prazo de 12 meses ap\u00f3s a compra.<br><br>Servi\u00e7os ao cliente<br><br>Ao comprar-nos, receber\u00e1 um excelente servi\u00e7o de apoio ao cliente.<br><br>Pol\u00edtica de qualidade<br><br>Forneceremos de forma consistente produtos e servi\u00e7os de classe mundial que satisfa\u00e7am as expectativas dos clientes.<br><br>Prote\u00e7\u00e3o do comprador<br><br>A sua compra na nossa loja \u00e9 segura e protegida por Paypal.<br><br>Melhor pre\u00e7o<br><br>Os nossos produtos t\u00eam sempre o pre\u00e7o mais baixo da cidade. Garantido!<\/p>","protected":false},"excerpt":{"rendered":"<p>Porque \u00e9 que tenho de me registar? Por duas raz\u00f5es. Em primeiro lugar, queremos confirmar a identidade de todos os clientes antes do envio.<\/p>","protected":false},"author":1,"featured_media":0,"parent":0,"menu_order":0,"comment_status":"closed","ping_status":"closed","template":"","meta":{"footnotes":""},"class_list":["post-15893","page","type-page","status-publish","hentry"],"_links":{"self":[{"href":"https:\/\/smkbio.com\/pt\/wp-json\/wp\/v2\/pages\/15893","targetHints":{"allow":["GET"]}}],"collection":[{"href":"https:\/\/smkbio.com\/pt\/wp-json\/wp\/v2\/pages"}],"about":[{"href":"https:\/\/smkbio.com\/pt\/wp-json\/wp\/v2\/types\/page"}],"author":[{"embeddable":true,"href":"https:\/\/smkbio.com\/pt\/wp-json\/wp\/v2\/users\/1"}],"replies":[{"embeddable":true,"href":"https:\/\/smkbio.com\/pt\/wp-json\/wp\/v2\/comments?post=15893"}],"version-history":[{"count":1,"href":"https:\/\/smkbio.com\/pt\/wp-json\/wp\/v2\/pages\/15893\/revisions"}],"predecessor-version":[{"id":15903,"href":"https:\/\/smkbio.com\/pt\/wp-json\/wp\/v2\/pages\/15893\/revisions\/15903"}],"wp:attachment":[{"href":"https:\/\/smkbio.com\/pt\/wp-json\/wp\/v2\/media?parent=15893"}],"curies":[{"name":"wp","href":"https:\/\/api.w.org\/{rel}","templated":true}]}}