{"id":4439,"date":"2021-10-12T16:27:24","date_gmt":"2021-10-12T16:27:24","guid":{"rendered":"http:\/\/dummy.xtemos.com\/woodmart2\/elementor\/?page_id=4439"},"modified":"2025-05-22T09:51:57","modified_gmt":"2025-05-22T09:51:57","slug":"contact-us","status":"publish","type":"page","link":"https:\/\/smkbio.com\/pt\/contact-us\/","title":{"rendered":"Contactar-nos"},"content":{"rendered":"<div data-elementor-type=\"wp-page\" data-elementor-id=\"4439\" class=\"elementor elementor-4439\">\n\t\t\t\t<div class=\"elementor-element elementor-element-1437c761 wd-section-stretch-content e-flex e-con-boxed e-con e-parent\" data-id=\"1437c761\" data-element_type=\"container\">\n\t\t\t\t\t<div class=\"e-con-inner\">\n\t\t\t\t<div class=\"elementor-element elementor-element-742292b1 elementor-widget elementor-widget-google_maps\" data-id=\"742292b1\" data-element_type=\"widget\" data-widget_type=\"google_maps.default\">\n\t\t\t\t<div class=\"elementor-widget-container\">\n\t\t\t\t\t\t\t<div class=\"elementor-custom-embed\">\n\t\t\t<iframe loading=\"lazy\"\n\t\t\t\t\tsrc=\"https:\/\/maps.google.com\/maps?q=located%20in%20Huojia%20County%2C%20Xinxiang%20City%2C%20Henan%20Province&#038;t=m&#038;z=14&#038;output=embed&#038;iwloc=near\"\n\t\t\t\t\ttitle=\"localizada no condado de Huojia, cidade de Xinxiang, prov\u00edncia de Henan\"\n\t\t\t\t\taria-label=\"localizada no condado de Huojia, cidade de Xinxiang, prov\u00edncia de Henan\"\n\t\t\t><\/iframe>\n\t\t<\/div>\n\t\t\t\t\t\t<\/div>\n\t\t\t\t<\/div>\n\t\t\t\t\t<\/div>\n\t\t\t\t<\/div>\n\t\t<div class=\"wd-negative-gap elementor-element elementor-element-41edb7d wd-section-stretch e-flex e-con-boxed e-con e-parent\" data-id=\"41edb7d\" data-element_type=\"container\" data-settings=\"{&quot;background_background&quot;:&quot;classic&quot;}\">\n\t\t\t\t\t<div class=\"e-con-inner\">\n\t\t<div class=\"elementor-element elementor-element-c532c18 e-con-full e-flex e-con e-child\" data-id=\"c532c18\" data-element_type=\"container\" data-settings=\"{&quot;background_background&quot;:&quot;classic&quot;}\">\n\t\t\t\t<div class=\"elementor-element elementor-element-fa4529f elementor-widget elementor-widget-heading\" data-id=\"fa4529f\" data-element_type=\"widget\" data-widget_type=\"heading.default\">\n\t\t\t\t<div class=\"elementor-widget-container\">\n\t\t\t\t\t<h2 class=\"elementor-heading-title elementor-size-default\">TORNE-SE NOSSO<\/h2>\t\t\t\t<\/div>\n\t\t\t\t<\/div>\n\t\t\t\t<div class=\"elementor-element elementor-element-e79274a elementor-widget elementor-widget-heading\" data-id=\"e79274a\" data-element_type=\"widget\" data-widget_type=\"heading.default\">\n\t\t\t\t<div class=\"elementor-widget-container\">\n\t\t\t\t\t<h2 class=\"elementor-heading-title elementor-size-default\">PARCEIRO<\/h2>\t\t\t\t<\/div>\n\t\t\t\t<\/div>\n\t\t\t\t<div class=\"elementor-element elementor-element-ca427ac color-scheme-inherit text-left elementor-widget elementor-widget-text-editor\" data-id=\"ca427ac\" data-element_type=\"widget\" data-widget_type=\"text-editor.default\">\n\t\t\t\t<div class=\"elementor-widget-container\">\n\t\t\t\t\t\t\t\t\t<p><span data-slate-fragment=\"JTVCJTdCJTIydHlwZSUyMiUzQSUyMnBhcmFncmFwaCUyMiUyQyUyMmNoaWxkcmVuJTIyJTNBJTVCJTdCJTIyaWQlMjIlM0ElMjJlNjZXWk85YXBlJTIyJTJDJTIycGFyYUlkeCUyMiUzQTElMkMlMjJzcmMlMjIlM0ElMjJUZWxsJTIwdXMlMjB5b3VyJTIwYnVzaW5lc3MlMjBuZWVkcyUyQyUyMHdlJTIwd2lsbCUyMHByb3ZpZGUlMjB5b3UlMjB3aXRoY29tcHJlaGVuc2l2ZSUyMHRlY2huaWNhbCUyMHN1cHBvcnQhJTIyJTJDJTIyZHN0JTIyJTNBJTIyJUU1JTkxJThBJUU4JUFGJTg5JUU2JTg4JTkxJUU0JUJCJUFDJUU2JTgyJUE4JUU3JTlBJTg0JUU0JUI4JTlBJUU1JThBJUExJUU5JTlDJTgwJUU2JUIxJTgyJUVGJUJDJThDJUU2JTg4JTkxJUU0JUJCJUFDJUU1JUIwJTg2JUU0JUI4JUJBJUU2JTgyJUE4JUU2JThGJTkwJUU0JUJFJTlCJUU1JTg1JUE4JUU5JTlEJUEyJUU3JTlBJTg0JUU2JThBJTgwJUU2JTlDJUFGJUU2JTk0JUFGJUU2JThDJTgxJUVGJUJDJTgxJTIyJTJDJTIybWV0YWRhdGElMjIlM0ElMjIlMjIlMkMlMjJtYXRjaGVzJTIyJTNBbnVsbCUyQyUyMm1ldGFEYXRhJTIyJTNBJTVCJTVEJTJDJTIydGV4dCUyMiUzQSUyMlRlbGwlMjB1cyUyMHlvdXIlMjBidXNpbmVzcyUyMG5lZWRzJTJDJTIwd2UlMjB3aWxsJTIwcHJvdmlkZSUyMHlvdSUyMHdpdGhjb21wcmVoZW5zaXZlJTIwdGVjaG5pY2FsJTIwc3VwcG9ydCElMjIlN0QlNUQlN0QlNUQ=\">Diga-nos quais s\u00e3o as suas necessidades comerciais e n\u00f3s fornecer-lhe-emos um apoio t\u00e9cnico completo!<\/span><\/p>\t\t\t\t\t\t\t\t<\/div>\n\t\t\t\t<\/div>\n\t\t<div class=\"elementor-element elementor-element-ed4dc91 e-con-full e-flex e-con e-child\" data-id=\"ed4dc91\" data-element_type=\"container\">\n\t\t<div class=\"elementor-element elementor-element-bc798f8 e-con-full e-flex e-con e-child\" data-id=\"bc798f8\" data-element_type=\"container\">\n\t\t\t\t<div class=\"elementor-element elementor-element-25e09c4 elementor-widget elementor-widget-image\" data-id=\"25e09c4\" data-element_type=\"widget\" data-widget_type=\"image.default\">\n\t\t\t\t<div class=\"elementor-widget-container\">\n\t\t\t\t\t\t\t\t\t\t\t\t\t\t\t<img decoding=\"async\" src=\"https:\/\/smkbio.com\/wp-content\/uploads\/2025\/05\/01.jpg\" title=\"01\" alt=\"01\" loading=\"lazy\" \/>\t\t\t\t\t\t\t\t\t\t\t\t\t\t\t<\/div>\n\t\t\t\t<\/div>\n\t\t\t\t<\/div>\n\t\t<div class=\"elementor-element elementor-element-42d18a7 e-con-full e-flex e-con e-child\" data-id=\"42d18a7\" data-element_type=\"container\">\n\t\t\t\t<div class=\"elementor-element elementor-element-fc0552d color-scheme-inherit text-left elementor-widget elementor-widget-text-editor\" data-id=\"fc0552d\" data-element_type=\"widget\" data-widget_type=\"text-editor.default\">\n\t\t\t\t<div class=\"elementor-widget-container\">\n\t\t\t\t\t\t\t\t\t<p _msthidden=\"1\"><span style=\"\" _msttexthash=\"21834930\" _msthash=\"29069\">\u7535\u5b50\u90ae\u4ef6\uff1a smkbio@hotmail.com<\/span><\/p>\t\t\t\t\t\t\t\t<\/div>\n\t\t\t\t<\/div>\n\t\t\t\t<\/div>\n\t\t\t\t<\/div>\n\t\t<div class=\"elementor-element elementor-element-3f0b33c e-con-full e-flex e-con e-child\" data-id=\"3f0b33c\" data-element_type=\"container\">\n\t\t<div class=\"elementor-element elementor-element-85c3c7d e-con-full e-flex e-con e-child\" data-id=\"85c3c7d\" data-element_type=\"container\">\n\t\t\t\t<div class=\"elementor-element elementor-element-465d21f elementor-widget elementor-widget-image\" data-id=\"465d21f\" data-element_type=\"widget\" data-widget_type=\"image.default\">\n\t\t\t\t<div class=\"elementor-widget-container\">\n\t\t\t\t\t\t\t\t\t\t\t\t\t\t\t<img decoding=\"async\" src=\"https:\/\/smkbio.com\/wp-content\/uploads\/2025\/05\/02.jpg\" title=\"02\" alt=\"02\" loading=\"lazy\" \/>\t\t\t\t\t\t\t\t\t\t\t\t\t\t\t<\/div>\n\t\t\t\t<\/div>\n\t\t\t\t<\/div>\n\t\t<div class=\"elementor-element elementor-element-cc911c1 e-con-full e-flex e-con e-child\" data-id=\"cc911c1\" data-element_type=\"container\">\n\t\t\t\t<div class=\"elementor-element elementor-element-f4cce4f color-scheme-inherit text-left elementor-widget elementor-widget-text-editor\" data-id=\"f4cce4f\" data-element_type=\"widget\" data-widget_type=\"text-editor.default\">\n\t\t\t\t<div class=\"elementor-widget-container\">\n\t\t\t\t\t\t\t\t\t<p>WhatsApp\uff1a+86 8613937585691<\/p>\t\t\t\t\t\t\t\t<\/div>\n\t\t\t\t<\/div>\n\t\t\t\t<\/div>\n\t\t\t\t<\/div>\n\t\t<div class=\"elementor-element elementor-element-3902285 e-con-full e-flex e-con e-child\" data-id=\"3902285\" data-element_type=\"container\">\n\t\t<div class=\"elementor-element elementor-element-0e041ba e-con-full e-flex e-con e-child\" data-id=\"0e041ba\" data-element_type=\"container\">\n\t\t\t\t<div class=\"elementor-element elementor-element-d37fefc elementor-widget elementor-widget-image\" data-id=\"d37fefc\" data-element_type=\"widget\" data-widget_type=\"image.default\">\n\t\t\t\t<div class=\"elementor-widget-container\">\n\t\t\t\t\t\t\t\t\t\t\t\t\t\t\t<img decoding=\"async\" src=\"https:\/\/smkbio.com\/wp-content\/uploads\/2025\/05\/03.jpg\" title=\"03\" alt=\"03\" loading=\"lazy\" \/>\t\t\t\t\t\t\t\t\t\t\t\t\t\t\t<\/div>\n\t\t\t\t<\/div>\n\t\t\t\t<\/div>\n\t\t<div class=\"elementor-element elementor-element-106a879 e-con-full e-flex e-con e-child\" data-id=\"106a879\" data-element_type=\"container\">\n\t\t\t\t<div class=\"elementor-element elementor-element-bc6574f color-scheme-inherit text-left elementor-widget elementor-widget-text-editor\" data-id=\"bc6574f\" data-element_type=\"widget\" data-widget_type=\"text-editor.default\">\n\t\t\t\t<div class=\"elementor-widget-container\">\n\t\t\t\t\t\t\t\t\t<p>Telefone\uff1a+86 8613937585691<\/p>\t\t\t\t\t\t\t\t<\/div>\n\t\t\t\t<\/div>\n\t\t\t\t<\/div>\n\t\t\t\t<\/div>\n\t\t<div class=\"elementor-element elementor-element-04518aa e-con-full e-flex e-con e-child\" data-id=\"04518aa\" data-element_type=\"container\">\n\t\t<div class=\"elementor-element elementor-element-b78dc8b e-con-full e-flex e-con e-child\" data-id=\"b78dc8b\" data-element_type=\"container\">\n\t\t\t\t<div class=\"elementor-element elementor-element-633937a elementor-widget elementor-widget-image\" data-id=\"633937a\" data-element_type=\"widget\" data-widget_type=\"image.default\">\n\t\t\t\t<div class=\"elementor-widget-container\">\n\t\t\t\t\t\t\t\t\t\t\t\t\t\t\t<img decoding=\"async\" src=\"https:\/\/smkbio.com\/wp-content\/uploads\/2025\/05\/04.jpg\" title=\"04\" alt=\"04\" loading=\"lazy\" \/>\t\t\t\t\t\t\t\t\t\t\t\t\t\t\t<\/div>\n\t\t\t\t<\/div>\n\t\t\t\t<\/div>\n\t\t<div class=\"elementor-element elementor-element-fbe1065 e-con-full e-flex e-con e-child\" data-id=\"fbe1065\" data-element_type=\"container\">\n\t\t\t\t<div class=\"elementor-element elementor-element-22ac897 color-scheme-inherit text-left elementor-widget elementor-widget-text-editor\" data-id=\"22ac897\" data-element_type=\"widget\" data-widget_type=\"text-editor.default\">\n\t\t\t\t<div class=\"elementor-widget-container\">\n\t\t\t\t\t\t\t\t\t<p>Endere\u00e7o: localizado no condado de Huojia, cidade de Xinxiang, prov\u00edncia de Henan<\/p>\t\t\t\t\t\t\t\t<\/div>\n\t\t\t\t<\/div>\n\t\t\t\t<\/div>\n\t\t\t\t<\/div>\n\t\t\t\t<\/div>\n\t\t<div class=\"elementor-element elementor-element-f060b0c e-con-full e-flex e-con e-child\" data-id=\"f060b0c\" data-element_type=\"container\" data-settings=\"{&quot;background_background&quot;:&quot;classic&quot;}\">\n\t\t\t\t<div class=\"elementor-element elementor-element-b0c2882 wd-width-100 elementor-widget elementor-widget-wd_title\" data-id=\"b0c2882\" data-element_type=\"widget\" data-widget_type=\"wd_title.default\">\n\t\t\t\t<div class=\"elementor-widget-container\">\n\t\t\t\t\t\t\t<div class=\"title-wrapper wd-set-mb reset-last-child wd-title-color-default wd-title-style-default wd-title-size-default text-left\">\n\n\t\t\t\t\t\t\t\t\t\t\t<div class=\"title-subtitle subtitle-color-default subtitle-style-default wd-fontsize-xs\">\n\t\t\t\t\tINFORMA\u00c7\u00d5ES SOBRE N\u00d3S\t\t\t\t<\/div>\n\t\t\t\n\t\t\t<div class=\"liner-continer\">\n\t\t\t\t<h4 class=\"woodmart-title-container title wd-fontsize-l\">CONTACTE-NOS PARA QUAISQUER QUEST\u00d5ES<\/h4> \n\t\t\t\t\t\t\t<\/div>\n\n\t\t\t\t\t<\/div>\n\t\t\t\t\t\t<\/div>\n\t\t\t\t<\/div>\n\t\t\t\t<div class=\"elementor-element elementor-element-c338bf0 elementor-widget elementor-widget-wd_contact_form_7\" data-id=\"c338bf0\" data-element_type=\"widget\" data-widget_type=\"wd_contact_form_7.default\">\n\t\t\t\t<div class=\"elementor-widget-container\">\n\t\t\t\t\t\n<div class=\"wpcf7 no-js\" id=\"wpcf7-f1572-o1\" lang=\"en-US\" dir=\"ltr\" data-wpcf7-id=\"1572\">\n<div class=\"screen-reader-response\"><p role=\"status\" aria-live=\"polite\" aria-atomic=\"true\"><\/p> <ul><\/ul><\/div>\n<form action=\"\/pt\/wp-json\/wp\/v2\/pages\/4439#wpcf7-f1572-o1\" method=\"post\" class=\"wpcf7-form init\" aria-label=\"Formul\u00e1rio de contacto\" novalidate=\"novalidate\" data-status=\"init\" data-trp-original-action=\"\/pt\/wp-json\/wp\/v2\/pages\/4439#wpcf7-f1572-o1\">\n<div style=\"display: none;\">\n<input type=\"hidden\" name=\"_wpcf7\" value=\"1572\" \/>\n<input type=\"hidden\" name=\"_wpcf7_version\" value=\"6.0.6\" \/>\n<input type=\"hidden\" name=\"_wpcf7_locale\" value=\"en_US\" \/>\n<input type=\"hidden\" name=\"_wpcf7_unit_tag\" value=\"wpcf7-f1572-o1\" \/>\n<input type=\"hidden\" name=\"_wpcf7_container_post\" value=\"0\" \/>\n<input type=\"hidden\" name=\"_wpcf7_posted_data_hash\" value=\"\" \/>\n<\/div>\n<div class=\"row\">\n\t<p class=\"col-md-6\"><label>O seu nome<\/label><span class=\"wpcf7-form-control-wrap\" data-name=\"your-name\"><input size=\"40\" maxlength=\"400\" class=\"wpcf7-form-control wpcf7-text wpcf7-validates-as-required\" aria-required=\"true\" aria-invalid=\"false\" value=\"\" type=\"text\" name=\"your-name\" \/><\/span>\n\t<\/p>\n\t<p class=\"col-md-6\"><label>O seu e-mail<\/label><span class=\"wpcf7-form-control-wrap\" data-name=\"your-email\"><input size=\"40\" maxlength=\"400\" class=\"wpcf7-form-control wpcf7-email wpcf7-validates-as-required wpcf7-text wpcf7-validates-as-email\" aria-required=\"true\" aria-invalid=\"false\" value=\"\" type=\"email\" name=\"your-email\" \/><\/span>\n\t<\/p>\n<\/div>\n<div class=\"row\">\n\t<p class=\"col-md-6\"><label>N\u00famero de telefone<\/label><span class=\"wpcf7-form-control-wrap\" data-name=\"tel-767\"><input size=\"40\" maxlength=\"400\" class=\"wpcf7-form-control wpcf7-tel wpcf7-text wpcf7-validates-as-tel\" aria-invalid=\"false\" value=\"\" type=\"tel\" name=\"tel-767\" \/><\/span>\n\t<\/p>\n\t<p class=\"col-md-6\"><label>Empresa<\/label><span class=\"wpcf7-form-control-wrap\" data-name=\"text-1\"><input size=\"40\" maxlength=\"400\" class=\"wpcf7-form-control wpcf7-text\" aria-invalid=\"false\" value=\"\" type=\"text\" name=\"text-1\" \/><\/span>\n\t<\/p>\n<\/div>\n<p><label>A sua mensagem<\/label><span class=\"wpcf7-form-control-wrap\" data-name=\"your-message\"><textarea cols=\"40\" rows=\"10\" maxlength=\"2000\" class=\"wpcf7-form-control wpcf7-textarea\" aria-invalid=\"false\" name=\"your-message\"><\/textarea><\/span>\n<\/p>\n<p><input class=\"wpcf7-form-control wpcf7-submit has-spinner btn-color-black\" type=\"submit\" value=\"FAZER UMA PERGUNTA\" \/>\n<\/p><div class=\"wpcf7-response-output\" aria-hidden=\"true\"><\/div>\n<input type=\"hidden\" name=\"trp-form-language\" value=\"pt\"\/><\/form>\n<\/div>\n\t\t\t\t<\/div>\n\t\t\t\t<\/div>\n\t\t\t\t<\/div>\n\t\t\t\t\t<\/div>\n\t\t\t\t<\/div>\n\t\t\t\t<\/div>","protected":false},"excerpt":{"rendered":"<p>TORNE-SE NOSSO PARCEIRO Diga-nos as suas necessidades de neg\u00f3cios, iremos fornecer-lhe um suporte t\u00e9cnico abrangente! \u7535\u5b50\u90ae\u4ef6\uff1a smkbio@hotmail.com WhatsApp\uff1a+86 8613937585691 Telefone\uff1a+86<\/p>","protected":false},"author":1,"featured_media":0,"parent":0,"menu_order":0,"comment_status":"closed","ping_status":"closed","template":"","meta":{"footnotes":""},"class_list":["post-4439","page","type-page","status-publish","hentry"],"_links":{"self":[{"href":"https:\/\/smkbio.com\/pt\/wp-json\/wp\/v2\/pages\/4439","targetHints":{"allow":["GET"]}}],"collection":[{"href":"https:\/\/smkbio.com\/pt\/wp-json\/wp\/v2\/pages"}],"about":[{"href":"https:\/\/smkbio.com\/pt\/wp-json\/wp\/v2\/types\/page"}],"author":[{"embeddable":true,"href":"https:\/\/smkbio.com\/pt\/wp-json\/wp\/v2\/users\/1"}],"replies":[{"embeddable":true,"href":"https:\/\/smkbio.com\/pt\/wp-json\/wp\/v2\/comments?post=4439"}],"version-history":[{"count":33,"href":"https:\/\/smkbio.com\/pt\/wp-json\/wp\/v2\/pages\/4439\/revisions"}],"predecessor-version":[{"id":16251,"href":"https:\/\/smkbio.com\/pt\/wp-json\/wp\/v2\/pages\/4439\/revisions\/16251"}],"wp:attachment":[{"href":"https:\/\/smkbio.com\/pt\/wp-json\/wp\/v2\/media?parent=4439"}],"curies":[{"name":"wp","href":"https:\/\/api.w.org\/{rel}","templated":true}]}}