{"id":15984,"date":"2025-05-20T06:06:56","date_gmt":"2025-05-20T06:06:56","guid":{"rendered":"https:\/\/smkbio.com\/?post_type=product&#038;p=15984"},"modified":"2025-05-20T06:15:02","modified_gmt":"2025-05-20T06:15:02","slug":"hydrogen-peroxide-sheet","status":"publish","type":"product","link":"https:\/\/smkbio.com\/pt\/produto\/hydrogen-peroxide-sheet\/","title":{"rendered":"Folha de per\u00f3xido de hidrog\u00e9nio"},"content":{"rendered":"<p><img fetchpriority=\"high\" decoding=\"async\" class=\"alignnone size-full wp-image-16002\" src=\"https:\/\/smkbio.com\/wp-content\/uploads\/2025\/05\/\u589e\u6c27\u7247\u8be6\u60c5\u56fe_01.jpg\" alt=\"\" width=\"790\" height=\"1306\" srcset=\"https:\/\/smkbio.com\/wp-content\/uploads\/2025\/05\/\u589e\u6c27\u7247\u8be6\u60c5\u56fe_01.jpg 790w, https:\/\/smkbio.com\/wp-content\/uploads\/2025\/05\/\u589e\u6c27\u7247\u8be6\u60c5\u56fe_01-181x300.jpg 181w, https:\/\/smkbio.com\/wp-content\/uploads\/2025\/05\/\u589e\u6c27\u7247\u8be6\u60c5\u56fe_01-484x800.jpg 484w, https:\/\/smkbio.com\/wp-content\/uploads\/2025\/05\/\u589e\u6c27\u7247\u8be6\u60c5\u56fe_01-768x1270.jpg 768w, https:\/\/smkbio.com\/wp-content\/uploads\/2025\/05\/\u589e\u6c27\u7247\u8be6\u60c5\u56fe_01-430x711.jpg 430w, https:\/\/smkbio.com\/wp-content\/uploads\/2025\/05\/\u589e\u6c27\u7247\u8be6\u60c5\u56fe_01-700x1157.jpg 700w, https:\/\/smkbio.com\/wp-content\/uploads\/2025\/05\/\u589e\u6c27\u7247\u8be6\u60c5\u56fe_01-150x248.jpg 150w\" sizes=\"(max-width: 790px) 100vw, 790px\" \/> <img decoding=\"async\" class=\"alignnone size-full wp-image-16003\" src=\"https:\/\/smkbio.com\/wp-content\/uploads\/2025\/05\/\u589e\u6c27\u7247\u8be6\u60c5\u56fe_02.jpg\" alt=\"\" width=\"790\" height=\"1062\" srcset=\"https:\/\/smkbio.com\/wp-content\/uploads\/2025\/05\/\u589e\u6c27\u7247\u8be6\u60c5\u56fe_02.jpg 790w, https:\/\/smkbio.com\/wp-content\/uploads\/2025\/05\/\u589e\u6c27\u7247\u8be6\u60c5\u56fe_02-223x300.jpg 223w, https:\/\/smkbio.com\/wp-content\/uploads\/2025\/05\/\u589e\u6c27\u7247\u8be6\u60c5\u56fe_02-595x800.jpg 595w, https:\/\/smkbio.com\/wp-content\/uploads\/2025\/05\/\u589e\u6c27\u7247\u8be6\u60c5\u56fe_02-768x1032.jpg 768w, https:\/\/smkbio.com\/wp-content\/uploads\/2025\/05\/\u589e\u6c27\u7247\u8be6\u60c5\u56fe_02-430x578.jpg 430w, https:\/\/smkbio.com\/wp-content\/uploads\/2025\/05\/\u589e\u6c27\u7247\u8be6\u60c5\u56fe_02-700x941.jpg 700w, https:\/\/smkbio.com\/wp-content\/uploads\/2025\/05\/\u589e\u6c27\u7247\u8be6\u60c5\u56fe_02-150x202.jpg 150w\" sizes=\"(max-width: 790px) 100vw, 790px\" \/> <img decoding=\"async\" class=\"alignnone size-full wp-image-16004\" src=\"https:\/\/smkbio.com\/wp-content\/uploads\/2025\/05\/\u589e\u6c27\u7247\u8be6\u60c5\u56fe_04.jpg\" alt=\"\" width=\"790\" height=\"1269\" srcset=\"https:\/\/smkbio.com\/wp-content\/uploads\/2025\/05\/\u589e\u6c27\u7247\u8be6\u60c5\u56fe_04.jpg 790w, https:\/\/smkbio.com\/wp-content\/uploads\/2025\/05\/\u589e\u6c27\u7247\u8be6\u60c5\u56fe_04-187x300.jpg 187w, https:\/\/smkbio.com\/wp-content\/uploads\/2025\/05\/\u589e\u6c27\u7247\u8be6\u60c5\u56fe_04-498x800.jpg 498w, https:\/\/smkbio.com\/wp-content\/uploads\/2025\/05\/\u589e\u6c27\u7247\u8be6\u60c5\u56fe_04-768x1234.jpg 768w, https:\/\/smkbio.com\/wp-content\/uploads\/2025\/05\/\u589e\u6c27\u7247\u8be6\u60c5\u56fe_04-430x691.jpg 430w, https:\/\/smkbio.com\/wp-content\/uploads\/2025\/05\/\u589e\u6c27\u7247\u8be6\u60c5\u56fe_04-700x1124.jpg 700w, https:\/\/smkbio.com\/wp-content\/uploads\/2025\/05\/\u589e\u6c27\u7247\u8be6\u60c5\u56fe_04-150x241.jpg 150w\" sizes=\"(max-width: 790px) 100vw, 790px\" \/> <img loading=\"lazy\" decoding=\"async\" class=\"alignnone size-full wp-image-16005\" src=\"https:\/\/smkbio.com\/wp-content\/uploads\/2025\/05\/\u589e\u6c27\u7247\u8be6\u60c5\u56fe_05.jpg\" alt=\"\" width=\"790\" height=\"817\" srcset=\"https:\/\/smkbio.com\/wp-content\/uploads\/2025\/05\/\u589e\u6c27\u7247\u8be6\u60c5\u56fe_05.jpg 790w, https:\/\/smkbio.com\/wp-content\/uploads\/2025\/05\/\u589e\u6c27\u7247\u8be6\u60c5\u56fe_05-290x300.jpg 290w, https:\/\/smkbio.com\/wp-content\/uploads\/2025\/05\/\u589e\u6c27\u7247\u8be6\u60c5\u56fe_05-774x800.jpg 774w, https:\/\/smkbio.com\/wp-content\/uploads\/2025\/05\/\u589e\u6c27\u7247\u8be6\u60c5\u56fe_05-768x794.jpg 768w, https:\/\/smkbio.com\/wp-content\/uploads\/2025\/05\/\u589e\u6c27\u7247\u8be6\u60c5\u56fe_05-430x445.jpg 430w, https:\/\/smkbio.com\/wp-content\/uploads\/2025\/05\/\u589e\u6c27\u7247\u8be6\u60c5\u56fe_05-700x724.jpg 700w, https:\/\/smkbio.com\/wp-content\/uploads\/2025\/05\/\u589e\u6c27\u7247\u8be6\u60c5\u56fe_05-150x155.jpg 150w\" sizes=\"(max-width: 790px) 100vw, 790px\" \/><\/p>\n<p>Fun\u00e7\u00e3o do produto \u3010\u3011 Pode aumentar rapidamente o conte\u00fado de oxig\u00eanio dissolvido no sedimento de fundo e na \u00e1gua da lagoa, aumentar o potencial de oxida\u00e7\u00e3o-redu\u00e7\u00e3o e melhorar significativamente os fen\u00f4menos como escurecimento, aquecimento, fedor no fundo ou preto e vermelho cor da \u00e1gua causada pela podrid\u00e3o das plantas aqu\u00e1ticas. Melhorar o ambiente aqu\u00e1tico e aumentar a capacidade de decomposi\u00e7\u00e3o dos probi\u00f3ticos para a mat\u00e9ria org\u00e2nica.<br \/>\n2. Reduzir eficazmente o nitrito, o azoto amoniacal, o sulfureto e os sais met\u00e1licos nocivos nas massas de \u00e1gua e promover o equil\u00edbrio da flora de algas.<br \/>\n3. Pode libertar continuamente oxig\u00e9nio, o que \u00e9 mais longo do que o percarbonato de s\u00f3dio e outros, e tem uma margem de lucro mais elevada. Tem uma maior capacidade de melhorar o fundo, desodorizar e oxidar a mat\u00e9ria org\u00e2nica. Ap\u00f3s utiliza\u00e7\u00e3o frequente, n\u00e3o h\u00e1 endurecimento das lamas de fundo.<br \/>\nA utiliza\u00e7\u00e3o regular durante a esta\u00e7\u00e3o quente pode inibir eficazmente a reprodu\u00e7\u00e3o de bact\u00e9rias nocivas e infec\u00e7\u00f5es bacterianas, etc.<br \/>\n\u3010Carater\u00edsticas do produto \u3011 Alto teor de oxig\u00e9nio ativo, forte capacidade de oxida\u00e7\u00e3o, amigo do ambiente, seguro e est\u00e1vel, n\u00e3o t\u00f3xico.<\/p>","protected":false},"excerpt":{"rendered":"<p>Comprimidos desinfectantes de di\u00f3xido de hidrog\u00e9nio,O per\u00f3xido de hidrog\u00e9nio s\u00f3lido, um agente sem cloro, n\u00e3o deixa res\u00edduos, n\u00e3o tem efeitos secund\u00e1rios t\u00f3xicos, n\u00e3o causa polui\u00e7\u00e3o ambiental e \u00e9 utilizado na aquacultura para oxigena\u00e7\u00e3o.desinfe\u00e7\u00e3o e esteriliza\u00e7\u00e3o;Melhoria da qualidade da \u00e1gua e desintoxica\u00e7\u00e3o.<\/p>","protected":false},"featured_media":16001,"comment_status":"open","ping_status":"closed","template":"","meta":[],"product_brand":[],"product_cat":[20],"product_tag":[],"class_list":{"0":"post-15984","1":"product","2":"type-product","3":"status-publish","4":"has-post-thumbnail","6":"product_cat-product","8":"first","9":"instock","10":"shipping-taxable","11":"product-type-simple"},"_links":{"self":[{"href":"https:\/\/smkbio.com\/pt\/wp-json\/wp\/v2\/product\/15984","targetHints":{"allow":["GET"]}}],"collection":[{"href":"https:\/\/smkbio.com\/pt\/wp-json\/wp\/v2\/product"}],"about":[{"href":"https:\/\/smkbio.com\/pt\/wp-json\/wp\/v2\/types\/product"}],"replies":[{"embeddable":true,"href":"https:\/\/smkbio.com\/pt\/wp-json\/wp\/v2\/comments?post=15984"}],"version-history":[{"count":1,"href":"https:\/\/smkbio.com\/pt\/wp-json\/wp\/v2\/product\/15984\/revisions"}],"predecessor-version":[{"id":16007,"href":"https:\/\/smkbio.com\/pt\/wp-json\/wp\/v2\/product\/15984\/revisions\/16007"}],"wp:featuredmedia":[{"embeddable":true,"href":"https:\/\/smkbio.com\/pt\/wp-json\/wp\/v2\/media\/16001"}],"wp:attachment":[{"href":"https:\/\/smkbio.com\/pt\/wp-json\/wp\/v2\/media?parent=15984"}],"wp:term":[{"taxonomy":"product_brand","embeddable":true,"href":"https:\/\/smkbio.com\/pt\/wp-json\/wp\/v2\/product_brand?post=15984"},{"taxonomy":"product_cat","embeddable":true,"href":"https:\/\/smkbio.com\/pt\/wp-json\/wp\/v2\/product_cat?post=15984"},{"taxonomy":"product_tag","embeddable":true,"href":"https:\/\/smkbio.com\/pt\/wp-json\/wp\/v2\/product_tag?post=15984"}],"curies":[{"name":"wp","href":"https:\/\/api.w.org\/{rel}","templated":true}]}}