{"id":15985,"date":"2025-05-20T06:06:57","date_gmt":"2025-05-20T06:06:57","guid":{"rendered":"https:\/\/smkbio.com\/?post_type=product&#038;p=15985"},"modified":"2025-12-29T03:51:30","modified_gmt":"2025-12-29T03:51:30","slug":"dihydropyridine","status":"publish","type":"product","link":"https:\/\/smkbio.com\/pt\/produto\/dihydropyridine\/","title":{"rendered":"Dihidropiridina"},"content":{"rendered":"<p><img fetchpriority=\"high\" decoding=\"async\" class=\"alignnone size-full wp-image-16011\" src=\"https:\/\/smkbio.com\/wp-content\/uploads\/2025\/05\/\u4e8c\u6c22\u5421\u5576\u8be6\u60c5\u56fe_01.jpg\" alt=\"\" width=\"790\" height=\"1306\" srcset=\"https:\/\/smkbio.com\/wp-content\/uploads\/2025\/05\/\u4e8c\u6c22\u5421\u5576\u8be6\u60c5\u56fe_01.jpg 790w, https:\/\/smkbio.com\/wp-content\/uploads\/2025\/05\/\u4e8c\u6c22\u5421\u5576\u8be6\u60c5\u56fe_01-181x300.jpg 181w, https:\/\/smkbio.com\/wp-content\/uploads\/2025\/05\/\u4e8c\u6c22\u5421\u5576\u8be6\u60c5\u56fe_01-484x800.jpg 484w, https:\/\/smkbio.com\/wp-content\/uploads\/2025\/05\/\u4e8c\u6c22\u5421\u5576\u8be6\u60c5\u56fe_01-768x1270.jpg 768w, https:\/\/smkbio.com\/wp-content\/uploads\/2025\/05\/\u4e8c\u6c22\u5421\u5576\u8be6\u60c5\u56fe_01-430x711.jpg 430w, https:\/\/smkbio.com\/wp-content\/uploads\/2025\/05\/\u4e8c\u6c22\u5421\u5576\u8be6\u60c5\u56fe_01-700x1157.jpg 700w, https:\/\/smkbio.com\/wp-content\/uploads\/2025\/05\/\u4e8c\u6c22\u5421\u5576\u8be6\u60c5\u56fe_01-150x248.jpg 150w\" sizes=\"(max-width: 790px) 100vw, 790px\" \/> <img decoding=\"async\" class=\"alignnone size-full wp-image-16012\" src=\"https:\/\/smkbio.com\/wp-content\/uploads\/2025\/05\/\u4e8c\u6c22\u5421\u5576\u8be6\u60c5\u56fe_02.jpg\" alt=\"\" width=\"790\" height=\"1062\" srcset=\"https:\/\/smkbio.com\/wp-content\/uploads\/2025\/05\/\u4e8c\u6c22\u5421\u5576\u8be6\u60c5\u56fe_02.jpg 790w, https:\/\/smkbio.com\/wp-content\/uploads\/2025\/05\/\u4e8c\u6c22\u5421\u5576\u8be6\u60c5\u56fe_02-223x300.jpg 223w, https:\/\/smkbio.com\/wp-content\/uploads\/2025\/05\/\u4e8c\u6c22\u5421\u5576\u8be6\u60c5\u56fe_02-595x800.jpg 595w, https:\/\/smkbio.com\/wp-content\/uploads\/2025\/05\/\u4e8c\u6c22\u5421\u5576\u8be6\u60c5\u56fe_02-768x1032.jpg 768w, https:\/\/smkbio.com\/wp-content\/uploads\/2025\/05\/\u4e8c\u6c22\u5421\u5576\u8be6\u60c5\u56fe_02-430x578.jpg 430w, https:\/\/smkbio.com\/wp-content\/uploads\/2025\/05\/\u4e8c\u6c22\u5421\u5576\u8be6\u60c5\u56fe_02-700x941.jpg 700w, https:\/\/smkbio.com\/wp-content\/uploads\/2025\/05\/\u4e8c\u6c22\u5421\u5576\u8be6\u60c5\u56fe_02-150x202.jpg 150w\" sizes=\"(max-width: 790px) 100vw, 790px\" \/> <img decoding=\"async\" class=\"alignnone size-full wp-image-16013\" src=\"https:\/\/smkbio.com\/wp-content\/uploads\/2025\/05\/\u4e8c\u6c22\u5421\u5576\u8be6\u60c5\u56fe_03.jpg\" alt=\"\" width=\"790\" height=\"1269\" srcset=\"https:\/\/smkbio.com\/wp-content\/uploads\/2025\/05\/\u4e8c\u6c22\u5421\u5576\u8be6\u60c5\u56fe_03.jpg 790w, https:\/\/smkbio.com\/wp-content\/uploads\/2025\/05\/\u4e8c\u6c22\u5421\u5576\u8be6\u60c5\u56fe_03-187x300.jpg 187w, https:\/\/smkbio.com\/wp-content\/uploads\/2025\/05\/\u4e8c\u6c22\u5421\u5576\u8be6\u60c5\u56fe_03-498x800.jpg 498w, https:\/\/smkbio.com\/wp-content\/uploads\/2025\/05\/\u4e8c\u6c22\u5421\u5576\u8be6\u60c5\u56fe_03-768x1234.jpg 768w, https:\/\/smkbio.com\/wp-content\/uploads\/2025\/05\/\u4e8c\u6c22\u5421\u5576\u8be6\u60c5\u56fe_03-430x691.jpg 430w, https:\/\/smkbio.com\/wp-content\/uploads\/2025\/05\/\u4e8c\u6c22\u5421\u5576\u8be6\u60c5\u56fe_03-700x1124.jpg 700w, https:\/\/smkbio.com\/wp-content\/uploads\/2025\/05\/\u4e8c\u6c22\u5421\u5576\u8be6\u60c5\u56fe_03-150x241.jpg 150w\" sizes=\"(max-width: 790px) 100vw, 790px\" \/> <img loading=\"lazy\" decoding=\"async\" class=\"alignnone size-full wp-image-16014\" src=\"https:\/\/smkbio.com\/wp-content\/uploads\/2025\/05\/\u4e8c\u6c22\u5421\u5576\u8be6\u60c5\u56fe_04.jpg\" alt=\"\" width=\"790\" height=\"1497\" srcset=\"https:\/\/smkbio.com\/wp-content\/uploads\/2025\/05\/\u4e8c\u6c22\u5421\u5576\u8be6\u60c5\u56fe_04.jpg 790w, https:\/\/smkbio.com\/wp-content\/uploads\/2025\/05\/\u4e8c\u6c22\u5421\u5576\u8be6\u60c5\u56fe_04-158x300.jpg 158w, https:\/\/smkbio.com\/wp-content\/uploads\/2025\/05\/\u4e8c\u6c22\u5421\u5576\u8be6\u60c5\u56fe_04-422x800.jpg 422w, https:\/\/smkbio.com\/wp-content\/uploads\/2025\/05\/\u4e8c\u6c22\u5421\u5576\u8be6\u60c5\u56fe_04-768x1455.jpg 768w, https:\/\/smkbio.com\/wp-content\/uploads\/2025\/05\/\u4e8c\u6c22\u5421\u5576\u8be6\u60c5\u56fe_04-430x815.jpg 430w, https:\/\/smkbio.com\/wp-content\/uploads\/2025\/05\/\u4e8c\u6c22\u5421\u5576\u8be6\u60c5\u56fe_04-700x1326.jpg 700w, https:\/\/smkbio.com\/wp-content\/uploads\/2025\/05\/\u4e8c\u6c22\u5421\u5576\u8be6\u60c5\u56fe_04-150x284.jpg 150w\" sizes=\"(max-width: 790px) 100vw, 790px\" \/> <img loading=\"lazy\" decoding=\"async\" class=\"alignnone size-full wp-image-16015\" src=\"https:\/\/smkbio.com\/wp-content\/uploads\/2025\/05\/\u4e8c\u6c22\u5421\u5576\u8be6\u60c5\u56fe_05.jpg\" alt=\"\" width=\"790\" height=\"1414\" srcset=\"https:\/\/smkbio.com\/wp-content\/uploads\/2025\/05\/\u4e8c\u6c22\u5421\u5576\u8be6\u60c5\u56fe_05.jpg 790w, https:\/\/smkbio.com\/wp-content\/uploads\/2025\/05\/\u4e8c\u6c22\u5421\u5576\u8be6\u60c5\u56fe_05-168x300.jpg 168w, https:\/\/smkbio.com\/wp-content\/uploads\/2025\/05\/\u4e8c\u6c22\u5421\u5576\u8be6\u60c5\u56fe_05-447x800.jpg 447w, https:\/\/smkbio.com\/wp-content\/uploads\/2025\/05\/\u4e8c\u6c22\u5421\u5576\u8be6\u60c5\u56fe_05-768x1375.jpg 768w, https:\/\/smkbio.com\/wp-content\/uploads\/2025\/05\/\u4e8c\u6c22\u5421\u5576\u8be6\u60c5\u56fe_05-430x770.jpg 430w, https:\/\/smkbio.com\/wp-content\/uploads\/2025\/05\/\u4e8c\u6c22\u5421\u5576\u8be6\u60c5\u56fe_05-700x1253.jpg 700w, https:\/\/smkbio.com\/wp-content\/uploads\/2025\/05\/\u4e8c\u6c22\u5421\u5576\u8be6\u60c5\u56fe_05-150x268.jpg 150w\" sizes=\"(max-width: 790px) 100vw, 790px\" \/> <img loading=\"lazy\" decoding=\"async\" class=\"alignnone size-full wp-image-16016\" src=\"https:\/\/smkbio.com\/wp-content\/uploads\/2025\/05\/\u4e8c\u6c22\u5421\u5576\u8be6\u60c5\u56fe_06.jpg\" alt=\"\" width=\"790\" height=\"1468\" srcset=\"https:\/\/smkbio.com\/wp-content\/uploads\/2025\/05\/\u4e8c\u6c22\u5421\u5576\u8be6\u60c5\u56fe_06.jpg 790w, https:\/\/smkbio.com\/wp-content\/uploads\/2025\/05\/\u4e8c\u6c22\u5421\u5576\u8be6\u60c5\u56fe_06-161x300.jpg 161w, https:\/\/smkbio.com\/wp-content\/uploads\/2025\/05\/\u4e8c\u6c22\u5421\u5576\u8be6\u60c5\u56fe_06-431x800.jpg 431w, https:\/\/smkbio.com\/wp-content\/uploads\/2025\/05\/\u4e8c\u6c22\u5421\u5576\u8be6\u60c5\u56fe_06-768x1427.jpg 768w, https:\/\/smkbio.com\/wp-content\/uploads\/2025\/05\/\u4e8c\u6c22\u5421\u5576\u8be6\u60c5\u56fe_06-430x799.jpg 430w, https:\/\/smkbio.com\/wp-content\/uploads\/2025\/05\/\u4e8c\u6c22\u5421\u5576\u8be6\u60c5\u56fe_06-700x1301.jpg 700w, https:\/\/smkbio.com\/wp-content\/uploads\/2025\/05\/\u4e8c\u6c22\u5421\u5576\u8be6\u60c5\u56fe_06-150x279.jpg 150w\" sizes=\"(max-width: 790px) 100vw, 790px\" \/> <img loading=\"lazy\" decoding=\"async\" class=\"alignnone size-full wp-image-16017\" src=\"https:\/\/smkbio.com\/wp-content\/uploads\/2025\/05\/\u4e8c\u6c22\u5421\u5576\u8be6\u60c5\u56fe_07.jpg\" alt=\"\" width=\"790\" height=\"816\" srcset=\"https:\/\/smkbio.com\/wp-content\/uploads\/2025\/05\/\u4e8c\u6c22\u5421\u5576\u8be6\u60c5\u56fe_07.jpg 790w, https:\/\/smkbio.com\/wp-content\/uploads\/2025\/05\/\u4e8c\u6c22\u5421\u5576\u8be6\u60c5\u56fe_07-290x300.jpg 290w, https:\/\/smkbio.com\/wp-content\/uploads\/2025\/05\/\u4e8c\u6c22\u5421\u5576\u8be6\u60c5\u56fe_07-775x800.jpg 775w, https:\/\/smkbio.com\/wp-content\/uploads\/2025\/05\/\u4e8c\u6c22\u5421\u5576\u8be6\u60c5\u56fe_07-768x793.jpg 768w, https:\/\/smkbio.com\/wp-content\/uploads\/2025\/05\/\u4e8c\u6c22\u5421\u5576\u8be6\u60c5\u56fe_07-430x444.jpg 430w, https:\/\/smkbio.com\/wp-content\/uploads\/2025\/05\/\u4e8c\u6c22\u5421\u5576\u8be6\u60c5\u56fe_07-700x723.jpg 700w, https:\/\/smkbio.com\/wp-content\/uploads\/2025\/05\/\u4e8c\u6c22\u5421\u5576\u8be6\u60c5\u56fe_07-150x155.jpg 150w\" sizes=\"(max-width: 790px) 100vw, 790px\" \/><\/p>\n<p>1. promover o crescimento.<br \/>\n2.lmelhorar o desempenho reprodutivo.<br \/>\n3. prevenir doen\u00e7as.<br \/>\n4.melhorar a imunidade.<br \/>\n5.lmelhorar a qualidade do gado e das aves de capoeira.<br \/>\nCarater\u00edstica:<br \/>\nMelhorar o desempenho do crescimento do gado e das aves de capoeira<br \/>\nL.melhorar o ganho de peso di\u00e1rio dos brolers em 7,23-8,16%;<br \/>\n2.lMelhorar o ganho de peso di\u00e1rio dos bovinos de engorda de 11-16%.<br \/>\nMelhorar a taxa de coloca\u00e7\u00e3o das camadas<br \/>\n1.lmelhora a taxa de postura das poedeiras em todo o per\u00edodo de cria\u00e7\u00e3o e o aumento m\u00e9dio \u00e9 de at\u00e9 9,96%o;<br \/>\n2.lmelhorar o peso individual dos ovos em 2,26-3,18%o, diminuir a taxa de quebra dos ovos em 31,39-<br \/>\n37,72% e economizar 13,5% de ra\u00e7\u00e3o.<br \/>\nMelhorar a taxa de reprodu\u00e7\u00e3o dos animais reprodutores<br \/>\n1. aumentar significativamente o volume de ejacula\u00e7\u00e3o dos machos reprodutores, diminuir a taxa de<br \/>\ndeformidades, melhorando a qualidade do s\u00e9men e, consequentemente, melhorando a taxa de fertiliza\u00e7\u00e3o;<br \/>\n2.lMelhorar a taxa de conce\u00e7\u00e3o dos bovinos e ovinos em 6,11%;<br \/>\n3.lMelhorar a taxa de postura, a taxa de fertiliza\u00e7\u00e3o e a eclodibilidade das aves de capoeira reprodutoras.<br \/>\nReduzir a gordura, proteger o f\u00edgado e melhorar a qualidade da carne<br \/>\n1. Diminuir a taxa de gordura hep\u00e1tica das camadas em 29,8-35,4% e a taxa de gordura abdominal em 31,3-39,6%o;<br \/>\n2. reduzir a espessura da gordura dorsal e o peso da gordura foliar dos bovinos e ovinos em 7,3-11,7% e<br \/>\nem 6,2-9,4%, respetivamente. Melhorar a taxa de abate em 5,86-7,23%;<br \/>\n3. melhorar significativamente a frescura da carne, melhorar a qualidade da carne e prolongar o prazo de validade.<\/p>","protected":false},"excerpt":{"rendered":"<p>A di-hidropiridina \u00e9 utilizada para promover o crescimento e melhorar o desempenho reprodutivo e prevenir doen\u00e7as e melhorar a imunidade dos animais.<\/p>","protected":false},"featured_media":16008,"comment_status":"open","ping_status":"closed","template":"","meta":[],"product_brand":[],"product_cat":[20],"product_tag":[],"class_list":{"0":"post-15985","1":"product","2":"type-product","3":"status-publish","4":"has-post-thumbnail","6":"product_cat-product","8":"first","9":"instock","10":"shipping-taxable","11":"product-type-simple"},"_links":{"self":[{"href":"https:\/\/smkbio.com\/pt\/wp-json\/wp\/v2\/product\/15985","targetHints":{"allow":["GET"]}}],"collection":[{"href":"https:\/\/smkbio.com\/pt\/wp-json\/wp\/v2\/product"}],"about":[{"href":"https:\/\/smkbio.com\/pt\/wp-json\/wp\/v2\/types\/product"}],"replies":[{"embeddable":true,"href":"https:\/\/smkbio.com\/pt\/wp-json\/wp\/v2\/comments?post=15985"}],"version-history":[{"count":1,"href":"https:\/\/smkbio.com\/pt\/wp-json\/wp\/v2\/product\/15985\/revisions"}],"predecessor-version":[{"id":16018,"href":"https:\/\/smkbio.com\/pt\/wp-json\/wp\/v2\/product\/15985\/revisions\/16018"}],"wp:featuredmedia":[{"embeddable":true,"href":"https:\/\/smkbio.com\/pt\/wp-json\/wp\/v2\/media\/16008"}],"wp:attachment":[{"href":"https:\/\/smkbio.com\/pt\/wp-json\/wp\/v2\/media?parent=15985"}],"wp:term":[{"taxonomy":"product_brand","embeddable":true,"href":"https:\/\/smkbio.com\/pt\/wp-json\/wp\/v2\/product_brand?post=15985"},{"taxonomy":"product_cat","embeddable":true,"href":"https:\/\/smkbio.com\/pt\/wp-json\/wp\/v2\/product_cat?post=15985"},{"taxonomy":"product_tag","embeddable":true,"href":"https:\/\/smkbio.com\/pt\/wp-json\/wp\/v2\/product_tag?post=15985"}],"curies":[{"name":"wp","href":"https:\/\/api.w.org\/{rel}","templated":true}]}}