{"id":15986,"date":"2025-05-20T06:06:58","date_gmt":"2025-05-20T06:06:58","guid":{"rendered":"https:\/\/smkbio.com\/?post_type=product&#038;p=15986"},"modified":"2025-05-20T06:22:13","modified_gmt":"2025-05-20T06:22:13","slug":"potassium-ferrate-tablets","status":"publish","type":"product","link":"https:\/\/smkbio.com\/pt\/produto\/potassium-ferrate-tablets\/","title":{"rendered":"Ferrato de pot\u00e1ssio em comprimidos"},"content":{"rendered":"<p><img fetchpriority=\"high\" decoding=\"async\" class=\"alignnone size-full wp-image-16022\" src=\"https:\/\/smkbio.com\/wp-content\/uploads\/2025\/05\/\u9ad8\u94c1\u536b\u58eb\u8be6\u60c5_01.jpg\" alt=\"\" width=\"790\" height=\"1306\" srcset=\"https:\/\/smkbio.com\/wp-content\/uploads\/2025\/05\/\u9ad8\u94c1\u536b\u58eb\u8be6\u60c5_01.jpg 790w, https:\/\/smkbio.com\/wp-content\/uploads\/2025\/05\/\u9ad8\u94c1\u536b\u58eb\u8be6\u60c5_01-181x300.jpg 181w, https:\/\/smkbio.com\/wp-content\/uploads\/2025\/05\/\u9ad8\u94c1\u536b\u58eb\u8be6\u60c5_01-484x800.jpg 484w, https:\/\/smkbio.com\/wp-content\/uploads\/2025\/05\/\u9ad8\u94c1\u536b\u58eb\u8be6\u60c5_01-768x1270.jpg 768w, https:\/\/smkbio.com\/wp-content\/uploads\/2025\/05\/\u9ad8\u94c1\u536b\u58eb\u8be6\u60c5_01-430x711.jpg 430w, https:\/\/smkbio.com\/wp-content\/uploads\/2025\/05\/\u9ad8\u94c1\u536b\u58eb\u8be6\u60c5_01-700x1157.jpg 700w, https:\/\/smkbio.com\/wp-content\/uploads\/2025\/05\/\u9ad8\u94c1\u536b\u58eb\u8be6\u60c5_01-150x248.jpg 150w\" sizes=\"(max-width: 790px) 100vw, 790px\" \/> <img decoding=\"async\" class=\"alignnone size-full wp-image-16023\" src=\"https:\/\/smkbio.com\/wp-content\/uploads\/2025\/05\/\u9ad8\u94c1\u536b\u58eb\u8be6\u60c5_02.jpg\" alt=\"\" width=\"790\" height=\"1062\" srcset=\"https:\/\/smkbio.com\/wp-content\/uploads\/2025\/05\/\u9ad8\u94c1\u536b\u58eb\u8be6\u60c5_02.jpg 790w, https:\/\/smkbio.com\/wp-content\/uploads\/2025\/05\/\u9ad8\u94c1\u536b\u58eb\u8be6\u60c5_02-223x300.jpg 223w, https:\/\/smkbio.com\/wp-content\/uploads\/2025\/05\/\u9ad8\u94c1\u536b\u58eb\u8be6\u60c5_02-595x800.jpg 595w, https:\/\/smkbio.com\/wp-content\/uploads\/2025\/05\/\u9ad8\u94c1\u536b\u58eb\u8be6\u60c5_02-768x1032.jpg 768w, https:\/\/smkbio.com\/wp-content\/uploads\/2025\/05\/\u9ad8\u94c1\u536b\u58eb\u8be6\u60c5_02-430x578.jpg 430w, https:\/\/smkbio.com\/wp-content\/uploads\/2025\/05\/\u9ad8\u94c1\u536b\u58eb\u8be6\u60c5_02-700x941.jpg 700w, https:\/\/smkbio.com\/wp-content\/uploads\/2025\/05\/\u9ad8\u94c1\u536b\u58eb\u8be6\u60c5_02-150x202.jpg 150w\" sizes=\"(max-width: 790px) 100vw, 790px\" \/> <img decoding=\"async\" class=\"alignnone size-full wp-image-16024\" src=\"https:\/\/smkbio.com\/wp-content\/uploads\/2025\/05\/\u9ad8\u94c1\u536b\u58eb\u8be6\u60c5_04.jpg\" alt=\"\" width=\"790\" height=\"1269\" srcset=\"https:\/\/smkbio.com\/wp-content\/uploads\/2025\/05\/\u9ad8\u94c1\u536b\u58eb\u8be6\u60c5_04.jpg 790w, https:\/\/smkbio.com\/wp-content\/uploads\/2025\/05\/\u9ad8\u94c1\u536b\u58eb\u8be6\u60c5_04-187x300.jpg 187w, https:\/\/smkbio.com\/wp-content\/uploads\/2025\/05\/\u9ad8\u94c1\u536b\u58eb\u8be6\u60c5_04-498x800.jpg 498w, https:\/\/smkbio.com\/wp-content\/uploads\/2025\/05\/\u9ad8\u94c1\u536b\u58eb\u8be6\u60c5_04-768x1234.jpg 768w, https:\/\/smkbio.com\/wp-content\/uploads\/2025\/05\/\u9ad8\u94c1\u536b\u58eb\u8be6\u60c5_04-430x691.jpg 430w, https:\/\/smkbio.com\/wp-content\/uploads\/2025\/05\/\u9ad8\u94c1\u536b\u58eb\u8be6\u60c5_04-700x1124.jpg 700w, https:\/\/smkbio.com\/wp-content\/uploads\/2025\/05\/\u9ad8\u94c1\u536b\u58eb\u8be6\u60c5_04-150x241.jpg 150w\" sizes=\"(max-width: 790px) 100vw, 790px\" \/> <img loading=\"lazy\" decoding=\"async\" class=\"alignnone size-full wp-image-16025\" src=\"https:\/\/smkbio.com\/wp-content\/uploads\/2025\/05\/\u9ad8\u94c1\u536b\u58eb\u8be6\u60c5_05.jpg\" alt=\"\" width=\"790\" height=\"1497\" srcset=\"https:\/\/smkbio.com\/wp-content\/uploads\/2025\/05\/\u9ad8\u94c1\u536b\u58eb\u8be6\u60c5_05.jpg 790w, https:\/\/smkbio.com\/wp-content\/uploads\/2025\/05\/\u9ad8\u94c1\u536b\u58eb\u8be6\u60c5_05-158x300.jpg 158w, https:\/\/smkbio.com\/wp-content\/uploads\/2025\/05\/\u9ad8\u94c1\u536b\u58eb\u8be6\u60c5_05-422x800.jpg 422w, https:\/\/smkbio.com\/wp-content\/uploads\/2025\/05\/\u9ad8\u94c1\u536b\u58eb\u8be6\u60c5_05-768x1455.jpg 768w, https:\/\/smkbio.com\/wp-content\/uploads\/2025\/05\/\u9ad8\u94c1\u536b\u58eb\u8be6\u60c5_05-430x815.jpg 430w, https:\/\/smkbio.com\/wp-content\/uploads\/2025\/05\/\u9ad8\u94c1\u536b\u58eb\u8be6\u60c5_05-700x1326.jpg 700w, https:\/\/smkbio.com\/wp-content\/uploads\/2025\/05\/\u9ad8\u94c1\u536b\u58eb\u8be6\u60c5_05-150x284.jpg 150w\" sizes=\"(max-width: 790px) 100vw, 790px\" \/> <img loading=\"lazy\" decoding=\"async\" class=\"alignnone size-full wp-image-16026\" src=\"https:\/\/smkbio.com\/wp-content\/uploads\/2025\/05\/\u9ad8\u94c1\u536b\u58eb\u8be6\u60c5_07.jpg\" alt=\"\" width=\"790\" height=\"816\" srcset=\"https:\/\/smkbio.com\/wp-content\/uploads\/2025\/05\/\u9ad8\u94c1\u536b\u58eb\u8be6\u60c5_07.jpg 790w, https:\/\/smkbio.com\/wp-content\/uploads\/2025\/05\/\u9ad8\u94c1\u536b\u58eb\u8be6\u60c5_07-290x300.jpg 290w, https:\/\/smkbio.com\/wp-content\/uploads\/2025\/05\/\u9ad8\u94c1\u536b\u58eb\u8be6\u60c5_07-775x800.jpg 775w, https:\/\/smkbio.com\/wp-content\/uploads\/2025\/05\/\u9ad8\u94c1\u536b\u58eb\u8be6\u60c5_07-768x793.jpg 768w, https:\/\/smkbio.com\/wp-content\/uploads\/2025\/05\/\u9ad8\u94c1\u536b\u58eb\u8be6\u60c5_07-430x444.jpg 430w, https:\/\/smkbio.com\/wp-content\/uploads\/2025\/05\/\u9ad8\u94c1\u536b\u58eb\u8be6\u60c5_07-700x723.jpg 700w, https:\/\/smkbio.com\/wp-content\/uploads\/2025\/05\/\u9ad8\u94c1\u536b\u58eb\u8be6\u60c5_07-150x155.jpg 150w\" sizes=\"(max-width: 790px) 100vw, 790px\" \/><\/p>\n<p>[Fun\u00e7\u00e3o do produto].<br \/>\n1. Degrada\u00e7\u00e3o de subst\u00e2ncias nocivas: Este produto pode libertar oxig\u00e9nio at\u00f3mico, degradando subst\u00e2ncias nocivas como o azoto amoniacal, o nitrito e o sulfureto de hidrog\u00e9nio na \u00e1gua. Ao mesmo tempo, inibe a reprodu\u00e7\u00e3o excessiva de bact\u00e9rias anaer\u00f3bicas e aumenta o potencial de oxida\u00e7\u00e3o-redu\u00e7\u00e3o do tanque.<br \/>\n2. Melhorar o fundo e eliminar o odor, resolvendo eficazmente quest\u00f5es como o fundo quente, o fundo preto e o odor nas fases interm\u00e9dia e final.<br \/>\n3. Melhorar a qualidade da \u00e1gua: Resolver problemas como \u00e1gua turva, espuma excessiva, massa de \u00e1gua espessa, plantas aqu\u00e1ticas sujas e deteriora\u00e7\u00e3o das plantas aqu\u00e1ticas devido \u00e0 deteriora\u00e7\u00e3o da qualidade do fundo<br \/>\nTem um efeito significativo de atenua\u00e7\u00e3o e melhoria da altera\u00e7\u00e3o s\u00fabita da qualidade da \u00e1gua causada pela deteriora\u00e7\u00e3o.<br \/>\n4. Controlo das algas: Para lagos propensos a surtos de algas azuis-verdes durante per\u00edodos de alta temperatura, a utiliza\u00e7\u00e3o deste produto pode cortar a fonte de nutrientes das algas azuis-verdes e obter o efeito de controlo das algas azuis-verdes.<\/p>","protected":false},"excerpt":{"rendered":"<p>Os comprimidos de ferrato de pot\u00e1ssio s\u00e3o utilizados para degradar subst\u00e2ncias nocivas e melhorar o fundo e eliminar o odor e o controlo de algas e purificar a qualidade da \u00e1gua e bactericida e antibacteriano.<\/p>","protected":false},"featured_media":16021,"comment_status":"open","ping_status":"closed","template":"","meta":[],"product_brand":[],"product_cat":[20],"product_tag":[],"class_list":{"0":"post-15986","1":"product","2":"type-product","3":"status-publish","4":"has-post-thumbnail","6":"product_cat-product","8":"first","9":"instock","10":"shipping-taxable","11":"product-type-simple"},"_links":{"self":[{"href":"https:\/\/smkbio.com\/pt\/wp-json\/wp\/v2\/product\/15986","targetHints":{"allow":["GET"]}}],"collection":[{"href":"https:\/\/smkbio.com\/pt\/wp-json\/wp\/v2\/product"}],"about":[{"href":"https:\/\/smkbio.com\/pt\/wp-json\/wp\/v2\/types\/product"}],"replies":[{"embeddable":true,"href":"https:\/\/smkbio.com\/pt\/wp-json\/wp\/v2\/comments?post=15986"}],"version-history":[{"count":1,"href":"https:\/\/smkbio.com\/pt\/wp-json\/wp\/v2\/product\/15986\/revisions"}],"predecessor-version":[{"id":16027,"href":"https:\/\/smkbio.com\/pt\/wp-json\/wp\/v2\/product\/15986\/revisions\/16027"}],"wp:featuredmedia":[{"embeddable":true,"href":"https:\/\/smkbio.com\/pt\/wp-json\/wp\/v2\/media\/16021"}],"wp:attachment":[{"href":"https:\/\/smkbio.com\/pt\/wp-json\/wp\/v2\/media?parent=15986"}],"wp:term":[{"taxonomy":"product_brand","embeddable":true,"href":"https:\/\/smkbio.com\/pt\/wp-json\/wp\/v2\/product_brand?post=15986"},{"taxonomy":"product_cat","embeddable":true,"href":"https:\/\/smkbio.com\/pt\/wp-json\/wp\/v2\/product_cat?post=15986"},{"taxonomy":"product_tag","embeddable":true,"href":"https:\/\/smkbio.com\/pt\/wp-json\/wp\/v2\/product_tag?post=15986"}],"curies":[{"name":"wp","href":"https:\/\/api.w.org\/{rel}","templated":true}]}}