{"id":15987,"date":"2025-05-20T06:07:00","date_gmt":"2025-05-20T06:07:00","guid":{"rendered":"https:\/\/smkbio.com\/?post_type=product&#038;p=15987"},"modified":"2025-07-17T09:00:25","modified_gmt":"2025-07-17T09:00:25","slug":"guanidinoacetic-acid","status":"publish","type":"product","link":"https:\/\/smkbio.com\/pt\/produto\/guanidinoacetic-acid\/","title":{"rendered":"\u00c1cido guanidinoac\u00e9tico"},"content":{"rendered":"<p><img fetchpriority=\"high\" decoding=\"async\" class=\"alignnone size-full wp-image-16031\" src=\"https:\/\/smkbio.com\/wp-content\/uploads\/2025\/05\/\u80cd\u57fa\u4e59\u9178\u8be6\u60c5_01.jpg\" alt=\"\" width=\"790\" height=\"1306\" srcset=\"https:\/\/smkbio.com\/wp-content\/uploads\/2025\/05\/\u80cd\u57fa\u4e59\u9178\u8be6\u60c5_01.jpg 790w, https:\/\/smkbio.com\/wp-content\/uploads\/2025\/05\/\u80cd\u57fa\u4e59\u9178\u8be6\u60c5_01-181x300.jpg 181w, https:\/\/smkbio.com\/wp-content\/uploads\/2025\/05\/\u80cd\u57fa\u4e59\u9178\u8be6\u60c5_01-484x800.jpg 484w, https:\/\/smkbio.com\/wp-content\/uploads\/2025\/05\/\u80cd\u57fa\u4e59\u9178\u8be6\u60c5_01-768x1270.jpg 768w, https:\/\/smkbio.com\/wp-content\/uploads\/2025\/05\/\u80cd\u57fa\u4e59\u9178\u8be6\u60c5_01-430x711.jpg 430w, https:\/\/smkbio.com\/wp-content\/uploads\/2025\/05\/\u80cd\u57fa\u4e59\u9178\u8be6\u60c5_01-700x1157.jpg 700w, https:\/\/smkbio.com\/wp-content\/uploads\/2025\/05\/\u80cd\u57fa\u4e59\u9178\u8be6\u60c5_01-150x248.jpg 150w\" sizes=\"(max-width: 790px) 100vw, 790px\" \/> <img decoding=\"async\" class=\"alignnone size-full wp-image-16032\" src=\"https:\/\/smkbio.com\/wp-content\/uploads\/2025\/05\/\u80cd\u57fa\u4e59\u9178\u8be6\u60c5_02.jpg\" alt=\"\" width=\"790\" height=\"1062\" srcset=\"https:\/\/smkbio.com\/wp-content\/uploads\/2025\/05\/\u80cd\u57fa\u4e59\u9178\u8be6\u60c5_02.jpg 790w, https:\/\/smkbio.com\/wp-content\/uploads\/2025\/05\/\u80cd\u57fa\u4e59\u9178\u8be6\u60c5_02-223x300.jpg 223w, https:\/\/smkbio.com\/wp-content\/uploads\/2025\/05\/\u80cd\u57fa\u4e59\u9178\u8be6\u60c5_02-595x800.jpg 595w, https:\/\/smkbio.com\/wp-content\/uploads\/2025\/05\/\u80cd\u57fa\u4e59\u9178\u8be6\u60c5_02-768x1032.jpg 768w, https:\/\/smkbio.com\/wp-content\/uploads\/2025\/05\/\u80cd\u57fa\u4e59\u9178\u8be6\u60c5_02-430x578.jpg 430w, https:\/\/smkbio.com\/wp-content\/uploads\/2025\/05\/\u80cd\u57fa\u4e59\u9178\u8be6\u60c5_02-700x941.jpg 700w, https:\/\/smkbio.com\/wp-content\/uploads\/2025\/05\/\u80cd\u57fa\u4e59\u9178\u8be6\u60c5_02-150x202.jpg 150w\" sizes=\"(max-width: 790px) 100vw, 790px\" \/> <img decoding=\"async\" class=\"alignnone size-full wp-image-16033\" src=\"https:\/\/smkbio.com\/wp-content\/uploads\/2025\/05\/\u80cd\u57fa\u4e59\u9178\u8be6\u60c5_03.jpg\" alt=\"\" width=\"790\" height=\"1468\" srcset=\"https:\/\/smkbio.com\/wp-content\/uploads\/2025\/05\/\u80cd\u57fa\u4e59\u9178\u8be6\u60c5_03.jpg 790w, https:\/\/smkbio.com\/wp-content\/uploads\/2025\/05\/\u80cd\u57fa\u4e59\u9178\u8be6\u60c5_03-161x300.jpg 161w, https:\/\/smkbio.com\/wp-content\/uploads\/2025\/05\/\u80cd\u57fa\u4e59\u9178\u8be6\u60c5_03-431x800.jpg 431w, https:\/\/smkbio.com\/wp-content\/uploads\/2025\/05\/\u80cd\u57fa\u4e59\u9178\u8be6\u60c5_03-768x1427.jpg 768w, https:\/\/smkbio.com\/wp-content\/uploads\/2025\/05\/\u80cd\u57fa\u4e59\u9178\u8be6\u60c5_03-430x799.jpg 430w, https:\/\/smkbio.com\/wp-content\/uploads\/2025\/05\/\u80cd\u57fa\u4e59\u9178\u8be6\u60c5_03-700x1301.jpg 700w, https:\/\/smkbio.com\/wp-content\/uploads\/2025\/05\/\u80cd\u57fa\u4e59\u9178\u8be6\u60c5_03-150x279.jpg 150w\" sizes=\"(max-width: 790px) 100vw, 790px\" \/> <img loading=\"lazy\" decoding=\"async\" class=\"alignnone size-full wp-image-16034\" src=\"https:\/\/smkbio.com\/wp-content\/uploads\/2025\/05\/\u80cd\u57fa\u4e59\u9178\u8be6\u60c5_04.jpg\" alt=\"\" width=\"790\" height=\"1269\" srcset=\"https:\/\/smkbio.com\/wp-content\/uploads\/2025\/05\/\u80cd\u57fa\u4e59\u9178\u8be6\u60c5_04.jpg 790w, https:\/\/smkbio.com\/wp-content\/uploads\/2025\/05\/\u80cd\u57fa\u4e59\u9178\u8be6\u60c5_04-187x300.jpg 187w, https:\/\/smkbio.com\/wp-content\/uploads\/2025\/05\/\u80cd\u57fa\u4e59\u9178\u8be6\u60c5_04-498x800.jpg 498w, https:\/\/smkbio.com\/wp-content\/uploads\/2025\/05\/\u80cd\u57fa\u4e59\u9178\u8be6\u60c5_04-768x1234.jpg 768w, https:\/\/smkbio.com\/wp-content\/uploads\/2025\/05\/\u80cd\u57fa\u4e59\u9178\u8be6\u60c5_04-430x691.jpg 430w, https:\/\/smkbio.com\/wp-content\/uploads\/2025\/05\/\u80cd\u57fa\u4e59\u9178\u8be6\u60c5_04-700x1124.jpg 700w, https:\/\/smkbio.com\/wp-content\/uploads\/2025\/05\/\u80cd\u57fa\u4e59\u9178\u8be6\u60c5_04-150x241.jpg 150w\" sizes=\"(max-width: 790px) 100vw, 790px\" \/> <img loading=\"lazy\" decoding=\"async\" class=\"alignnone size-full wp-image-16035\" src=\"https:\/\/smkbio.com\/wp-content\/uploads\/2025\/05\/\u80cd\u57fa\u4e59\u9178\u8be6\u60c5_05.jpg\" alt=\"\" width=\"790\" height=\"1497\" srcset=\"https:\/\/smkbio.com\/wp-content\/uploads\/2025\/05\/\u80cd\u57fa\u4e59\u9178\u8be6\u60c5_05.jpg 790w, https:\/\/smkbio.com\/wp-content\/uploads\/2025\/05\/\u80cd\u57fa\u4e59\u9178\u8be6\u60c5_05-158x300.jpg 158w, https:\/\/smkbio.com\/wp-content\/uploads\/2025\/05\/\u80cd\u57fa\u4e59\u9178\u8be6\u60c5_05-422x800.jpg 422w, https:\/\/smkbio.com\/wp-content\/uploads\/2025\/05\/\u80cd\u57fa\u4e59\u9178\u8be6\u60c5_05-768x1455.jpg 768w, https:\/\/smkbio.com\/wp-content\/uploads\/2025\/05\/\u80cd\u57fa\u4e59\u9178\u8be6\u60c5_05-430x815.jpg 430w, https:\/\/smkbio.com\/wp-content\/uploads\/2025\/05\/\u80cd\u57fa\u4e59\u9178\u8be6\u60c5_05-700x1326.jpg 700w, https:\/\/smkbio.com\/wp-content\/uploads\/2025\/05\/\u80cd\u57fa\u4e59\u9178\u8be6\u60c5_05-150x284.jpg 150w\" sizes=\"(max-width: 790px) 100vw, 790px\" \/> <img loading=\"lazy\" decoding=\"async\" class=\"alignnone size-full wp-image-16036\" src=\"https:\/\/smkbio.com\/wp-content\/uploads\/2025\/05\/\u80cd\u57fa\u4e59\u9178\u8be6\u60c5_06.jpg\" alt=\"\" width=\"790\" height=\"1414\" srcset=\"https:\/\/smkbio.com\/wp-content\/uploads\/2025\/05\/\u80cd\u57fa\u4e59\u9178\u8be6\u60c5_06.jpg 790w, https:\/\/smkbio.com\/wp-content\/uploads\/2025\/05\/\u80cd\u57fa\u4e59\u9178\u8be6\u60c5_06-168x300.jpg 168w, https:\/\/smkbio.com\/wp-content\/uploads\/2025\/05\/\u80cd\u57fa\u4e59\u9178\u8be6\u60c5_06-447x800.jpg 447w, https:\/\/smkbio.com\/wp-content\/uploads\/2025\/05\/\u80cd\u57fa\u4e59\u9178\u8be6\u60c5_06-768x1375.jpg 768w, https:\/\/smkbio.com\/wp-content\/uploads\/2025\/05\/\u80cd\u57fa\u4e59\u9178\u8be6\u60c5_06-430x770.jpg 430w, https:\/\/smkbio.com\/wp-content\/uploads\/2025\/05\/\u80cd\u57fa\u4e59\u9178\u8be6\u60c5_06-700x1253.jpg 700w, https:\/\/smkbio.com\/wp-content\/uploads\/2025\/05\/\u80cd\u57fa\u4e59\u9178\u8be6\u60c5_06-150x268.jpg 150w\" sizes=\"(max-width: 790px) 100vw, 790px\" \/> <img loading=\"lazy\" decoding=\"async\" class=\"alignnone size-full wp-image-16037\" src=\"https:\/\/smkbio.com\/wp-content\/uploads\/2025\/05\/\u80cd\u57fa\u4e59\u9178\u8be6\u60c5_07.jpg\" alt=\"\" width=\"790\" height=\"816\" srcset=\"https:\/\/smkbio.com\/wp-content\/uploads\/2025\/05\/\u80cd\u57fa\u4e59\u9178\u8be6\u60c5_07.jpg 790w, https:\/\/smkbio.com\/wp-content\/uploads\/2025\/05\/\u80cd\u57fa\u4e59\u9178\u8be6\u60c5_07-290x300.jpg 290w, https:\/\/smkbio.com\/wp-content\/uploads\/2025\/05\/\u80cd\u57fa\u4e59\u9178\u8be6\u60c5_07-775x800.jpg 775w, https:\/\/smkbio.com\/wp-content\/uploads\/2025\/05\/\u80cd\u57fa\u4e59\u9178\u8be6\u60c5_07-768x793.jpg 768w, https:\/\/smkbio.com\/wp-content\/uploads\/2025\/05\/\u80cd\u57fa\u4e59\u9178\u8be6\u60c5_07-430x444.jpg 430w, https:\/\/smkbio.com\/wp-content\/uploads\/2025\/05\/\u80cd\u57fa\u4e59\u9178\u8be6\u60c5_07-700x723.jpg 700w, https:\/\/smkbio.com\/wp-content\/uploads\/2025\/05\/\u80cd\u57fa\u4e59\u9178\u8be6\u60c5_07-150x155.jpg 150w\" sizes=\"(max-width: 790px) 100vw, 790px\" \/><\/p>\n<p>Carater\u00edstica:<br \/>\n1. real\u00e7ar o sabor.<br \/>\n2 - Acelerar o crescimento.<br \/>\n3.lmelhorar a figura dos animais.<br \/>\n4.lMelhorar o r\u00e1cio de convers\u00e3o alimentar.<br \/>\nMecanismo de a\u00e7\u00e3o;<br \/>\n1. o \u00e1cido guanidinoac\u00e9tico pode melhorar a figura dos animais quando utilizado como alimento<br \/>\naditivo e intermedi\u00e1rio na s\u00edntese org\u00e2nica: a sua fun\u00e7\u00e3o no melhoramento de<br \/>\na figura dos animais \u00e9 especialmente significativa e permite que o dorso largo e cheio e<br \/>\nancas firmes.<br \/>\n2. promover o crescimento de bovinos e ovinos: O \u00e1cido guanidinoac\u00e9tico \u00e9 o precursor<br \/>\nde creatina.lt \u00e9 de desempenho est\u00e1vel e alta taxa de absor\u00e7\u00e3o e pode causar<br \/>\nmais energia utilizada para a s\u00edntese do tecido muscular. Pode aumentar o peso<br \/>\nganho dos bovinos e ovinos em mais de7%, promover o crescimento e a engorda e<br \/>\nDa\u00ed que se chegue 7 a 10 dias mais cedo ao mercado.<br \/>\n3. qualidade consistente e utiliza\u00e7\u00e3o segura: O \u00e1cido guanidinoac\u00e9tico \u00e9 eventualmente removido<br \/>\ndo organismo sob a forma de creatinina, sem res\u00edduos no organismo e eficazmente<br \/>\nsuperar a rea\u00e7\u00e3o t\u00f3xica e o efeito secund\u00e1rio de muitas drogas proibidas, tais como a magra<br \/>\ncarne em p\u00f3, o que lhe confere uma boa seguran\u00e7a.<br \/>\n4. Melhorar a cor da carne: o suplemento de creatina reduz a produ\u00e7\u00e3o de<br \/>\nOs radicais livres nas mitoc\u00f4ndrias permitem melhorar a cor e a qualidade da carne,<br \/>\nacelera a s\u00edntese de ATP nos m\u00fasculos e reduz o stress t\u00e9rmico dos animais<br \/>\nno transporte e transfer\u00eancia de popula\u00e7\u00e3o.<br \/>\n5.lMelhorar o desempenho reprodutivo dos bovinos e ovinos: fornecer<br \/>\nenergia para as g\u00f3nadas, e aumenta o n\u00famero e a vitalidade dos espermatoz\u00f3ides no s\u00e9men.<\/p>","protected":false},"excerpt":{"rendered":"<p>O \u00e1cido guanidinoac\u00e9tico \u00e9 utilizado para real\u00e7ar o sabor e acelerar o crescimento e melhorar a figura dos animais e o r\u00e1cio de convers\u00e3o alimentar para bovinos de carne, ovinos de carneiro e outros ruminantes.<\/p>","protected":false},"featured_media":16028,"comment_status":"open","ping_status":"closed","template":"","meta":[],"product_brand":[],"product_cat":[20],"product_tag":[],"class_list":{"0":"post-15987","1":"product","2":"type-product","3":"status-publish","4":"has-post-thumbnail","6":"product_cat-product","8":"first","9":"instock","10":"shipping-taxable","11":"product-type-simple"},"_links":{"self":[{"href":"https:\/\/smkbio.com\/pt\/wp-json\/wp\/v2\/product\/15987","targetHints":{"allow":["GET"]}}],"collection":[{"href":"https:\/\/smkbio.com\/pt\/wp-json\/wp\/v2\/product"}],"about":[{"href":"https:\/\/smkbio.com\/pt\/wp-json\/wp\/v2\/types\/product"}],"replies":[{"embeddable":true,"href":"https:\/\/smkbio.com\/pt\/wp-json\/wp\/v2\/comments?post=15987"}],"version-history":[{"count":1,"href":"https:\/\/smkbio.com\/pt\/wp-json\/wp\/v2\/product\/15987\/revisions"}],"predecessor-version":[{"id":16038,"href":"https:\/\/smkbio.com\/pt\/wp-json\/wp\/v2\/product\/15987\/revisions\/16038"}],"wp:featuredmedia":[{"embeddable":true,"href":"https:\/\/smkbio.com\/pt\/wp-json\/wp\/v2\/media\/16028"}],"wp:attachment":[{"href":"https:\/\/smkbio.com\/pt\/wp-json\/wp\/v2\/media?parent=15987"}],"wp:term":[{"taxonomy":"product_brand","embeddable":true,"href":"https:\/\/smkbio.com\/pt\/wp-json\/wp\/v2\/product_brand?post=15987"},{"taxonomy":"product_cat","embeddable":true,"href":"https:\/\/smkbio.com\/pt\/wp-json\/wp\/v2\/product_cat?post=15987"},{"taxonomy":"product_tag","embeddable":true,"href":"https:\/\/smkbio.com\/pt\/wp-json\/wp\/v2\/product_tag?post=15987"}],"curies":[{"name":"wp","href":"https:\/\/api.w.org\/{rel}","templated":true}]}}