{"id":15990,"date":"2025-05-20T06:07:03","date_gmt":"2025-05-20T06:07:03","guid":{"rendered":"https:\/\/smkbio.com\/?post_type=product&#038;p=15990"},"modified":"2026-02-18T12:44:26","modified_gmt":"2026-02-18T12:44:26","slug":"aquatic-multivitamins-and-minerals","status":"publish","type":"product","link":"https:\/\/smkbio.com\/pt\/produto\/aquatic-multivitamins-and-minerals\/","title":{"rendered":"Multivitaminas e minerais aqu\u00e1ticos"},"content":{"rendered":"<p><img fetchpriority=\"high\" decoding=\"async\" class=\"alignnone size-full wp-image-16062\" src=\"https:\/\/smkbio.com\/wp-content\/uploads\/2025\/05\/\u6c34\u4ea7\u591a\u7ef4\u591a\u77ff\u8be6\u60c5_01.jpg\" alt=\"\" width=\"790\" height=\"1306\" srcset=\"https:\/\/smkbio.com\/wp-content\/uploads\/2025\/05\/\u6c34\u4ea7\u591a\u7ef4\u591a\u77ff\u8be6\u60c5_01.jpg 790w, https:\/\/smkbio.com\/wp-content\/uploads\/2025\/05\/\u6c34\u4ea7\u591a\u7ef4\u591a\u77ff\u8be6\u60c5_01-181x300.jpg 181w, https:\/\/smkbio.com\/wp-content\/uploads\/2025\/05\/\u6c34\u4ea7\u591a\u7ef4\u591a\u77ff\u8be6\u60c5_01-484x800.jpg 484w, https:\/\/smkbio.com\/wp-content\/uploads\/2025\/05\/\u6c34\u4ea7\u591a\u7ef4\u591a\u77ff\u8be6\u60c5_01-768x1270.jpg 768w, https:\/\/smkbio.com\/wp-content\/uploads\/2025\/05\/\u6c34\u4ea7\u591a\u7ef4\u591a\u77ff\u8be6\u60c5_01-430x711.jpg 430w, https:\/\/smkbio.com\/wp-content\/uploads\/2025\/05\/\u6c34\u4ea7\u591a\u7ef4\u591a\u77ff\u8be6\u60c5_01-700x1157.jpg 700w, https:\/\/smkbio.com\/wp-content\/uploads\/2025\/05\/\u6c34\u4ea7\u591a\u7ef4\u591a\u77ff\u8be6\u60c5_01-150x248.jpg 150w\" sizes=\"(max-width: 790px) 100vw, 790px\" \/> <img decoding=\"async\" class=\"alignnone size-full wp-image-16063\" src=\"https:\/\/smkbio.com\/wp-content\/uploads\/2025\/05\/\u6c34\u4ea7\u591a\u7ef4\u591a\u77ff\u8be6\u60c5_02.jpg\" alt=\"\" width=\"790\" height=\"1062\" srcset=\"https:\/\/smkbio.com\/wp-content\/uploads\/2025\/05\/\u6c34\u4ea7\u591a\u7ef4\u591a\u77ff\u8be6\u60c5_02.jpg 790w, https:\/\/smkbio.com\/wp-content\/uploads\/2025\/05\/\u6c34\u4ea7\u591a\u7ef4\u591a\u77ff\u8be6\u60c5_02-223x300.jpg 223w, https:\/\/smkbio.com\/wp-content\/uploads\/2025\/05\/\u6c34\u4ea7\u591a\u7ef4\u591a\u77ff\u8be6\u60c5_02-595x800.jpg 595w, https:\/\/smkbio.com\/wp-content\/uploads\/2025\/05\/\u6c34\u4ea7\u591a\u7ef4\u591a\u77ff\u8be6\u60c5_02-768x1032.jpg 768w, https:\/\/smkbio.com\/wp-content\/uploads\/2025\/05\/\u6c34\u4ea7\u591a\u7ef4\u591a\u77ff\u8be6\u60c5_02-430x578.jpg 430w, https:\/\/smkbio.com\/wp-content\/uploads\/2025\/05\/\u6c34\u4ea7\u591a\u7ef4\u591a\u77ff\u8be6\u60c5_02-700x941.jpg 700w, https:\/\/smkbio.com\/wp-content\/uploads\/2025\/05\/\u6c34\u4ea7\u591a\u7ef4\u591a\u77ff\u8be6\u60c5_02-150x202.jpg 150w\" sizes=\"(max-width: 790px) 100vw, 790px\" \/> <img decoding=\"async\" class=\"alignnone size-full wp-image-16064\" src=\"https:\/\/smkbio.com\/wp-content\/uploads\/2025\/05\/\u6c34\u4ea7\u591a\u7ef4\u591a\u77ff\u8be6\u60c5_04.jpg\" alt=\"\" width=\"790\" height=\"1269\" srcset=\"https:\/\/smkbio.com\/wp-content\/uploads\/2025\/05\/\u6c34\u4ea7\u591a\u7ef4\u591a\u77ff\u8be6\u60c5_04.jpg 790w, https:\/\/smkbio.com\/wp-content\/uploads\/2025\/05\/\u6c34\u4ea7\u591a\u7ef4\u591a\u77ff\u8be6\u60c5_04-187x300.jpg 187w, https:\/\/smkbio.com\/wp-content\/uploads\/2025\/05\/\u6c34\u4ea7\u591a\u7ef4\u591a\u77ff\u8be6\u60c5_04-498x800.jpg 498w, https:\/\/smkbio.com\/wp-content\/uploads\/2025\/05\/\u6c34\u4ea7\u591a\u7ef4\u591a\u77ff\u8be6\u60c5_04-768x1234.jpg 768w, https:\/\/smkbio.com\/wp-content\/uploads\/2025\/05\/\u6c34\u4ea7\u591a\u7ef4\u591a\u77ff\u8be6\u60c5_04-430x691.jpg 430w, https:\/\/smkbio.com\/wp-content\/uploads\/2025\/05\/\u6c34\u4ea7\u591a\u7ef4\u591a\u77ff\u8be6\u60c5_04-700x1124.jpg 700w, https:\/\/smkbio.com\/wp-content\/uploads\/2025\/05\/\u6c34\u4ea7\u591a\u7ef4\u591a\u77ff\u8be6\u60c5_04-150x241.jpg 150w\" sizes=\"(max-width: 790px) 100vw, 790px\" \/> <img loading=\"lazy\" decoding=\"async\" class=\"alignnone size-full wp-image-16065\" src=\"https:\/\/smkbio.com\/wp-content\/uploads\/2025\/05\/\u6c34\u4ea7\u591a\u7ef4\u591a\u77ff\u8be6\u60c5_07.jpg\" alt=\"\" width=\"790\" height=\"816\" srcset=\"https:\/\/smkbio.com\/wp-content\/uploads\/2025\/05\/\u6c34\u4ea7\u591a\u7ef4\u591a\u77ff\u8be6\u60c5_07.jpg 790w, https:\/\/smkbio.com\/wp-content\/uploads\/2025\/05\/\u6c34\u4ea7\u591a\u7ef4\u591a\u77ff\u8be6\u60c5_07-290x300.jpg 290w, https:\/\/smkbio.com\/wp-content\/uploads\/2025\/05\/\u6c34\u4ea7\u591a\u7ef4\u591a\u77ff\u8be6\u60c5_07-775x800.jpg 775w, https:\/\/smkbio.com\/wp-content\/uploads\/2025\/05\/\u6c34\u4ea7\u591a\u7ef4\u591a\u77ff\u8be6\u60c5_07-768x793.jpg 768w, https:\/\/smkbio.com\/wp-content\/uploads\/2025\/05\/\u6c34\u4ea7\u591a\u7ef4\u591a\u77ff\u8be6\u60c5_07-430x444.jpg 430w, https:\/\/smkbio.com\/wp-content\/uploads\/2025\/05\/\u6c34\u4ea7\u591a\u7ef4\u591a\u77ff\u8be6\u60c5_07-700x723.jpg 700w, https:\/\/smkbio.com\/wp-content\/uploads\/2025\/05\/\u6c34\u4ea7\u591a\u7ef4\u591a\u77ff\u8be6\u60c5_07-150x155.jpg 150w\" sizes=\"(max-width: 790px) 100vw, 790px\" \/><\/p>\n<p>As multivitaminas e minerais aqu\u00e1ticos s\u00e3o aditivos de v\u00e1rios oligoelementos e vitaminas. Para al\u00e9m de macronutrientes como o c\u00e1lcio e o magn\u00e9sio, os componentes dos multiminerais incluem tamb\u00e9m oligoelementos como o ferro, o zinco, o sel\u00e9nio e o cobre, conhecidos coletivamente como minerais m\u00faltiplos. Pertencem tamb\u00e9m aos nutrientes e podem ser utilizados como aditivos para a alimenta\u00e7\u00e3o animal, bem como para a pulveriza\u00e7\u00e3o de \u00e1gua. Quando h\u00e1 falta de oligoelementos na massa de \u00e1gua, a taxa de crescimento dos peixes abranda e os camar\u00f5es e caranguejos n\u00e3o conseguem fazer a muda corretamente. Os oligoelementos s\u00e3o tamb\u00e9m os nutrientes de v\u00e1rias algas e bact\u00e9rias ben\u00e9ficas nas massas de \u00e1gua. Quando estes s\u00e3o deficientes, o crescimento de algas e bact\u00e9rias ben\u00e9ficas tamb\u00e9m \u00e9 afetado, o que n\u00e3o favorece a regula\u00e7\u00e3o da qualidade da \u00e1gua, a estabilidade das massas de \u00e1gua e a capacidade de amortecimento das massas de \u00e1gua diminui. A utiliza\u00e7\u00e3o regular de v\u00e1rios minerais pode n\u00e3o s\u00f3 estabilizar a \u00e1gua, mas tamb\u00e9m promover o crescimento e a reprodu\u00e7\u00e3o de bact\u00e9rias e algas.<\/p>","protected":false},"excerpt":{"rendered":"<p>Multivitaminas e minerais aqu\u00e1ticos adicionados aos alimentos aqu\u00e1ticos para satisfazer as necessidades nutricionais dos oligoelementos.<\/p>","protected":false},"featured_media":16060,"comment_status":"open","ping_status":"closed","template":"","meta":[],"product_brand":[],"product_cat":[20],"product_tag":[],"class_list":{"0":"post-15990","1":"product","2":"type-product","3":"status-publish","4":"has-post-thumbnail","6":"product_cat-product","8":"first","9":"instock","10":"shipping-taxable","11":"product-type-simple"},"_links":{"self":[{"href":"https:\/\/smkbio.com\/pt\/wp-json\/wp\/v2\/product\/15990","targetHints":{"allow":["GET"]}}],"collection":[{"href":"https:\/\/smkbio.com\/pt\/wp-json\/wp\/v2\/product"}],"about":[{"href":"https:\/\/smkbio.com\/pt\/wp-json\/wp\/v2\/types\/product"}],"replies":[{"embeddable":true,"href":"https:\/\/smkbio.com\/pt\/wp-json\/wp\/v2\/comments?post=15990"}],"version-history":[{"count":1,"href":"https:\/\/smkbio.com\/pt\/wp-json\/wp\/v2\/product\/15990\/revisions"}],"predecessor-version":[{"id":16066,"href":"https:\/\/smkbio.com\/pt\/wp-json\/wp\/v2\/product\/15990\/revisions\/16066"}],"wp:featuredmedia":[{"embeddable":true,"href":"https:\/\/smkbio.com\/pt\/wp-json\/wp\/v2\/media\/16060"}],"wp:attachment":[{"href":"https:\/\/smkbio.com\/pt\/wp-json\/wp\/v2\/media?parent=15990"}],"wp:term":[{"taxonomy":"product_brand","embeddable":true,"href":"https:\/\/smkbio.com\/pt\/wp-json\/wp\/v2\/product_brand?post=15990"},{"taxonomy":"product_cat","embeddable":true,"href":"https:\/\/smkbio.com\/pt\/wp-json\/wp\/v2\/product_cat?post=15990"},{"taxonomy":"product_tag","embeddable":true,"href":"https:\/\/smkbio.com\/pt\/wp-json\/wp\/v2\/product_tag?post=15990"}],"curies":[{"name":"wp","href":"https:\/\/api.w.org\/{rel}","templated":true}]}}